{"id":18105,"date":"2024-08-29T21:07:35","date_gmt":"2024-08-29T21:07:35","guid":{"rendered":"https:\/\/www.sonatus.com\/cas-dutilisation\/vehicules-utilitaires-cas-dutilisation\/"},"modified":"2024-12-14T20:18:40","modified_gmt":"2024-12-14T20:18:40","slug":"vehicules-utilitaires-cas-dutilisation","status":"publish","type":"page","link":"https:\/\/www.sonatus.com\/fr\/cas-dutilisation\/vehicules-utilitaires-cas-dutilisation\/","title":{"rendered":"V\u00e9hicules utilitaires&nbsp;: cas d\u2019utilisation"},"content":{"rendered":"<section class=\"wpb-content-wrapper\">[vc_row full_width=&#8221;stretch_row&#8221; el_class=&#8221;use-case-hero&#8221; css=&#8221;.vc_custom_1711739580401{background-image: url(https:\/\/www.sonatus.com\/wp-content\/uploads\/2023\/05\/use-case-hero-bg.jpg?id=933) !important;background-position: center !important;background-repeat: no-repeat !important;background-size: cover !important;}&#8221; wpex_bg_position=&#8221;top left&#8221;][vc_column]<style>.vcex-heading.vcex_69f11e9e20720{font-size:var(--wpex-text-xl);}<\/style><div class=\"vcex-heading vcex-heading-plain vcex-module wpex-text-2xl wpex-font-normal vc_custom_1724739181378 label vcex_69f11e9e20720\"><span class=\"vcex-heading-inner wpex-inline-block\">V\u00e9hicules utilitaires | Cas d\u2019utilisation<\/span><\/div><h1 class=\"vcex-heading vcex-heading-plain vcex-module wpex-text-2xl wpex-font-normal use-case-hero__heading\"><span class=\"vcex-heading-inner wpex-inline-block\">Relever les d\u00e9fis<br \/>\ndes v\u00e9hicules utilitaires pour une mobilit\u00e9 innovante et durable<br \/><\/span><\/h1>[vc_column_text align=&#8221;left&#8221; el_class=&#8221;use-case-hero__content clear&#8221; width=&#8221;900&#8243; css=&#8221;.vc_custom_1734207478016{margin-bottom: 30px !important;}&#8221;]Sonatus accompagne les constructeurs de v\u00e9hicules utilitaires pour r\u00e9pondre efficacement aux exigences croissantes des multiples cas d\u2019usage en transport et mobilit\u00e9. Nos solutions logicielles permettent de d\u00e9velopper des v\u00e9hicules plus sophistiqu\u00e9s, faciles \u00e0 entretenir et modulables, tout en int\u00e9grant des services de flotte connect\u00e9s pour am\u00e9liorer l\u2019efficacit\u00e9 op\u00e9rationnelle.<\/p>\n<p>Explorez nos cas d\u2019utilisation pour d\u00e9couvrir comment Sonatus transforme les flottes commerciales, en facilitant leur gestion, leur entretien et leur optimisation pour r\u00e9pondre aux besoins dynamiques du transport d\u2019aujourd\u2019hui.[\/vc_column_text][\/vc_column][\/vc_row][vc_row el_class=&#8221;use-case__wrap&#8221; css=&#8221;.vc_custom_1712128826534{background-color: #ffffff !important;}&#8221;][vc_column el_class=&#8221;use-case__nav js-active&#8221;][vc_row_inner css=&#8221;.vc_custom_1711439892439{padding-top: 0px !important;}&#8221;][vc_column_inner width=&#8221;1\/4&#8243;]<style>.vcex-image.vcex_69f11e9e21a37 .vcex-image-img{border-radius:var(--wpex-rounded);}<\/style><figure class=\"vcex-image vcex-module vcex_69f11e9e21a37\"><div class=\"vcex-image-inner wpex-relative wpex-inline-block\"><img width=\"2560\" height=\"1991\" src=\"https:\/\/www.sonatus.com\/wp-content\/uploads\/2024\/08\/AdobeStock_791401418-scaled.jpeg\" class=\"vcex-image-img wpex-align-middle\" alt=\"Three White Delivery Trucks vans fleet of cargo trucks courier service Warehouse Building\" loading=\"lazy\" decoding=\"async\" srcset=\"https:\/\/www.sonatus.com\/wp-content\/uploads\/2024\/08\/AdobeStock_791401418-scaled.jpeg 2560w, https:\/\/www.sonatus.com\/wp-content\/uploads\/2024\/08\/AdobeStock_791401418-300x233.jpeg 300w, https:\/\/www.sonatus.com\/wp-content\/uploads\/2024\/08\/AdobeStock_791401418-1024x796.jpeg 1024w, https:\/\/www.sonatus.com\/wp-content\/uploads\/2024\/08\/AdobeStock_791401418-768x597.jpeg 768w, https:\/\/www.sonatus.com\/wp-content\/uploads\/2024\/08\/AdobeStock_791401418-1536x1195.jpeg 1536w, https:\/\/www.sonatus.com\/wp-content\/uploads\/2024\/08\/AdobeStock_791401418-2048x1593.jpeg 2048w\" sizes=\"auto, (max-width: 2560px) 100vw, 2560px\" \/><\/div><\/figure>[\/vc_column_inner][vc_column_inner width=&#8221;3\/4&#8243;]<div class=\"vcex-heading vcex-heading-plain vcex-module wpex-text-2xl wpex-font-normal label\"><span class=\"vcex-heading-inner wpex-inline-block\">Conception et ing\u00e9nierie<\/span><\/div><h2 class=\"vcex-heading vcex-heading-plain vcex-module wpex-text-2xl wpex-font-normal\"><span class=\"vcex-heading-inner wpex-inline-block\">Servir le segment des v\u00e9hicules utilitaires avec des plateformes communes<\/span><\/h2>[vc_column_text]L\u2019augmentation de l\u2019urbanisation, la croissance de l\u2019e-commerce et l\u2019\u00e9volution vers des solutions de mobilit\u00e9 durables et efficaces sont \u00e0 l\u2019origine de la hausse de la demande de v\u00e9hicules commerciaux de tous types.[\/vc_column_text][vc_empty_space height=&#8221;7px&#8221;]<a href=\"https:\/\/www.sonatus.com\/fr\/cas-dutilisation\/servir-le-segment-des-vehicules-utilitaires-avec-des-plateformes-communes\/\" class=\"vcex-button theme-button c-text-button align-left inline clear\"><span class=\"vcex-button-inner theme-button-inner\">En savoir plus<\/span><\/a> [\/vc_column_inner][\/vc_row_inner][vc_row_inner css=&#8221;.vc_custom_1711439984539{padding-top: 0px !important;}&#8221; el_id=&#8221;value-added-services&#8221;][vc_column_inner width=&#8221;1\/4&#8243;]<figure class=\"vcex-image vcex-module\"><div class=\"vcex-image-inner wpex-relative wpex-inline-block\"><img width=\"765\" height=\"510\" src=\"https:\/\/www.sonatus.com\/wp-content\/uploads\/2023\/09\/van-fleet-use-case-vs01-1.png\" class=\"vcex-image-img wpex-align-middle\" alt=\"fleet applications use case\" loading=\"lazy\" decoding=\"async\" srcset=\"https:\/\/www.sonatus.com\/wp-content\/uploads\/2023\/09\/van-fleet-use-case-vs01-1.png 765w, https:\/\/www.sonatus.com\/wp-content\/uploads\/2023\/09\/van-fleet-use-case-vs01-1-300x200.png 300w\" sizes=\"auto, (max-width: 765px) 100vw, 765px\" \/><\/div><\/figure>[\/vc_column_inner][vc_column_inner width=&#8221;3\/4&#8243;]<div class=\"vcex-heading vcex-heading-plain vcex-module wpex-text-2xl wpex-font-normal label\"><span class=\"vcex-heading-inner wpex-inline-block\">Services \u00e0 valeur ajout\u00e9e<\/span><\/div><h2 class=\"vcex-heading vcex-heading-plain vcex-module wpex-text-2xl wpex-font-normal\"><span class=\"vcex-heading-inner wpex-inline-block\">Activer diverses applications de gestion de flotte<\/span><\/h2>[vc_column_text]Les services de flotte repr\u00e9sentent une formidable opportunit\u00e9 d\u2019ajouter un montant significatif de revenus et de profits au r\u00e9sultat net des constructeurs automobiles.[\/vc_column_text][vc_empty_space height=&#8221;7px&#8221;]<a href=\"https:\/\/www.sonatus.com\/fr\/cas-dutilisation\/prendre-en-charge-de-diverses-applications-de-flotte\/\" class=\"vcex-button theme-button c-text-button align-left inline clear\"><span class=\"vcex-button-inner theme-button-inner\">En savoir plus<\/span><\/a> [\/vc_column_inner][\/vc_row_inner][vc_row_inner css=&#8221;.vc_custom_1709916608261{padding-top: 0px !important;}&#8221;][vc_column_inner width=&#8221;1\/4&#8243;]<style>.vcex-image.vcex_69f11e9e2b402 .vcex-image-img{border-radius:var(--wpex-rounded);}<\/style><figure class=\"vcex-image vcex-module vcex_69f11e9e2b402\"><div class=\"vcex-image-inner wpex-relative wpex-inline-block\"><img width=\"2560\" height=\"1709\" src=\"https:\/\/www.sonatus.com\/wp-content\/uploads\/2024\/08\/AdobeStock_245894773-scaled.jpeg\" class=\"vcex-image-img wpex-align-middle\" alt=\"Smiling commercial van driver\" loading=\"lazy\" decoding=\"async\" srcset=\"https:\/\/www.sonatus.com\/wp-content\/uploads\/2024\/08\/AdobeStock_245894773-scaled.jpeg 2560w, https:\/\/www.sonatus.com\/wp-content\/uploads\/2024\/08\/AdobeStock_245894773-300x200.jpeg 300w, https:\/\/www.sonatus.com\/wp-content\/uploads\/2024\/08\/AdobeStock_245894773-1024x683.jpeg 1024w, https:\/\/www.sonatus.com\/wp-content\/uploads\/2024\/08\/AdobeStock_245894773-768x513.jpeg 768w, https:\/\/www.sonatus.com\/wp-content\/uploads\/2024\/08\/AdobeStock_245894773-1536x1025.jpeg 1536w, https:\/\/www.sonatus.com\/wp-content\/uploads\/2024\/08\/AdobeStock_245894773-2048x1367.jpeg 2048w\" sizes=\"auto, (max-width: 2560px) 100vw, 2560px\" \/><\/div><\/figure>[\/vc_column_inner][vc_column_inner width=&#8221;3\/4&#8243;]<div class=\"vcex-heading vcex-heading-plain vcex-module wpex-text-2xl wpex-font-normal label\"><span class=\"vcex-heading-inner wpex-inline-block\">Services \u00e0 valeur ajout\u00e9e<\/span><\/div><h2 class=\"vcex-heading vcex-heading-plain vcex-module wpex-text-2xl wpex-font-normal\"><span class=\"vcex-heading-inner wpex-inline-block\">Renforcer la s\u00e9curit\u00e9 et la r\u00e9tention des conducteurs<\/span><\/h2>[vc_column_text]La nouvelle g\u00e9n\u00e9ration de v\u00e9hicules commerciaux charg\u00e9s de technologie offre aux constructeurs la possibilit\u00e9 de fournir des capacit\u00e9s avanc\u00e9es de gestion de flotte et de t\u00e9l\u00e9matique qui peuvent r\u00e9pondre au besoin urgent d\u2019am\u00e9liorer la s\u00e9curit\u00e9 du conducteur et les conditions de travail.[\/vc_column_text][vc_empty_space height=&#8221;7px&#8221;]<a href=\"https:\/\/www.sonatus.com\/fr\/cas-dutilisation\/renforcer-la-securite-et-la-retention-des-conducteurs\/\" class=\"vcex-button theme-button c-text-button align-left inline clear\"><span class=\"vcex-button-inner theme-button-inner\">En savoir plus<\/span><\/a> [\/vc_column_inner][\/vc_row_inner][\/vc_column][\/vc_row]\n<\/section>","protected":false},"excerpt":{"rendered":"<p>[vc_row full_width=&#8221;stretch_row&#8221; el_class=&#8221;use-case-hero&#8221; css=&#8221;.vc_custom_1711739580401{background-image: url(https:\/\/www.sonatus.com\/wp-content\/uploads\/2023\/05\/use-case-hero-bg.jpg?id=933) !important;background-position: center !important;background-repeat: no-repeat !important;background-size: cover !important;}&#8221; wpex_bg_position=&#8221;top left&#8221;][vc_column][vc_column_text align=&#8221;left&#8221; el_class=&#8221;use-case-hero__content clear&#8221; width=&#8221;900&#8243; css=&#8221;.vc_custom_1734207478016{margin-bottom: 30px&hellip;<\/p>\n","protected":false},"author":7,"featured_media":0,"parent":18070,"menu_order":0,"comment_status":"closed","ping_status":"closed","template":"","meta":{"content-type":"","inline_featured_image":false,"footnotes":""},"class_list":["post-18105","page","type-page","status-publish","hentry","entry","no-media"],"acf":[],"yoast_head":"<!-- This site is optimized with the Yoast SEO Premium plugin v25.8 (Yoast SEO v26.0) - https:\/\/yoast.com\/wordpress\/plugins\/seo\/ -->\n<title>V\u00e9hicules utilitaires&nbsp;: cas d\u2019utilisation | Sonatus<\/title>\n<meta name=\"description\" content=\"Explorer les cas d\u2019utilisation des v\u00e9hicules utilitaires pour la suite de produits Sonatus.\" \/>\n<meta name=\"robots\" content=\"index, follow, max-snippet:-1, max-image-preview:large, max-video-preview:-1\" \/>\n<link rel=\"canonical\" href=\"https:\/\/www.sonatus.com\/fr\/cas-dutilisation\/vehicules-utilitaires-cas-dutilisation\/\" \/>\n<meta property=\"og:locale\" content=\"fr_FR\" \/>\n<meta property=\"og:type\" content=\"article\" \/>\n<meta property=\"og:title\" content=\"V\u00e9hicules utilitaires&nbsp;: cas d\u2019utilisation\" \/>\n<meta property=\"og:description\" content=\"Explorer les cas d\u2019utilisation des v\u00e9hicules utilitaires pour la suite de produits Sonatus.\" \/>\n<meta property=\"og:url\" content=\"https:\/\/www.sonatus.com\/fr\/cas-dutilisation\/vehicules-utilitaires-cas-dutilisation\/\" \/>\n<meta property=\"og:site_name\" content=\"Sonatus\" \/>\n<meta property=\"article:modified_time\" content=\"2024-12-14T20:18:40+00:00\" \/>\n<meta property=\"og:image\" content=\"https:\/\/www.sonatus.com\/wp-content\/uploads\/2023\/05\/Sonatus-BlogCard.jpg\" \/>\n\t<meta property=\"og:image:width\" content=\"1200\" \/>\n\t<meta property=\"og:image:height\" content=\"800\" \/>\n\t<meta property=\"og:image:type\" content=\"image\/jpeg\" \/>\n<meta name=\"twitter:card\" content=\"summary_large_image\" \/>\n<meta name=\"twitter:label1\" content=\"Est. reading time\" \/>\n\t<meta name=\"twitter:data1\" content=\"3 minutes\" \/>\n<script type=\"application\/ld+json\" class=\"yoast-schema-graph\">{\"@context\":\"https:\/\/schema.org\",\"@graph\":[{\"@type\":\"WebPage\",\"@id\":\"https:\/\/www.sonatus.com\/fr\/cas-dutilisation\/vehicules-utilitaires-cas-dutilisation\/\",\"url\":\"https:\/\/www.sonatus.com\/fr\/cas-dutilisation\/vehicules-utilitaires-cas-dutilisation\/\",\"name\":\"V\u00e9hicules utilitaires&nbsp;: cas d\u2019utilisation | Sonatus\",\"isPartOf\":{\"@id\":\"https:\/\/www.sonatus.com\/fr\/#website\"},\"datePublished\":\"2024-08-29T21:07:35+00:00\",\"dateModified\":\"2024-12-14T20:18:40+00:00\",\"description\":\"Explorer les cas d\u2019utilisation des v\u00e9hicules utilitaires pour la suite de produits Sonatus.\",\"breadcrumb\":{\"@id\":\"https:\/\/www.sonatus.com\/fr\/cas-dutilisation\/vehicules-utilitaires-cas-dutilisation\/#breadcrumb\"},\"inLanguage\":\"fr-FR\",\"potentialAction\":[{\"@type\":\"ReadAction\",\"target\":[\"https:\/\/www.sonatus.com\/fr\/cas-dutilisation\/vehicules-utilitaires-cas-dutilisation\/\"]}]},{\"@type\":\"BreadcrumbList\",\"@id\":\"https:\/\/www.sonatus.com\/fr\/cas-dutilisation\/vehicules-utilitaires-cas-dutilisation\/#breadcrumb\",\"itemListElement\":[{\"@type\":\"ListItem\",\"position\":1,\"name\":\"Home\",\"item\":\"https:\/\/www.sonatus.com\/fr\/\"},{\"@type\":\"ListItem\",\"position\":2,\"name\":\"Cas d\u2019utilisation\",\"item\":\"https:\/\/www.sonatus.com\/fr\/cas-dutilisation\/\"},{\"@type\":\"ListItem\",\"position\":3,\"name\":\"V\u00e9hicules utilitaires&nbsp;: cas d\u2019utilisation\"}]},{\"@type\":\"WebSite\",\"@id\":\"https:\/\/www.sonatus.com\/fr\/#website\",\"url\":\"https:\/\/www.sonatus.com\/fr\/\",\"name\":\"Sonatus\",\"description\":\"Accelerating Vehicle Software Innovation\",\"publisher\":{\"@id\":\"https:\/\/www.sonatus.com\/fr\/#organization\"},\"potentialAction\":[{\"@type\":\"SearchAction\",\"target\":{\"@type\":\"EntryPoint\",\"urlTemplate\":\"https:\/\/www.sonatus.com\/fr\/?s={search_term_string}\"},\"query-input\":{\"@type\":\"PropertyValueSpecification\",\"valueRequired\":true,\"valueName\":\"search_term_string\"}}],\"inLanguage\":\"fr-FR\"},{\"@type\":\"Organization\",\"@id\":\"https:\/\/www.sonatus.com\/fr\/#organization\",\"name\":\"Sonatus\",\"url\":\"https:\/\/www.sonatus.com\/fr\/\",\"logo\":{\"@type\":\"ImageObject\",\"inLanguage\":\"fr-FR\",\"@id\":\"https:\/\/www.sonatus.com\/fr\/#\/schema\/logo\/image\/\",\"url\":\"https:\/\/www.sonatus.com\/wp-content\/uploads\/2023\/05\/sonatus-logo.svg\",\"contentUrl\":\"https:\/\/www.sonatus.com\/wp-content\/uploads\/2023\/05\/sonatus-logo.svg\",\"width\":202,\"height\":32,\"caption\":\"Sonatus\"},\"image\":{\"@id\":\"https:\/\/www.sonatus.com\/fr\/#\/schema\/logo\/image\/\"},\"sameAs\":[\"https:\/\/www.linkedin.com\/company\/sonatus\/\"]}]}<\/script>\n<!-- \/ Yoast SEO Premium plugin. -->","yoast_head_json":{"title":"V\u00e9hicules utilitaires&nbsp;: cas d\u2019utilisation | Sonatus","description":"Explorer les cas d\u2019utilisation des v\u00e9hicules utilitaires pour la suite de produits Sonatus.","robots":{"index":"index","follow":"follow","max-snippet":"max-snippet:-1","max-image-preview":"max-image-preview:large","max-video-preview":"max-video-preview:-1"},"canonical":"https:\/\/www.sonatus.com\/fr\/cas-dutilisation\/vehicules-utilitaires-cas-dutilisation\/","og_locale":"fr_FR","og_type":"article","og_title":"V\u00e9hicules utilitaires&nbsp;: cas d\u2019utilisation","og_description":"Explorer les cas d\u2019utilisation des v\u00e9hicules utilitaires pour la suite de produits Sonatus.","og_url":"https:\/\/www.sonatus.com\/fr\/cas-dutilisation\/vehicules-utilitaires-cas-dutilisation\/","og_site_name":"Sonatus","article_modified_time":"2024-12-14T20:18:40+00:00","og_image":[{"width":1200,"height":800,"url":"https:\/\/www.sonatus.com\/wp-content\/uploads\/2023\/05\/Sonatus-BlogCard.jpg","type":"image\/jpeg"}],"twitter_card":"summary_large_image","twitter_misc":{"Est. reading time":"3 minutes"},"schema":{"@context":"https:\/\/schema.org","@graph":[{"@type":"WebPage","@id":"https:\/\/www.sonatus.com\/fr\/cas-dutilisation\/vehicules-utilitaires-cas-dutilisation\/","url":"https:\/\/www.sonatus.com\/fr\/cas-dutilisation\/vehicules-utilitaires-cas-dutilisation\/","name":"V\u00e9hicules utilitaires&nbsp;: cas d\u2019utilisation | Sonatus","isPartOf":{"@id":"https:\/\/www.sonatus.com\/fr\/#website"},"datePublished":"2024-08-29T21:07:35+00:00","dateModified":"2024-12-14T20:18:40+00:00","description":"Explorer les cas d\u2019utilisation des v\u00e9hicules utilitaires pour la suite de produits Sonatus.","breadcrumb":{"@id":"https:\/\/www.sonatus.com\/fr\/cas-dutilisation\/vehicules-utilitaires-cas-dutilisation\/#breadcrumb"},"inLanguage":"fr-FR","potentialAction":[{"@type":"ReadAction","target":["https:\/\/www.sonatus.com\/fr\/cas-dutilisation\/vehicules-utilitaires-cas-dutilisation\/"]}]},{"@type":"BreadcrumbList","@id":"https:\/\/www.sonatus.com\/fr\/cas-dutilisation\/vehicules-utilitaires-cas-dutilisation\/#breadcrumb","itemListElement":[{"@type":"ListItem","position":1,"name":"Home","item":"https:\/\/www.sonatus.com\/fr\/"},{"@type":"ListItem","position":2,"name":"Cas d\u2019utilisation","item":"https:\/\/www.sonatus.com\/fr\/cas-dutilisation\/"},{"@type":"ListItem","position":3,"name":"V\u00e9hicules utilitaires&nbsp;: cas d\u2019utilisation"}]},{"@type":"WebSite","@id":"https:\/\/www.sonatus.com\/fr\/#website","url":"https:\/\/www.sonatus.com\/fr\/","name":"Sonatus","description":"Accelerating Vehicle Software Innovation","publisher":{"@id":"https:\/\/www.sonatus.com\/fr\/#organization"},"potentialAction":[{"@type":"SearchAction","target":{"@type":"EntryPoint","urlTemplate":"https:\/\/www.sonatus.com\/fr\/?s={search_term_string}"},"query-input":{"@type":"PropertyValueSpecification","valueRequired":true,"valueName":"search_term_string"}}],"inLanguage":"fr-FR"},{"@type":"Organization","@id":"https:\/\/www.sonatus.com\/fr\/#organization","name":"Sonatus","url":"https:\/\/www.sonatus.com\/fr\/","logo":{"@type":"ImageObject","inLanguage":"fr-FR","@id":"https:\/\/www.sonatus.com\/fr\/#\/schema\/logo\/image\/","url":"https:\/\/www.sonatus.com\/wp-content\/uploads\/2023\/05\/sonatus-logo.svg","contentUrl":"https:\/\/www.sonatus.com\/wp-content\/uploads\/2023\/05\/sonatus-logo.svg","width":202,"height":32,"caption":"Sonatus"},"image":{"@id":"https:\/\/www.sonatus.com\/fr\/#\/schema\/logo\/image\/"},"sameAs":["https:\/\/www.linkedin.com\/company\/sonatus\/"]}]}},"_links":{"self":[{"href":"https:\/\/www.sonatus.com\/fr\/wp-json\/wp\/v2\/pages\/18105","targetHints":{"allow":["GET"]}}],"collection":[{"href":"https:\/\/www.sonatus.com\/fr\/wp-json\/wp\/v2\/pages"}],"about":[{"href":"https:\/\/www.sonatus.com\/fr\/wp-json\/wp\/v2\/types\/page"}],"author":[{"embeddable":true,"href":"https:\/\/www.sonatus.com\/fr\/wp-json\/wp\/v2\/users\/7"}],"replies":[{"embeddable":true,"href":"https:\/\/www.sonatus.com\/fr\/wp-json\/wp\/v2\/comments?post=18105"}],"version-history":[{"count":6,"href":"https:\/\/www.sonatus.com\/fr\/wp-json\/wp\/v2\/pages\/18105\/revisions"}],"predecessor-version":[{"id":20446,"href":"https:\/\/www.sonatus.com\/fr\/wp-json\/wp\/v2\/pages\/18105\/revisions\/20446"}],"up":[{"embeddable":true,"href":"https:\/\/www.sonatus.com\/fr\/wp-json\/wp\/v2\/pages\/18070"}],"wp:attachment":[{"href":"https:\/\/www.sonatus.com\/fr\/wp-json\/wp\/v2\/media?parent=18105"}],"curies":[{"name":"wp","href":"https:\/\/api.w.org\/{rel}","templated":true}]}}