{"id":18087,"date":"2024-08-29T21:00:50","date_gmt":"2024-08-29T21:00:50","guid":{"rendered":"https:\/\/www.sonatus.com\/cas-dutilisation\/vehicules-de-tourisme-cas-dutilisation\/"},"modified":"2024-12-14T20:13:24","modified_gmt":"2024-12-14T20:13:24","slug":"vehicules-de-tourisme-cas-dutilisation","status":"publish","type":"page","link":"https:\/\/www.sonatus.com\/fr\/cas-dutilisation\/vehicules-de-tourisme-cas-dutilisation\/","title":{"rendered":"V\u00e9hicules de tourisme &#8211; cas d\u2019utilisation"},"content":{"rendered":"<section class=\"wpb-content-wrapper\">[vc_row full_width=&#8221;stretch_row&#8221; el_class=&#8221;use-case-hero&#8221; css=&#8221;.vc_custom_1711739580401{background-image: url(https:\/\/www.sonatus.com\/wp-content\/uploads\/2023\/05\/use-case-hero-bg.jpg?id=933) !important;background-position: center !important;background-repeat: no-repeat !important;background-size: cover !important;}&#8221; wpex_bg_position=&#8221;top left&#8221;][vc_column]<style>.vcex-heading.vcex_69f0d9943d615{font-size:var(--wpex-text-xl);}<\/style><div class=\"vcex-heading vcex-heading-plain vcex-module wpex-text-2xl wpex-font-normal vc_custom_1724739227667 label vcex_69f0d9943d615\"><span class=\"vcex-heading-inner wpex-inline-block\">V\u00e9hicules de tourisme | Cas d\u2019utilisation<\/span><\/div><h1 class=\"vcex-heading vcex-heading-plain vcex-module wpex-text-2xl wpex-font-normal use-case-hero__heading\"><span class=\"vcex-heading-inner wpex-inline-block\">Fournir des services passionnants et<br \/>\ndes exp\u00e9riences de conduite innovantes<br \/><\/span><\/h1>[vc_column_text align=&#8221;left&#8221; el_class=&#8221;use-case-hero__content clear&#8221; width=&#8221;900&#8243; css=&#8221;.vc_custom_1734207007585{margin-bottom: 30px !important;}&#8221;]Sonatus propose des solutions innovantes qui transforment l&#8217;exp\u00e9rience de conduite des v\u00e9hicules de tourisme. Gr\u00e2ce \u00e0 des logiciels avanc\u00e9s et des technologies ax\u00e9es sur les donn\u00e9es, Sonatus aide les constructeurs automobiles \u00e0 concevoir des v\u00e9hicules plus intelligents, connect\u00e9s et personnalis\u00e9s. Nos produits permettent d&#8217;optimiser les performances des v\u00e9hicules, d&#8217;am\u00e9liorer la s\u00e9curit\u00e9 et d&#8217;enrichir l&#8217;exp\u00e9rience utilisateur, en mettant l&#8217;accent sur l&#8217;innovation et l&#8217;adaptabilit\u00e9.<\/p>\n<p>Parcourir les cas d\u2019utilisation ci-dessous pour comprendre comment Sonatus pr\u00e9pare l\u2019avenir de la mobilit\u00e9 et r\u00e9invente la mani\u00e8re dont les clients interagissent avec leurs v\u00e9hicules[\/vc_column_text][\/vc_column][\/vc_row][vc_row el_class=&#8221;use-case__wrap&#8221; css=&#8221;.vc_custom_1712128826534{background-color: #ffffff !important;}&#8221;][vc_column el_class=&#8221;use-case__nav js-active&#8221;][vc_row_inner el_id=&#8221;design-and-engineering&#8221; css=&#8221;.vc_custom_1711439892439{padding-top: 0px !important;}&#8221;][vc_column_inner width=&#8221;1\/4&#8243;]<figure class=\"vcex-image vcex-module\"><div class=\"vcex-image-inner wpex-relative wpex-inline-block\"><img width=\"765\" height=\"510\" src=\"https:\/\/www.sonatus.com\/wp-content\/uploads\/2023\/09\/ev-panel-use-case-de01.png\" class=\"vcex-image-img wpex-align-middle\" alt=\"Increase EV range use case\" loading=\"lazy\" decoding=\"async\" srcset=\"https:\/\/www.sonatus.com\/wp-content\/uploads\/2023\/09\/ev-panel-use-case-de01.png 765w, https:\/\/www.sonatus.com\/wp-content\/uploads\/2023\/09\/ev-panel-use-case-de01-300x200.png 300w\" sizes=\"auto, (max-width: 765px) 100vw, 765px\" \/><\/div><\/figure>[\/vc_column_inner][vc_column_inner width=&#8221;3\/4&#8243;]<div class=\"vcex-heading vcex-heading-plain vcex-module wpex-text-2xl wpex-font-normal label\"><span class=\"vcex-heading-inner wpex-inline-block\">Conception et ing\u00e9nierie<\/span><\/div><h2 class=\"vcex-heading vcex-heading-plain vcex-module wpex-text-2xl wpex-font-normal\"><span class=\"vcex-heading-inner wpex-inline-block\">Am\u00e9liorer la gamme des v\u00e9hicules \u00e9lectriques avec des donn\u00e9es r\u00e9elles<\/span><\/h2>[vc_column_text]<span style=\"font-weight: 400;\">Alors que les logiciels sont de plus en plus souvent \u00e0 l\u2019origine des fonctionnalit\u00e9s des v\u00e9hicules, les ing\u00e9nieurs automobiles peuvent utiliser des donn\u00e9es r\u00e9elles pour am\u00e9liorer les performances des v\u00e9hicules. <\/span>[\/vc_column_text][vc_empty_space height=&#8221;7px&#8221;]<a href=\"https:\/\/www.sonatus.com\/fr\/cas-dutilisation\/ameliorer-la-gamme-des-vehicules-electriques-avec-des-donnees-reelles\/\" class=\"vcex-button theme-button c-text-button align-left inline clear\"><span class=\"vcex-button-inner theme-button-inner\">En savoir plus<\/span><\/a> [\/vc_column_inner][\/vc_row_inner][vc_row_inner equal_height=&#8221;yes&#8221; css=&#8221;.vc_custom_1711439936860{padding-top: 0px !important;}&#8221; el_id=&#8221;production&#8221;][vc_column_inner width=&#8221;1\/4&#8243;]<figure class=\"vcex-image vcex-module\"><div class=\"vcex-image-inner wpex-relative wpex-inline-block\"><img width=\"765\" height=\"510\" src=\"https:\/\/www.sonatus.com\/wp-content\/uploads\/2023\/09\/line-testing-use-case-p01-1.png\" class=\"vcex-image-img wpex-align-middle\" alt=\"Line testing panel use case\" loading=\"lazy\" decoding=\"async\" srcset=\"https:\/\/www.sonatus.com\/wp-content\/uploads\/2023\/09\/line-testing-use-case-p01-1.png 765w, https:\/\/www.sonatus.com\/wp-content\/uploads\/2023\/09\/line-testing-use-case-p01-1-300x200.png 300w\" sizes=\"auto, (max-width: 765px) 100vw, 765px\" \/><\/div><\/figure>[\/vc_column_inner][vc_column_inner width=&#8221;3\/4&#8243;]<div class=\"vcex-heading vcex-heading-plain vcex-module wpex-text-2xl wpex-font-normal label\"><span class=\"vcex-heading-inner wpex-inline-block\">Production<\/span><\/div><h2 class=\"vcex-heading vcex-heading-plain vcex-module wpex-text-2xl wpex-font-normal\"><span class=\"vcex-heading-inner wpex-inline-block\">Tests de fin de ligne du v\u00e9hicule<\/span><\/h2>[vc_column_text]<span style=\"font-weight: 400;\">Les clients veulent que leurs nouveaux v\u00e9hicules fonctionnent parfaitement et les tests de fin de ligne sont essentiels pour y parvenir. Pourtant, il s\u2019agit souvent d\u2019une partie laborieuse et co\u00fbteuse du processus de production pour v\u00e9rifier si les dizaines de fonctions fonctionnent comme pr\u00e9vu. <\/span>[\/vc_column_text][vc_empty_space height=&#8221;7px&#8221;]<a href=\"https:\/\/www.sonatus.com\/fr\/cas-dutilisation\/tests-de-fin-de-ligne-du-vehicule\/\" class=\"vcex-button theme-button c-text-button align-left inline clear\"><span class=\"vcex-button-inner theme-button-inner\">En savoir plus<\/span><\/a> [\/vc_column_inner][\/vc_row_inner][vc_row_inner css=&#8221;.vc_custom_1711439957334{padding-top: 0px !important;}&#8221; el_id=&#8221;post-sales&#8221;][vc_column_inner width=&#8221;1\/4&#8243;]<figure class=\"vcex-image vcex-module\"><div class=\"vcex-image-inner wpex-relative wpex-inline-block\"><img width=\"765\" height=\"510\" src=\"https:\/\/www.sonatus.com\/wp-content\/uploads\/2023\/09\/woman-in-car-use-case-ps01-1.png\" class=\"vcex-image-img wpex-align-middle\" alt=\"Deliver new user experience use case\" loading=\"lazy\" decoding=\"async\" srcset=\"https:\/\/www.sonatus.com\/wp-content\/uploads\/2023\/09\/woman-in-car-use-case-ps01-1.png 765w, https:\/\/www.sonatus.com\/wp-content\/uploads\/2023\/09\/woman-in-car-use-case-ps01-1-300x200.png 300w\" sizes=\"auto, (max-width: 765px) 100vw, 765px\" \/><\/div><\/figure>[\/vc_column_inner][vc_column_inner width=&#8221;3\/4&#8243;]<div class=\"vcex-heading vcex-heading-plain vcex-module wpex-text-2xl wpex-font-normal label\"><span class=\"vcex-heading-inner wpex-inline-block\">Apr\u00e8s-vente<\/span><\/div><h2 class=\"vcex-heading vcex-heading-plain vcex-module wpex-text-2xl wpex-font-normal\"><span class=\"vcex-heading-inner wpex-inline-block\">Proposer des exp\u00e9riences de conduite personnalis\u00e9es<\/span><\/h2>[vc_column_text]Les v\u00e9hicules d\u00e9finis par logiciel doivent permettre aux utilisateurs de vivre des exp\u00e9riences constamment renouvel\u00e9es et adapt\u00e9es \u00e0 leurs besoins.[\/vc_column_text][vc_empty_space height=&#8221;7px&#8221;]<a href=\"https:\/\/www.sonatus.com\/fr\/cas-dutilisation\/offrir-des-experiences-de-conduite-personnalisees\/\" class=\"vcex-button theme-button c-text-button align-left inline clear\"><span class=\"vcex-button-inner theme-button-inner\">En savoir plus<\/span><\/a> [\/vc_column_inner][\/vc_row_inner][vc_row_inner css=&#8221;.vc_custom_1709916608261{padding-top: 0px !important;}&#8221;][vc_column_inner width=&#8221;1\/4&#8243;]<figure class=\"vcex-image vcex-module\"><div class=\"vcex-image-inner wpex-relative wpex-inline-block\"><img width=\"765\" height=\"510\" src=\"https:\/\/www.sonatus.com\/wp-content\/uploads\/2023\/09\/diagnostics-display-use-case-ps02-1.png\" class=\"vcex-image-img wpex-align-middle\" alt=\"Smart diagnostics use case\" loading=\"lazy\" decoding=\"async\" srcset=\"https:\/\/www.sonatus.com\/wp-content\/uploads\/2023\/09\/diagnostics-display-use-case-ps02-1.png 765w, https:\/\/www.sonatus.com\/wp-content\/uploads\/2023\/09\/diagnostics-display-use-case-ps02-1-300x200.png 300w\" sizes=\"auto, (max-width: 765px) 100vw, 765px\" \/><\/div><\/figure>[\/vc_column_inner][vc_column_inner width=&#8221;3\/4&#8243;][vc_empty_space height=&#8221;7px&#8221;]<div class=\"vcex-heading vcex-heading-plain vcex-module wpex-text-2xl wpex-font-normal label\"><span class=\"vcex-heading-inner wpex-inline-block\">Apr\u00e8s-vente<\/span><\/div><h2 class=\"vcex-heading vcex-heading-plain vcex-module wpex-text-2xl wpex-font-normal\"><span class=\"vcex-heading-inner wpex-inline-block\">\u00c9viter les campagnes de rappels avec les diagnostics de v\u00e9hicules intelligents<br \/><\/span><\/h2>[vc_column_text]Les campagnes de rappel repr\u00e9sentent un enjeu majeur, entra\u00eenant des co\u00fbts \u00e9lev\u00e9s pour les OEM et des d\u00e9sagr\u00e9ments pour leurs clients. Les diagnostics intelligents permettent d&#8217;identifier et de r\u00e9soudre les d\u00e9faillances plus rapidement, r\u00e9duisant ainsi le besoin de campagnes de rappel on\u00e9reuses.[\/vc_column_text][vc_empty_space height=&#8221;7px&#8221;]<a href=\"https:\/\/www.sonatus.com\/fr\/cas-dutilisation\/eviter-les-rappels-de-vehicules-grace-aux-diagnostics-intelligents\/\" class=\"vcex-button theme-button c-text-button align-left inline clear\"><span class=\"vcex-button-inner theme-button-inner\">En savoir plus<\/span><\/a> [\/vc_column_inner][\/vc_row_inner][vc_row_inner css=&#8221;.vc_custom_1709916608261{padding-top: 0px !important;}&#8221;][vc_column_inner width=&#8221;1\/4&#8243;]<figure class=\"vcex-image vcex-module\"><div class=\"vcex-image-inner wpex-relative wpex-inline-block\"><img width=\"765\" height=\"510\" src=\"https:\/\/www.sonatus.com\/wp-content\/uploads\/2023\/09\/rental-fleet-use-case-vs02-1.png\" class=\"vcex-image-img wpex-align-middle\" alt=\"Rental fleets use case\" loading=\"lazy\" decoding=\"async\" srcset=\"https:\/\/www.sonatus.com\/wp-content\/uploads\/2023\/09\/rental-fleet-use-case-vs02-1.png 765w, https:\/\/www.sonatus.com\/wp-content\/uploads\/2023\/09\/rental-fleet-use-case-vs02-1-300x200.png 300w\" sizes=\"auto, (max-width: 765px) 100vw, 765px\" \/><\/div><\/figure>[\/vc_column_inner][vc_column_inner width=&#8221;3\/4&#8243;]<div class=\"vcex-heading vcex-heading-plain vcex-module wpex-text-2xl wpex-font-normal label\"><span class=\"vcex-heading-inner wpex-inline-block\">Services \u00e0 valeur ajout\u00e9e<\/span><\/div><h2 class=\"vcex-heading vcex-heading-plain vcex-module wpex-text-2xl wpex-font-normal\"><span class=\"vcex-heading-inner wpex-inline-block\">Optimiser le logiciel de gestion des flottes de v\u00e9hicules de location<br \/><\/span><\/h2>[vc_column_text]Les v\u00e9hicules d\u00e9finis par logiciel doivent offrir aux utilisateurs des exp\u00e9riences toujours plus personnalis\u00e9es et innovantes. Afin d\u2019atteindre cet objectif, les constructeurs automobiles doivent s&#8217;appuyer sur des solutions logicielles capables de prendre en charge des am\u00e9liorations rapides et continues, y compris pour les v\u00e9hicules d\u00e9j\u00e0 livr\u00e9s et en circulation.[\/vc_column_text][vc_empty_space height=&#8221;7px&#8221;]<a href=\"https:\/\/www.sonatus.com\/fr\/cas-dutilisation\/ameliorer-les-ventes-de-vehicules-aux-flottes-de-location\/\" class=\"vcex-button theme-button c-text-button align-left inline clear\"><span class=\"vcex-button-inner theme-button-inner\">En savoir plus<\/span><\/a> [\/vc_column_inner][\/vc_row_inner][\/vc_column][\/vc_row]\n<\/section>","protected":false},"excerpt":{"rendered":"<p>[vc_row full_width=&#8221;stretch_row&#8221; el_class=&#8221;use-case-hero&#8221; css=&#8221;.vc_custom_1711739580401{background-image: url(https:\/\/www.sonatus.com\/wp-content\/uploads\/2023\/05\/use-case-hero-bg.jpg?id=933) !important;background-position: center !important;background-repeat: no-repeat !important;background-size: cover !important;}&#8221; wpex_bg_position=&#8221;top left&#8221;][vc_column][vc_column_text align=&#8221;left&#8221; el_class=&#8221;use-case-hero__content clear&#8221; width=&#8221;900&#8243; css=&#8221;.vc_custom_1734207007585{margin-bottom: 30px&hellip;<\/p>\n","protected":false},"author":7,"featured_media":0,"parent":18070,"menu_order":0,"comment_status":"closed","ping_status":"closed","template":"","meta":{"content-type":"","inline_featured_image":false,"footnotes":""},"class_list":["post-18087","page","type-page","status-publish","hentry","entry","no-media"],"acf":[],"yoast_head":"<!-- This site is optimized with the Yoast SEO Premium plugin v25.8 (Yoast SEO v26.0) - https:\/\/yoast.com\/wordpress\/plugins\/seo\/ -->\n<title>V\u00e9hicules de tourisme - cas d\u2019utilisation | Sonatus<\/title>\n<meta name=\"description\" content=\"\u00c9tudier les cas d\u2019utilisation des v\u00e9hicules de tourisme pour la gamme de produits Sonatus.\" \/>\n<meta name=\"robots\" content=\"index, follow, max-snippet:-1, max-image-preview:large, max-video-preview:-1\" \/>\n<link rel=\"canonical\" href=\"https:\/\/www.sonatus.com\/fr\/cas-dutilisation\/vehicules-de-tourisme-cas-dutilisation\/\" \/>\n<meta property=\"og:locale\" content=\"fr_FR\" \/>\n<meta property=\"og:type\" content=\"article\" \/>\n<meta property=\"og:title\" content=\"V\u00e9hicules de tourisme - cas d\u2019utilisation\" \/>\n<meta property=\"og:description\" content=\"\u00c9tudier les cas d\u2019utilisation des v\u00e9hicules de tourisme pour la gamme de produits Sonatus.\" \/>\n<meta property=\"og:url\" content=\"https:\/\/www.sonatus.com\/fr\/cas-dutilisation\/vehicules-de-tourisme-cas-dutilisation\/\" \/>\n<meta property=\"og:site_name\" content=\"Sonatus\" \/>\n<meta property=\"article:modified_time\" content=\"2024-12-14T20:13:24+00:00\" \/>\n<meta property=\"og:image\" content=\"https:\/\/www.sonatus.com\/wp-content\/uploads\/2023\/05\/Sonatus-BlogCard.jpg\" \/>\n\t<meta property=\"og:image:width\" content=\"1200\" \/>\n\t<meta property=\"og:image:height\" content=\"800\" \/>\n\t<meta property=\"og:image:type\" content=\"image\/jpeg\" \/>\n<meta name=\"twitter:card\" content=\"summary_large_image\" \/>\n<meta name=\"twitter:label1\" content=\"Est. reading time\" \/>\n\t<meta name=\"twitter:data1\" content=\"5 minutes\" \/>\n<script type=\"application\/ld+json\" class=\"yoast-schema-graph\">{\"@context\":\"https:\/\/schema.org\",\"@graph\":[{\"@type\":\"WebPage\",\"@id\":\"https:\/\/www.sonatus.com\/fr\/cas-dutilisation\/vehicules-de-tourisme-cas-dutilisation\/\",\"url\":\"https:\/\/www.sonatus.com\/fr\/cas-dutilisation\/vehicules-de-tourisme-cas-dutilisation\/\",\"name\":\"V\u00e9hicules de tourisme - cas d\u2019utilisation | Sonatus\",\"isPartOf\":{\"@id\":\"https:\/\/www.sonatus.com\/fr\/#website\"},\"datePublished\":\"2024-08-29T21:00:50+00:00\",\"dateModified\":\"2024-12-14T20:13:24+00:00\",\"description\":\"\u00c9tudier les cas d\u2019utilisation des v\u00e9hicules de tourisme pour la gamme de produits Sonatus.\",\"breadcrumb\":{\"@id\":\"https:\/\/www.sonatus.com\/fr\/cas-dutilisation\/vehicules-de-tourisme-cas-dutilisation\/#breadcrumb\"},\"inLanguage\":\"fr-FR\",\"potentialAction\":[{\"@type\":\"ReadAction\",\"target\":[\"https:\/\/www.sonatus.com\/fr\/cas-dutilisation\/vehicules-de-tourisme-cas-dutilisation\/\"]}]},{\"@type\":\"BreadcrumbList\",\"@id\":\"https:\/\/www.sonatus.com\/fr\/cas-dutilisation\/vehicules-de-tourisme-cas-dutilisation\/#breadcrumb\",\"itemListElement\":[{\"@type\":\"ListItem\",\"position\":1,\"name\":\"Home\",\"item\":\"https:\/\/www.sonatus.com\/fr\/\"},{\"@type\":\"ListItem\",\"position\":2,\"name\":\"Cas d\u2019utilisation\",\"item\":\"https:\/\/www.sonatus.com\/fr\/cas-dutilisation\/\"},{\"@type\":\"ListItem\",\"position\":3,\"name\":\"V\u00e9hicules de tourisme &#8211; cas d\u2019utilisation\"}]},{\"@type\":\"WebSite\",\"@id\":\"https:\/\/www.sonatus.com\/fr\/#website\",\"url\":\"https:\/\/www.sonatus.com\/fr\/\",\"name\":\"Sonatus\",\"description\":\"Accelerating Vehicle Software Innovation\",\"publisher\":{\"@id\":\"https:\/\/www.sonatus.com\/fr\/#organization\"},\"potentialAction\":[{\"@type\":\"SearchAction\",\"target\":{\"@type\":\"EntryPoint\",\"urlTemplate\":\"https:\/\/www.sonatus.com\/fr\/?s={search_term_string}\"},\"query-input\":{\"@type\":\"PropertyValueSpecification\",\"valueRequired\":true,\"valueName\":\"search_term_string\"}}],\"inLanguage\":\"fr-FR\"},{\"@type\":\"Organization\",\"@id\":\"https:\/\/www.sonatus.com\/fr\/#organization\",\"name\":\"Sonatus\",\"url\":\"https:\/\/www.sonatus.com\/fr\/\",\"logo\":{\"@type\":\"ImageObject\",\"inLanguage\":\"fr-FR\",\"@id\":\"https:\/\/www.sonatus.com\/fr\/#\/schema\/logo\/image\/\",\"url\":\"https:\/\/www.sonatus.com\/wp-content\/uploads\/2023\/05\/sonatus-logo.svg\",\"contentUrl\":\"https:\/\/www.sonatus.com\/wp-content\/uploads\/2023\/05\/sonatus-logo.svg\",\"width\":202,\"height\":32,\"caption\":\"Sonatus\"},\"image\":{\"@id\":\"https:\/\/www.sonatus.com\/fr\/#\/schema\/logo\/image\/\"},\"sameAs\":[\"https:\/\/www.linkedin.com\/company\/sonatus\/\"]}]}<\/script>\n<!-- \/ Yoast SEO Premium plugin. -->","yoast_head_json":{"title":"V\u00e9hicules de tourisme - cas d\u2019utilisation | Sonatus","description":"\u00c9tudier les cas d\u2019utilisation des v\u00e9hicules de tourisme pour la gamme de produits Sonatus.","robots":{"index":"index","follow":"follow","max-snippet":"max-snippet:-1","max-image-preview":"max-image-preview:large","max-video-preview":"max-video-preview:-1"},"canonical":"https:\/\/www.sonatus.com\/fr\/cas-dutilisation\/vehicules-de-tourisme-cas-dutilisation\/","og_locale":"fr_FR","og_type":"article","og_title":"V\u00e9hicules de tourisme - cas d\u2019utilisation","og_description":"\u00c9tudier les cas d\u2019utilisation des v\u00e9hicules de tourisme pour la gamme de produits Sonatus.","og_url":"https:\/\/www.sonatus.com\/fr\/cas-dutilisation\/vehicules-de-tourisme-cas-dutilisation\/","og_site_name":"Sonatus","article_modified_time":"2024-12-14T20:13:24+00:00","og_image":[{"width":1200,"height":800,"url":"https:\/\/www.sonatus.com\/wp-content\/uploads\/2023\/05\/Sonatus-BlogCard.jpg","type":"image\/jpeg"}],"twitter_card":"summary_large_image","twitter_misc":{"Est. reading time":"5 minutes"},"schema":{"@context":"https:\/\/schema.org","@graph":[{"@type":"WebPage","@id":"https:\/\/www.sonatus.com\/fr\/cas-dutilisation\/vehicules-de-tourisme-cas-dutilisation\/","url":"https:\/\/www.sonatus.com\/fr\/cas-dutilisation\/vehicules-de-tourisme-cas-dutilisation\/","name":"V\u00e9hicules de tourisme - cas d\u2019utilisation | Sonatus","isPartOf":{"@id":"https:\/\/www.sonatus.com\/fr\/#website"},"datePublished":"2024-08-29T21:00:50+00:00","dateModified":"2024-12-14T20:13:24+00:00","description":"\u00c9tudier les cas d\u2019utilisation des v\u00e9hicules de tourisme pour la gamme de produits Sonatus.","breadcrumb":{"@id":"https:\/\/www.sonatus.com\/fr\/cas-dutilisation\/vehicules-de-tourisme-cas-dutilisation\/#breadcrumb"},"inLanguage":"fr-FR","potentialAction":[{"@type":"ReadAction","target":["https:\/\/www.sonatus.com\/fr\/cas-dutilisation\/vehicules-de-tourisme-cas-dutilisation\/"]}]},{"@type":"BreadcrumbList","@id":"https:\/\/www.sonatus.com\/fr\/cas-dutilisation\/vehicules-de-tourisme-cas-dutilisation\/#breadcrumb","itemListElement":[{"@type":"ListItem","position":1,"name":"Home","item":"https:\/\/www.sonatus.com\/fr\/"},{"@type":"ListItem","position":2,"name":"Cas d\u2019utilisation","item":"https:\/\/www.sonatus.com\/fr\/cas-dutilisation\/"},{"@type":"ListItem","position":3,"name":"V\u00e9hicules de tourisme &#8211; cas d\u2019utilisation"}]},{"@type":"WebSite","@id":"https:\/\/www.sonatus.com\/fr\/#website","url":"https:\/\/www.sonatus.com\/fr\/","name":"Sonatus","description":"Accelerating Vehicle Software Innovation","publisher":{"@id":"https:\/\/www.sonatus.com\/fr\/#organization"},"potentialAction":[{"@type":"SearchAction","target":{"@type":"EntryPoint","urlTemplate":"https:\/\/www.sonatus.com\/fr\/?s={search_term_string}"},"query-input":{"@type":"PropertyValueSpecification","valueRequired":true,"valueName":"search_term_string"}}],"inLanguage":"fr-FR"},{"@type":"Organization","@id":"https:\/\/www.sonatus.com\/fr\/#organization","name":"Sonatus","url":"https:\/\/www.sonatus.com\/fr\/","logo":{"@type":"ImageObject","inLanguage":"fr-FR","@id":"https:\/\/www.sonatus.com\/fr\/#\/schema\/logo\/image\/","url":"https:\/\/www.sonatus.com\/wp-content\/uploads\/2023\/05\/sonatus-logo.svg","contentUrl":"https:\/\/www.sonatus.com\/wp-content\/uploads\/2023\/05\/sonatus-logo.svg","width":202,"height":32,"caption":"Sonatus"},"image":{"@id":"https:\/\/www.sonatus.com\/fr\/#\/schema\/logo\/image\/"},"sameAs":["https:\/\/www.linkedin.com\/company\/sonatus\/"]}]}},"_links":{"self":[{"href":"https:\/\/www.sonatus.com\/fr\/wp-json\/wp\/v2\/pages\/18087","targetHints":{"allow":["GET"]}}],"collection":[{"href":"https:\/\/www.sonatus.com\/fr\/wp-json\/wp\/v2\/pages"}],"about":[{"href":"https:\/\/www.sonatus.com\/fr\/wp-json\/wp\/v2\/types\/page"}],"author":[{"embeddable":true,"href":"https:\/\/www.sonatus.com\/fr\/wp-json\/wp\/v2\/users\/7"}],"replies":[{"embeddable":true,"href":"https:\/\/www.sonatus.com\/fr\/wp-json\/wp\/v2\/comments?post=18087"}],"version-history":[{"count":4,"href":"https:\/\/www.sonatus.com\/fr\/wp-json\/wp\/v2\/pages\/18087\/revisions"}],"predecessor-version":[{"id":20445,"href":"https:\/\/www.sonatus.com\/fr\/wp-json\/wp\/v2\/pages\/18087\/revisions\/20445"}],"up":[{"embeddable":true,"href":"https:\/\/www.sonatus.com\/fr\/wp-json\/wp\/v2\/pages\/18070"}],"wp:attachment":[{"href":"https:\/\/www.sonatus.com\/fr\/wp-json\/wp\/v2\/media?parent=18087"}],"curies":[{"name":"wp","href":"https:\/\/api.w.org\/{rel}","templated":true}]}}