{"id":18078,"date":"2024-08-29T20:49:53","date_gmt":"2024-08-29T20:49:53","guid":{"rendered":"https:\/\/www.sonatus.com\/cas-dutilisation\/servir-le-segment-des-vehicules-utilitaires-avec-des-plateformes-communes\/"},"modified":"2024-10-02T22:29:26","modified_gmt":"2024-10-02T22:29:26","slug":"servir-le-segment-des-vehicules-utilitaires-avec-des-plateformes-communes","status":"publish","type":"page","link":"https:\/\/www.sonatus.com\/fr\/cas-dutilisation\/servir-le-segment-des-vehicules-utilitaires-avec-des-plateformes-communes\/","title":{"rendered":"Servir le segment des v\u00e9hicules utilitaires avec des plateformes communes"},"content":{"rendered":"<section class=\"wpb-content-wrapper\">[vc_row full_width=&#8221;stretch_row&#8221; typography_style=&#8221;white&#8221; el_class=&#8221;vc-hero vc-hero&#8211;use-cases&#8221; min_height=&#8221;300&#8243; css=&#8221;.vc_custom_1725392977962{padding-bottom: 0px !important;background-image: url(https:\/\/www.sonatus.com\/wp-content\/uploads\/2023\/05\/platform-hero-bg.jpg?id=1038) !important;background-position: center !important;background-repeat: no-repeat !important;background-size: cover !important;}&#8221; wpex_bg_position=&#8221;bottom&#8221;][vc_column width=&#8221;1\/2&#8243; css=&#8221;.vc_custom_1710197240705{padding-bottom: 0px !important;}&#8221;]<div class=\"vcex-heading vcex-heading-plain vcex-module wpex-text-2xl wpex-font-normal label\"><span class=\"vcex-heading-inner wpex-inline-block\">CAS D\u2019UTILISATION | CONCEPTION ET ING\u00c9NIERIE<\/span><\/div><style>.vcex-heading.vcex_69f0d99d993b9{width:720px;color:#3a4146;}<\/style><h1 class=\"vcex-heading vcex-heading-plain vcex-module wpex-text-2xl wpex-font-normal wpex-max-w-100 wpex-mr-auto vc-hero__heading vcex_69f0d99d993b9\"><span class=\"vcex-heading-inner wpex-inline-block\">Servir le segment des v\u00e9hicules utilitaires avec des plateformes communes<\/span><\/h1>[\/vc_column][vc_column width=&#8221;1\/2&#8243;]<style>.vcex-image.vcex_69f0d99d9c6ce .vcex-image-img{border-radius:var(--wpex-rounded-md);}<\/style><figure class=\"vcex-image vcex-module vc-hero__media pull-down vcex_69f0d99d9c6ce\"><div class=\"vcex-image-inner wpex-relative wpex-inline-block\"><img width=\"2560\" height=\"1991\" src=\"https:\/\/www.sonatus.com\/wp-content\/uploads\/2024\/08\/AdobeStock_791401418-scaled.jpeg\" class=\"vcex-image-img wpex-align-middle\" alt=\"Three White Delivery Trucks vans fleet of cargo trucks courier service Warehouse Building\" loading=\"lazy\" decoding=\"async\" srcset=\"https:\/\/www.sonatus.com\/wp-content\/uploads\/2024\/08\/AdobeStock_791401418-scaled.jpeg 2560w, https:\/\/www.sonatus.com\/wp-content\/uploads\/2024\/08\/AdobeStock_791401418-300x233.jpeg 300w, https:\/\/www.sonatus.com\/wp-content\/uploads\/2024\/08\/AdobeStock_791401418-1024x796.jpeg 1024w, https:\/\/www.sonatus.com\/wp-content\/uploads\/2024\/08\/AdobeStock_791401418-768x597.jpeg 768w, https:\/\/www.sonatus.com\/wp-content\/uploads\/2024\/08\/AdobeStock_791401418-1536x1195.jpeg 1536w, https:\/\/www.sonatus.com\/wp-content\/uploads\/2024\/08\/AdobeStock_791401418-2048x1593.jpeg 2048w\" sizes=\"auto, (max-width: 2560px) 100vw, 2560px\" \/><\/div><\/figure>[\/vc_column][\/vc_row][vc_row full_width=&#8221;stretch_row&#8221; column_spacing=&#8221;60&#8243;][vc_column offset=&#8221;vc_col-md-8&#8243;][vc_column_text align=&#8221;left&#8221; width=&#8221;780&#8243;]L\u2019augmentation de l\u2019urbanisation, la croissance de l\u2019e-commerce et l\u2019\u00e9volution vers des solutions de mobilit\u00e9 durables et efficaces sont \u00e0 l\u2019origine de la hausse de la demande de v\u00e9hicules commerciaux de tous types. Il est essentiel pour les constructeurs automobiles de r\u00e9pondre aux besoins d\u2019un ensemble diversifi\u00e9 de clients et de march\u00e9s en utilisant des plateformes automobiles communes afin de tirer profit de cette augmentation de la demande.[\/vc_column_text]<style>.vcex-heading.vcex_69f0d99d9df38{width:850px;}<\/style><h2 class=\"vcex-heading vcex-heading-plain vcex-module wpex-text-2xl wpex-font-normal wpex-max-w-100 wpex-mx-auto u-padding-top--xl vcex_69f0d99d9df38\"><span class=\"vcex-heading-inner wpex-inline-block\">Ajouter de la flexibilit\u00e9 aux plateformes de v\u00e9hicules avec Sonatus Foundation<\/span><\/h2>[vc_column_text]Les v\u00e9hicules destin\u00e9s \u00e0 diff\u00e9rents segments de march\u00e9 tels que le transport de passagers, la livraison de colis, les loisirs et les services publics peuvent partager une plateforme commune. Pourtant, chacun n\u00e9cessite des variations \u00e9lectriques et \u00e9lectroniques pour les cam\u00e9ras, les capteurs, l\u2019\u00e9clairage, les \u00e9crans, le confort des passagers, la t\u00e9l\u00e9matique, etc.<\/p>\n<p>Sonatus Foundation apporte de la flexibilit\u00e9 aux architectures E\/E des v\u00e9hicules afin de permettre aux OEM d\u2019exploiter des plateformes automobiles communes pour de multiples segments de march\u00e9 et clients.[\/vc_column_text]<style>.vcex-heading.vcex_69f0d99d9ee34{width:850px;}<\/style><h3 class=\"vcex-heading vcex-heading-plain vcex-module wpex-text-2xl wpex-font-normal wpex-max-w-100 wpex-mx-auto u-padding-top--xl vcex_69f0d99d9ee34\"><span class=\"vcex-heading-inner wpex-inline-block\">Contr\u00f4ler finement les r\u00e9seaux embarqu\u00e9s<\/span><\/h3>[vc_column_text el_class=&#8221;orange-checks&#8221;]Sonatus Foundation permet aux OEM de d\u00e9ployer des r\u00e9seaux d\u00e9finis par logiciel dans leur architecture E\/E en ajoutant un contr\u00f4le granulaire et une configurabilit\u00e9 dynamique aux r\u00e9seaux embarqu\u00e9s. Cette flexibilit\u00e9 permet de prendre en charge plusieurs mod\u00e8les de v\u00e9hicules dot\u00e9s de syst\u00e8mes \u00e9lectroniques diff\u00e9rents sur des plateformes communes, afin de r\u00e9pondre aux besoins de diff\u00e9rents segments de march\u00e9.[\/vc_column_text]<div class=\"vcex-callout vcex-module wpex-boxed vc-callout u-margin-top--md\"><div class=\"vcex-callout-caption wpex-text-md wpex-last-mb-0 wpex-clr\"><h5>How it works<\/h5>\n<ul>\n<li>Separates control and data plane to achieve policy-driven network management<\/li>\n<li>Adds precise traffic engineering controls to support mixed-critical applications<\/li>\n<li>Allows dynamic reconfiguration from the cloud throughout vehicle lifecycles<\/li>\n<\/ul>\n<\/div><\/div><style>.vcex-heading.vcex_69f0d99da02cd{width:850px;}<\/style><h3 class=\"vcex-heading vcex-heading-plain vcex-module wpex-text-2xl wpex-font-normal wpex-max-w-100 wpex-mx-auto u-padding-top--xl vcex_69f0d99da02cd\"><span class=\"vcex-heading-inner wpex-inline-block\">Ajouter de la modularit\u00e9 aux services embarqu\u00e9s<\/span><\/h3>[vc_column_text el_class=&#8221;orange-checks&#8221;]Le gestionnaire d\u2019architecture orient\u00e9e services (SOA) de Sonatus Foundation facilite la modularit\u00e9 des services logiciels embarqu\u00e9s et leur int\u00e9gration transparente dans le v\u00e9hicule, ce qui simplifie l\u2019adaptation des fonctionnalit\u00e9s et fonctions num\u00e9riques \u00e0 de multiples cas d\u2019utilisation par les clients.[\/vc_column_text]<div class=\"vcex-callout vcex-module wpex-boxed vc-callout u-margin-top--md\"><div class=\"vcex-callout-caption wpex-text-md wpex-last-mb-0 wpex-clr\"><h5>How it works<\/h5>\n<ul>\n<li>Adds SOA registry to integrate services across domains<\/li>\n<li>Provides ability manage and control access to services<\/li>\n<li>Speeds up service discovery and subscription<\/li>\n<li>Provides resilience of services with error detection and recovery<\/li>\n<li>Dynamically manageable from the cloud<\/li>\n<\/ul>\n<\/div><\/div>[\/vc_column][vc_column offset=&#8221;vc_col-md-4&#8243;][\/vc_column][\/vc_row][vc_row full_width=&#8221;stretch_row&#8221; css=&#8221;.vc_custom_1711496756672{padding-top: 0px !important;background-color: #eceded !important;}&#8221;][vc_column]<h2 class=\"vcex-heading vcex-heading-plain vcex-module wpex-text-2xl wpex-font-normal vc_custom_1711496735566\"><span class=\"vcex-heading-inner wpex-inline-block\">Produits et solutions connexes<\/span><\/h2><div class=\"wpex-post-cards wpex-post-cards-related-product-card wpex-relative\"><div class=\"wpex-post-cards-inner\"><div class=\"wpex-post-cards-loop wpex-post-cards-grid wpex-row wpex-clr\"><div class=\"wpex-post-cards-entry post-17740 type-page col col-1 span_1_of_1 translation_priority-300 author-2\"><div class=\"wpex-card wpex-card-related-product-card\">\n    <div class=\"c-card c-card--related-product\">\n        <div class=\"c-card__media\">\n            <img loading=\"lazy\" decoding=\"async\" width=\"124\" height=\"114\" src=\"https:\/\/www.sonatus.com\/wp-content\/uploads\/2023\/06\/icon-sonatus-foundation.svg\" class=\"attachment-full size-full\" alt=\"Sonatus Foundation is a product in the Sonatus software platform providing networking, data, application and cybersecurity services\" \/>        <\/div>\n\n        <div class=\"c-card__content\">\n            <a href=\"https:\/\/www.sonatus.com\/fr\/sonatus-foundation\/\"><h4>Sonatus Foundation<\/h4><\/a>\n            <div class=\"c-card__blurb\">\n                                    Construisez une architecture de logiciel automobile polyvalente, adaptable et \u00e9volutive.                            <\/div>\n                            <a href=\"https:\/\/www.sonatus.com\/fr\/sonatus-foundation\/\" target=\"_blank\" class=\"c-card__cta vcex-button theme-button c-text-button\">\n\n                    <span class=\"theme-button-inner\">\n                        En savoir plus                    <\/span>\n                <\/a>\n            \n        <\/div>\n    <\/div>\n\n\n<\/div><\/div><\/div><\/div><\/div>[\/vc_column][\/vc_row]\n<\/section>","protected":false},"excerpt":{"rendered":"<p>[vc_row full_width=&#8221;stretch_row&#8221; typography_style=&#8221;white&#8221; el_class=&#8221;vc-hero vc-hero&#8211;use-cases&#8221; min_height=&#8221;300&#8243; css=&#8221;.vc_custom_1725392977962{padding-bottom: 0px !important;background-image: url(https:\/\/www.sonatus.com\/wp-content\/uploads\/2023\/05\/platform-hero-bg.jpg?id=1038) !important;background-position: center !important;background-repeat: no-repeat !important;background-size: cover !important;}&#8221; wpex_bg_position=&#8221;bottom&#8221;][vc_column width=&#8221;1\/2&#8243; css=&#8221;.vc_custom_1710197240705{padding-bottom:&hellip;<\/p>\n","protected":false},"author":7,"featured_media":16199,"parent":18070,"menu_order":0,"comment_status":"closed","ping_status":"closed","template":"","meta":{"content-type":"","inline_featured_image":false,"footnotes":""},"class_list":["post-18078","page","type-page","status-publish","has-post-thumbnail","hentry","entry","has-media"],"acf":[],"yoast_head":"<!-- This site is optimized with the Yoast SEO Premium plugin v25.8 (Yoast SEO v26.0) - https:\/\/yoast.com\/wordpress\/plugins\/seo\/ -->\n<title>Servir le segment des v\u00e9hicules utilitaires avec des plateformes communes | Sonatus<\/title>\n<meta name=\"description\" content=\"Il est essentiel pour les constructeurs automobiles de r\u00e9pondre aux besoins d\u2019un ensemble diversifi\u00e9 de clients et de march\u00e9s en utilisant des plateformes automobiles communes afin de tirer profit de cette augmentation de la demande\" \/>\n<meta name=\"robots\" content=\"index, follow, max-snippet:-1, max-image-preview:large, max-video-preview:-1\" \/>\n<link rel=\"canonical\" href=\"https:\/\/www.sonatus.com\/fr\/cas-dutilisation\/servir-le-segment-des-vehicules-utilitaires-avec-des-plateformes-communes\/\" \/>\n<meta property=\"og:locale\" content=\"fr_FR\" \/>\n<meta property=\"og:type\" content=\"article\" \/>\n<meta property=\"og:title\" content=\"Servir le segment des v\u00e9hicules utilitaires avec des plateformes communes\" \/>\n<meta property=\"og:description\" content=\"Il est essentiel pour les constructeurs automobiles de r\u00e9pondre aux besoins d\u2019un ensemble diversifi\u00e9 de clients et de march\u00e9s en utilisant des plateformes automobiles communes afin de tirer profit de cette augmentation de la demande\" \/>\n<meta property=\"og:url\" content=\"https:\/\/www.sonatus.com\/fr\/cas-dutilisation\/servir-le-segment-des-vehicules-utilitaires-avec-des-plateformes-communes\/\" \/>\n<meta property=\"og:site_name\" content=\"Sonatus\" \/>\n<meta property=\"article:modified_time\" content=\"2024-10-02T22:29:26+00:00\" \/>\n<meta property=\"og:image\" content=\"https:\/\/www.sonatus.com\/wp-content\/uploads\/2024\/08\/AdobeStock_791401418-scaled.jpeg\" \/>\n\t<meta property=\"og:image:width\" content=\"2560\" \/>\n\t<meta property=\"og:image:height\" content=\"1991\" \/>\n\t<meta property=\"og:image:type\" content=\"image\/jpeg\" \/>\n<meta name=\"twitter:card\" content=\"summary_large_image\" \/>\n<meta name=\"twitter:label1\" content=\"Est. reading time\" \/>\n\t<meta name=\"twitter:data1\" content=\"3 minutes\" \/>\n<script type=\"application\/ld+json\" class=\"yoast-schema-graph\">{\"@context\":\"https:\/\/schema.org\",\"@graph\":[{\"@type\":\"WebPage\",\"@id\":\"https:\/\/www.sonatus.com\/fr\/cas-dutilisation\/servir-le-segment-des-vehicules-utilitaires-avec-des-plateformes-communes\/\",\"url\":\"https:\/\/www.sonatus.com\/fr\/cas-dutilisation\/servir-le-segment-des-vehicules-utilitaires-avec-des-plateformes-communes\/\",\"name\":\"Servir le segment des v\u00e9hicules utilitaires avec des plateformes communes | Sonatus\",\"isPartOf\":{\"@id\":\"https:\/\/www.sonatus.com\/fr\/#website\"},\"primaryImageOfPage\":{\"@id\":\"https:\/\/www.sonatus.com\/fr\/cas-dutilisation\/servir-le-segment-des-vehicules-utilitaires-avec-des-plateformes-communes\/#primaryimage\"},\"image\":{\"@id\":\"https:\/\/www.sonatus.com\/fr\/cas-dutilisation\/servir-le-segment-des-vehicules-utilitaires-avec-des-plateformes-communes\/#primaryimage\"},\"thumbnailUrl\":\"https:\/\/www.sonatus.com\/wp-content\/uploads\/2024\/08\/AdobeStock_791401418-scaled.jpeg\",\"datePublished\":\"2024-08-29T20:49:53+00:00\",\"dateModified\":\"2024-10-02T22:29:26+00:00\",\"description\":\"Il est essentiel pour les constructeurs automobiles de r\u00e9pondre aux besoins d\u2019un ensemble diversifi\u00e9 de clients et de march\u00e9s en utilisant des plateformes automobiles communes afin de tirer profit de cette augmentation de la demande\",\"breadcrumb\":{\"@id\":\"https:\/\/www.sonatus.com\/fr\/cas-dutilisation\/servir-le-segment-des-vehicules-utilitaires-avec-des-plateformes-communes\/#breadcrumb\"},\"inLanguage\":\"fr-FR\",\"potentialAction\":[{\"@type\":\"ReadAction\",\"target\":[\"https:\/\/www.sonatus.com\/fr\/cas-dutilisation\/servir-le-segment-des-vehicules-utilitaires-avec-des-plateformes-communes\/\"]}]},{\"@type\":\"ImageObject\",\"inLanguage\":\"fr-FR\",\"@id\":\"https:\/\/www.sonatus.com\/fr\/cas-dutilisation\/servir-le-segment-des-vehicules-utilitaires-avec-des-plateformes-communes\/#primaryimage\",\"url\":\"https:\/\/www.sonatus.com\/wp-content\/uploads\/2024\/08\/AdobeStock_791401418-scaled.jpeg\",\"contentUrl\":\"https:\/\/www.sonatus.com\/wp-content\/uploads\/2024\/08\/AdobeStock_791401418-scaled.jpeg\",\"width\":2560,\"height\":1991,\"caption\":\"Three White Delivery Trucks vans fleet of cargo trucks courier service Warehouse Building\"},{\"@type\":\"BreadcrumbList\",\"@id\":\"https:\/\/www.sonatus.com\/fr\/cas-dutilisation\/servir-le-segment-des-vehicules-utilitaires-avec-des-plateformes-communes\/#breadcrumb\",\"itemListElement\":[{\"@type\":\"ListItem\",\"position\":1,\"name\":\"Home\",\"item\":\"https:\/\/www.sonatus.com\/fr\/\"},{\"@type\":\"ListItem\",\"position\":2,\"name\":\"Cas d\u2019utilisation\",\"item\":\"https:\/\/www.sonatus.com\/fr\/cas-dutilisation\/\"},{\"@type\":\"ListItem\",\"position\":3,\"name\":\"Servir le segment des v\u00e9hicules utilitaires avec des plateformes communes\"}]},{\"@type\":\"WebSite\",\"@id\":\"https:\/\/www.sonatus.com\/fr\/#website\",\"url\":\"https:\/\/www.sonatus.com\/fr\/\",\"name\":\"Sonatus\",\"description\":\"Accelerating Vehicle Software Innovation\",\"publisher\":{\"@id\":\"https:\/\/www.sonatus.com\/fr\/#organization\"},\"potentialAction\":[{\"@type\":\"SearchAction\",\"target\":{\"@type\":\"EntryPoint\",\"urlTemplate\":\"https:\/\/www.sonatus.com\/fr\/?s={search_term_string}\"},\"query-input\":{\"@type\":\"PropertyValueSpecification\",\"valueRequired\":true,\"valueName\":\"search_term_string\"}}],\"inLanguage\":\"fr-FR\"},{\"@type\":\"Organization\",\"@id\":\"https:\/\/www.sonatus.com\/fr\/#organization\",\"name\":\"Sonatus\",\"url\":\"https:\/\/www.sonatus.com\/fr\/\",\"logo\":{\"@type\":\"ImageObject\",\"inLanguage\":\"fr-FR\",\"@id\":\"https:\/\/www.sonatus.com\/fr\/#\/schema\/logo\/image\/\",\"url\":\"https:\/\/www.sonatus.com\/wp-content\/uploads\/2023\/05\/sonatus-logo.svg\",\"contentUrl\":\"https:\/\/www.sonatus.com\/wp-content\/uploads\/2023\/05\/sonatus-logo.svg\",\"width\":202,\"height\":32,\"caption\":\"Sonatus\"},\"image\":{\"@id\":\"https:\/\/www.sonatus.com\/fr\/#\/schema\/logo\/image\/\"},\"sameAs\":[\"https:\/\/www.linkedin.com\/company\/sonatus\/\"]}]}<\/script>\n<!-- \/ Yoast SEO Premium plugin. -->","yoast_head_json":{"title":"Servir le segment des v\u00e9hicules utilitaires avec des plateformes communes | Sonatus","description":"Il est essentiel pour les constructeurs automobiles de r\u00e9pondre aux besoins d\u2019un ensemble diversifi\u00e9 de clients et de march\u00e9s en utilisant des plateformes automobiles communes afin de tirer profit de cette augmentation de la demande","robots":{"index":"index","follow":"follow","max-snippet":"max-snippet:-1","max-image-preview":"max-image-preview:large","max-video-preview":"max-video-preview:-1"},"canonical":"https:\/\/www.sonatus.com\/fr\/cas-dutilisation\/servir-le-segment-des-vehicules-utilitaires-avec-des-plateformes-communes\/","og_locale":"fr_FR","og_type":"article","og_title":"Servir le segment des v\u00e9hicules utilitaires avec des plateformes communes","og_description":"Il est essentiel pour les constructeurs automobiles de r\u00e9pondre aux besoins d\u2019un ensemble diversifi\u00e9 de clients et de march\u00e9s en utilisant des plateformes automobiles communes afin de tirer profit de cette augmentation de la demande","og_url":"https:\/\/www.sonatus.com\/fr\/cas-dutilisation\/servir-le-segment-des-vehicules-utilitaires-avec-des-plateformes-communes\/","og_site_name":"Sonatus","article_modified_time":"2024-10-02T22:29:26+00:00","og_image":[{"width":2560,"height":1991,"url":"https:\/\/www.sonatus.com\/wp-content\/uploads\/2024\/08\/AdobeStock_791401418-scaled.jpeg","type":"image\/jpeg"}],"twitter_card":"summary_large_image","twitter_misc":{"Est. reading time":"3 minutes"},"schema":{"@context":"https:\/\/schema.org","@graph":[{"@type":"WebPage","@id":"https:\/\/www.sonatus.com\/fr\/cas-dutilisation\/servir-le-segment-des-vehicules-utilitaires-avec-des-plateformes-communes\/","url":"https:\/\/www.sonatus.com\/fr\/cas-dutilisation\/servir-le-segment-des-vehicules-utilitaires-avec-des-plateformes-communes\/","name":"Servir le segment des v\u00e9hicules utilitaires avec des plateformes communes | Sonatus","isPartOf":{"@id":"https:\/\/www.sonatus.com\/fr\/#website"},"primaryImageOfPage":{"@id":"https:\/\/www.sonatus.com\/fr\/cas-dutilisation\/servir-le-segment-des-vehicules-utilitaires-avec-des-plateformes-communes\/#primaryimage"},"image":{"@id":"https:\/\/www.sonatus.com\/fr\/cas-dutilisation\/servir-le-segment-des-vehicules-utilitaires-avec-des-plateformes-communes\/#primaryimage"},"thumbnailUrl":"https:\/\/www.sonatus.com\/wp-content\/uploads\/2024\/08\/AdobeStock_791401418-scaled.jpeg","datePublished":"2024-08-29T20:49:53+00:00","dateModified":"2024-10-02T22:29:26+00:00","description":"Il est essentiel pour les constructeurs automobiles de r\u00e9pondre aux besoins d\u2019un ensemble diversifi\u00e9 de clients et de march\u00e9s en utilisant des plateformes automobiles communes afin de tirer profit de cette augmentation de la demande","breadcrumb":{"@id":"https:\/\/www.sonatus.com\/fr\/cas-dutilisation\/servir-le-segment-des-vehicules-utilitaires-avec-des-plateformes-communes\/#breadcrumb"},"inLanguage":"fr-FR","potentialAction":[{"@type":"ReadAction","target":["https:\/\/www.sonatus.com\/fr\/cas-dutilisation\/servir-le-segment-des-vehicules-utilitaires-avec-des-plateformes-communes\/"]}]},{"@type":"ImageObject","inLanguage":"fr-FR","@id":"https:\/\/www.sonatus.com\/fr\/cas-dutilisation\/servir-le-segment-des-vehicules-utilitaires-avec-des-plateformes-communes\/#primaryimage","url":"https:\/\/www.sonatus.com\/wp-content\/uploads\/2024\/08\/AdobeStock_791401418-scaled.jpeg","contentUrl":"https:\/\/www.sonatus.com\/wp-content\/uploads\/2024\/08\/AdobeStock_791401418-scaled.jpeg","width":2560,"height":1991,"caption":"Three White Delivery Trucks vans fleet of cargo trucks courier service Warehouse Building"},{"@type":"BreadcrumbList","@id":"https:\/\/www.sonatus.com\/fr\/cas-dutilisation\/servir-le-segment-des-vehicules-utilitaires-avec-des-plateformes-communes\/#breadcrumb","itemListElement":[{"@type":"ListItem","position":1,"name":"Home","item":"https:\/\/www.sonatus.com\/fr\/"},{"@type":"ListItem","position":2,"name":"Cas d\u2019utilisation","item":"https:\/\/www.sonatus.com\/fr\/cas-dutilisation\/"},{"@type":"ListItem","position":3,"name":"Servir le segment des v\u00e9hicules utilitaires avec des plateformes communes"}]},{"@type":"WebSite","@id":"https:\/\/www.sonatus.com\/fr\/#website","url":"https:\/\/www.sonatus.com\/fr\/","name":"Sonatus","description":"Accelerating Vehicle Software Innovation","publisher":{"@id":"https:\/\/www.sonatus.com\/fr\/#organization"},"potentialAction":[{"@type":"SearchAction","target":{"@type":"EntryPoint","urlTemplate":"https:\/\/www.sonatus.com\/fr\/?s={search_term_string}"},"query-input":{"@type":"PropertyValueSpecification","valueRequired":true,"valueName":"search_term_string"}}],"inLanguage":"fr-FR"},{"@type":"Organization","@id":"https:\/\/www.sonatus.com\/fr\/#organization","name":"Sonatus","url":"https:\/\/www.sonatus.com\/fr\/","logo":{"@type":"ImageObject","inLanguage":"fr-FR","@id":"https:\/\/www.sonatus.com\/fr\/#\/schema\/logo\/image\/","url":"https:\/\/www.sonatus.com\/wp-content\/uploads\/2023\/05\/sonatus-logo.svg","contentUrl":"https:\/\/www.sonatus.com\/wp-content\/uploads\/2023\/05\/sonatus-logo.svg","width":202,"height":32,"caption":"Sonatus"},"image":{"@id":"https:\/\/www.sonatus.com\/fr\/#\/schema\/logo\/image\/"},"sameAs":["https:\/\/www.linkedin.com\/company\/sonatus\/"]}]}},"_links":{"self":[{"href":"https:\/\/www.sonatus.com\/fr\/wp-json\/wp\/v2\/pages\/18078","targetHints":{"allow":["GET"]}}],"collection":[{"href":"https:\/\/www.sonatus.com\/fr\/wp-json\/wp\/v2\/pages"}],"about":[{"href":"https:\/\/www.sonatus.com\/fr\/wp-json\/wp\/v2\/types\/page"}],"author":[{"embeddable":true,"href":"https:\/\/www.sonatus.com\/fr\/wp-json\/wp\/v2\/users\/7"}],"replies":[{"embeddable":true,"href":"https:\/\/www.sonatus.com\/fr\/wp-json\/wp\/v2\/comments?post=18078"}],"version-history":[{"count":1,"href":"https:\/\/www.sonatus.com\/fr\/wp-json\/wp\/v2\/pages\/18078\/revisions"}],"predecessor-version":[{"id":18084,"href":"https:\/\/www.sonatus.com\/fr\/wp-json\/wp\/v2\/pages\/18078\/revisions\/18084"}],"up":[{"embeddable":true,"href":"https:\/\/www.sonatus.com\/fr\/wp-json\/wp\/v2\/pages\/18070"}],"wp:featuredmedia":[{"embeddable":true,"href":"https:\/\/www.sonatus.com\/fr\/wp-json\/wp\/v2\/media\/16199"}],"wp:attachment":[{"href":"https:\/\/www.sonatus.com\/fr\/wp-json\/wp\/v2\/media?parent=18078"}],"curies":[{"name":"wp","href":"https:\/\/api.w.org\/{rel}","templated":true}]}}