{"id":18069,"date":"2024-08-29T20:43:15","date_gmt":"2024-08-29T20:43:15","guid":{"rendered":"https:\/\/www.sonatus.com\/renforcer-la-securite-et-la-retention-des-conducteurs\/"},"modified":"2024-12-13T23:58:13","modified_gmt":"2024-12-13T23:58:13","slug":"renforcer-la-securite-et-la-retention-des-conducteurs","status":"publish","type":"page","link":"https:\/\/www.sonatus.com\/fr\/cas-dutilisation\/renforcer-la-securite-et-la-retention-des-conducteurs\/","title":{"rendered":"Renforcer la s\u00e9curit\u00e9 et la r\u00e9tention des conducteurs"},"content":{"rendered":"<section class=\"wpb-content-wrapper\">[vc_row full_width=&#8221;stretch_row&#8221; typography_style=&#8221;white&#8221; el_class=&#8221;vc-hero vc-hero&#8211;use-cases&#8221; min_height=&#8221;300&#8243; css=&#8221;.vc_custom_1725392369886{padding-bottom: 0px !important;background-image: url(https:\/\/www.sonatus.com\/wp-content\/uploads\/2023\/05\/platform-hero-bg.jpg?id=1038) !important;background-position: center !important;background-repeat: no-repeat !important;background-size: cover !important;}&#8221; wpex_bg_position=&#8221;bottom&#8221;][vc_column width=&#8221;1\/2&#8243; css=&#8221;.vc_custom_1710197240705{padding-bottom: 0px !important;}&#8221;]<div class=\"vcex-heading vcex-heading-plain vcex-module wpex-text-2xl wpex-font-normal label\"><span class=\"vcex-heading-inner wpex-inline-block\">CAS D\u2019UTILISATION | SERVICES \u00c0 VALEUR AJOUT\u00c9E<\/span><\/div><style>.vcex-heading.vcex_69f145590fba2{width:720px;color:#3a4146;}<\/style><h1 class=\"vcex-heading vcex-heading-plain vcex-module wpex-text-2xl wpex-font-normal wpex-max-w-100 wpex-mr-auto vc-hero__heading vcex_69f145590fba2\"><span class=\"vcex-heading-inner wpex-inline-block\">Renforcer la s\u00e9curit\u00e9 et fid\u00e9liser les conducteurs<br \/><\/span><\/h1>[\/vc_column][vc_column width=&#8221;1\/2&#8243;]<style>.vcex-image.vcex_69f1455912926 .vcex-image-img{border-radius:var(--wpex-rounded-md);}<\/style><figure class=\"vcex-image vcex-module vc-hero__media pull-down vcex_69f1455912926\"><div class=\"vcex-image-inner wpex-relative wpex-inline-block\"><img width=\"2560\" height=\"1709\" src=\"https:\/\/www.sonatus.com\/wp-content\/uploads\/2024\/08\/AdobeStock_245894773-scaled.jpeg\" class=\"vcex-image-img wpex-align-middle\" alt=\"Smiling commercial van driver\" loading=\"lazy\" decoding=\"async\" srcset=\"https:\/\/www.sonatus.com\/wp-content\/uploads\/2024\/08\/AdobeStock_245894773-scaled.jpeg 2560w, https:\/\/www.sonatus.com\/wp-content\/uploads\/2024\/08\/AdobeStock_245894773-300x200.jpeg 300w, https:\/\/www.sonatus.com\/wp-content\/uploads\/2024\/08\/AdobeStock_245894773-1024x683.jpeg 1024w, https:\/\/www.sonatus.com\/wp-content\/uploads\/2024\/08\/AdobeStock_245894773-768x513.jpeg 768w, https:\/\/www.sonatus.com\/wp-content\/uploads\/2024\/08\/AdobeStock_245894773-1536x1025.jpeg 1536w, https:\/\/www.sonatus.com\/wp-content\/uploads\/2024\/08\/AdobeStock_245894773-2048x1367.jpeg 2048w\" sizes=\"auto, (max-width: 2560px) 100vw, 2560px\" \/><\/div><\/figure>[\/vc_column][\/vc_row][vc_row full_width=&#8221;stretch_row&#8221; column_spacing=&#8221;60&#8243;][vc_column offset=&#8221;vc_col-md-8&#8243;][vc_column_text align=&#8221;left&#8221; width=&#8221;780&#8243;]La nouvelle g\u00e9n\u00e9ration de v\u00e9hicules commerciaux charg\u00e9s de technologie offre aux constructeurs la possibilit\u00e9 de fournir des capacit\u00e9s avanc\u00e9es de gestion de flotte et de t\u00e9l\u00e9matique qui peuvent r\u00e9pondre au besoin urgent d\u2019am\u00e9liorer la s\u00e9curit\u00e9 du conducteur et les conditions de travail.[\/vc_column_text]<style>.vcex-heading.vcex_69f1455913747{width:850px;}<\/style><h2 class=\"vcex-heading vcex-heading-plain vcex-module wpex-text-2xl wpex-font-normal wpex-max-w-100 wpex-mx-auto u-margin-top--lg vcex_69f1455913747\"><span class=\"vcex-heading-inner wpex-inline-block\">Am\u00e9liorer la s\u00e9curit\u00e9 et la commodit\u00e9 du conducteur avec Sonatus Automator AI<br \/><\/span><\/h2>[vc_column_text]<span style=\"font-weight: 400;\">Sonatus Automator AI permet aux OEM de cr\u00e9er des fonctionnalit\u00e9s personnalis\u00e9es en utilisant des politiques d\u2019automatisation pour ex\u00e9cuter un large \u00e9ventail de fonctions du v\u00e9hicule, y compris pour am\u00e9liorer la s\u00e9curit\u00e9 et la commodit\u00e9 du conducteur. Ces fonctionnalit\u00e9s, qui ne n\u00e9cessitent aucun d\u00e9veloppement logiciel, peuvent \u00eatre d\u00e9ploy\u00e9es instantan\u00e9ment dans les flottes et int\u00e9gr\u00e9es en toute fluidit\u00e9 dans les syst\u00e8mes de gestion de flotte existants.<\/span>[\/vc_column_text]<style>.vcex-heading.vcex_69f1455913e07{width:850px;}<\/style><h3 class=\"vcex-heading vcex-heading-plain vcex-module wpex-text-2xl wpex-font-normal wpex-max-w-100 wpex-mx-auto u-margin-top--xl vcex_69f1455913e07\"><span class=\"vcex-heading-inner wpex-inline-block\">Veiller \u00e0 ce que les fonctions ADAS demeurent activ\u00e9es pour garantir une s\u00e9curit\u00e9 maximale<br \/><\/span><\/h3>[vc_column_text el_class=&#8221;orange-checks&#8221;]Les v\u00e9hicules modernes int\u00e8grent de nombreux syst\u00e8mes d\u2019assistance et dispositifs de s\u00e9curit\u00e9 avanc\u00e9s. Cependant, leur efficacit\u00e9 repose sur une utilisation constante et appropri\u00e9e. Il n&#8217;est pas rare que les conducteurs d\u00e9sactivent, intentionnellement ou par inadvertance, des fonctions essentielles telles que les alertes de franchissement de ligne, la surveillance des angles morts, la d\u00e9tection des risques de collision, ainsi que d&#8217;autres fonctionnalit\u00e9s ADAS.<\/p>\n<p>L&#8217;int\u00e9gration de Sonatus Automator AI dans l&#8217;architecture des v\u00e9hicules d\u00e9finis par logiciel (SDV) permettra d\u2019automatiser la v\u00e9rification et l\u2019activation continue des fonctionnalit\u00e9s ADAS, en veillant \u00e0 ce qu\u2019elles restent configur\u00e9es selon les param\u00e8tres recommand\u00e9s.[\/vc_column_text]<div class=\"vcex-callout vcex-module wpex-boxed vc-callout u-margin-top--md\"><div class=\"vcex-callout-caption wpex-text-md wpex-last-mb-0 wpex-clr\"><h5>How it works<\/h5>\n<ul>\n<li>Fleet manager selects the ADAS features that must be active at all times<\/li>\n<li>At ignition-on, Automator AI policy runs a scan of the vehicle\u2019s ADAS settings<\/li>\n<li>If any selected feature is deactivated, Automator turns it back on<\/li>\n<\/ul>\n<\/div><\/div><style>.vcex-heading.vcex_69f1455914e81{width:850px;}<\/style><h3 class=\"vcex-heading vcex-heading-plain vcex-module wpex-text-2xl wpex-font-normal wpex-max-w-100 wpex-mx-auto u-margin-top--xl vcex_69f1455914e81\"><span class=\"vcex-heading-inner wpex-inline-block\">Application de restrictions de conduite s\u00e9curitaire sp\u00e9cifiques \u00e0 chaque flotte<br \/><\/span><\/h3>[vc_column_text el_class=&#8221;orange-checks&#8221;]Les flottes op\u00e8rent dans des conditions diverses et vari\u00e9es en termes de routes, de trafic et de m\u00e9t\u00e9o, avec des v\u00e9hicules pr\u00e9sentant des \u00e9tats de sant\u00e9 et d\u2019entretien diff\u00e9rents. Par cons\u00e9quent, ce qui est consid\u00e9r\u00e9 comme une conduite s\u00e9curitaire peut varier d\u2019une flotte \u00e0 l\u2019autre, voire au sein d\u2019une m\u00eame flotte.<\/p>\n<p>Proposer une politique de configuration avec Automator permettant aux gestionnaires de flotte de d\u00e9finir et d\u2019appliquer leurs propres normes de conduite s\u00e9curitaire.[\/vc_column_text]<div class=\"vcex-callout vcex-module wpex-boxed vc-callout u-margin-top--md\"><div class=\"vcex-callout-caption wpex-text-md wpex-last-mb-0 wpex-clr\"><h5>How it works<\/h5>\n<ul>\n<li>Fleet manager selects the driving conditions<\/li>\n<li>Weather<\/li>\n<li>Traffic<\/li>\n<li>Vehicle health<\/li>\n<li>Set action<\/li>\n<li>In-cabin alert<\/li>\n<li>Trigger speed limiter<\/li>\n<li>Send alert to fleet manager dashboard<\/li>\n<li>Record instance on fleet management system<\/li>\n<\/ul>\n<\/div><\/div><style>.vcex-heading.vcex_69f1455915d5e{width:850px;}<\/style><h3 class=\"vcex-heading vcex-heading-plain vcex-module wpex-text-2xl wpex-font-normal wpex-max-w-100 wpex-mx-auto u-margin-top--xl vcex_69f1455915d5e\"><span class=\"vcex-heading-inner wpex-inline-block\">Am\u00e9liorer l\u2019exp\u00e9rience et la productivit\u00e9 des conducteurs<\/span><\/h3>[vc_column_text el_class=&#8221;orange-checks&#8221;]Les conducteurs de v\u00e9hicules commerciaux dans les op\u00e9rations de flotte se voient souvent attribuer des v\u00e9hicules diff\u00e9rents pour chaque quart de travail. Le r\u00e9glage r\u00e9p\u00e9t\u00e9 des param\u00e8tres de l\u2019habitacle et de confort peut \u00eatre frustrant et, dans le pire des cas, peut nuire \u00e0 la conduite si le conducteur ne proc\u00e8de pas \u00e0 ces r\u00e9glages. La bonne position du si\u00e8ge, le r\u00e9glage des r\u00e9troviseurs, l\u2019orientation de l\u2019\u00e9cran de l\u2019IVI\/navigation et les r\u00e9glages de la climatisation ont un impact significatif sur le confort du conducteur et, par cons\u00e9quent, sur ses performances sur la route.<\/p>\n<p>Ajoutez une politique Sonatus Automator AI pour appliquer automatiquement les param\u00e8tres pr\u00e9f\u00e9r\u00e9s sp\u00e9cifiques \u00e0 chaque conducteur lorsqu\u2019il conduit un v\u00e9hicule.[\/vc_column_text]<div class=\"vcex-callout vcex-module wpex-boxed vc-callout u-margin-top--md\"><div class=\"vcex-callout-caption wpex-text-md wpex-last-mb-0 wpex-clr\"><ul>\n<li>Record individual driver\u2019s personalized settings for each vehicle with Sonatus Collector AI<\/li>\n<li>Store settings in a driver profile database<\/li>\n<li>Automator policy includes a link to profile database<\/li>\n<li>Policy is activated when the fleet scheduling system assigns a driver to a vehicle<\/li>\n<li>Individualize in-cabin settings are automatically applied driver starts a vehicle<\/li>\n<\/ul>\n<\/div><\/div>[\/vc_column][vc_column offset=&#8221;vc_col-md-4&#8243;]<div class=\"vcex-callout vcex-module wpex-boxed vc-callout vc-callout--dark typography-white\"><div class=\"vcex-callout-caption wpex-text-md wpex-last-mb-0 wpex-clr\"><h5>Risques li\u00e9s \u00e0 la conduite de voitures commerciales en hausse<\/h5>\n<ul>\n<li>~ 6&nbsp;000&nbsp;d\u00e9c\u00e8s\/an aux \u00c9tats-Unis (Source&nbsp;: NHTSA)<\/li>\n<li>Augmentation de 75&nbsp;% depuis 2009.<\/li>\n<\/ul>\n<h5>P\u00e9nurie de chauffeurs<\/h5>\n<ul>\n<li>745&nbsp;000&nbsp;en Europe d\u2019ici 2028 (Source&nbsp;: IRU)<\/li>\n<li>160&nbsp;000&nbsp;aux \u00c9tats-Unis d\u2019ici 2030 (Source&nbsp;: ATA)<\/li>\n<\/ul>\n<\/div><\/div>[\/vc_column][\/vc_row][vc_row full_width=&#8221;stretch_row&#8221; css=&#8221;.vc_custom_1711496756672{padding-top: 0px !important;background-color: #eceded !important;}&#8221;][vc_column]<h2 class=\"vcex-heading vcex-heading-plain vcex-module wpex-text-2xl wpex-font-normal vc_custom_1711496735566\"><span class=\"vcex-heading-inner wpex-inline-block\">Produits et solutions connexes<\/span><\/h2><div class=\"wpex-post-cards wpex-post-cards-related-product-card wpex-relative\"><div class=\"wpex-post-cards-inner\"><div class=\"wpex-post-cards-loop wpex-post-cards-grid wpex-row wpex-clr\"><div class=\"wpex-post-cards-entry post-17672 type-page col col-1 span_1_of_1 translation_priority-300 author-2\"><div class=\"wpex-card wpex-card-related-product-card\">\n    <div class=\"c-card c-card--related-product\">\n        <div class=\"c-card__media\">\n            <img loading=\"lazy\" decoding=\"async\" width=\"1\" height=\"1\" src=\"https:\/\/www.sonatus.com\/wp-content\/uploads\/2025\/12\/Sonatus_Products_Automator_AI.svg\" class=\"attachment-full size-full\" alt=\"\" \/>        <\/div>\n\n        <div class=\"c-card__content\">\n            <a href=\"https:\/\/www.sonatus.com\/fr\/sonatus-automator\/\"><h4>Sonatus Automator AI<\/h4><\/a>\n            <div class=\"c-card__blurb\">\n                                    Innover tout au long du cycle de vie du v\u00e9hicule avec l\u2019automatisation des fonctionnalit\u00e9s aliment\u00e9es par l\u2019IA.                            <\/div>\n                            <a href=\"https:\/\/www.sonatus.com\/fr\/sonatus-automator\/\" target=\"_blank\" class=\"c-card__cta vcex-button theme-button c-text-button\">\n\n                    <span class=\"theme-button-inner\">\n                        En savoir plus                    <\/span>\n                <\/a>\n            \n        <\/div>\n    <\/div>\n\n\n<\/div><\/div><div class=\"wpex-post-cards-entry post-17616 type-page col col-1 span_1_of_1 translation_priority-300 author-2\"><div class=\"wpex-card wpex-card-related-product-card\">\n    <div class=\"c-card c-card--related-product\">\n        <div class=\"c-card__media\">\n            <img loading=\"lazy\" decoding=\"async\" width=\"1\" height=\"1\" src=\"https:\/\/www.sonatus.com\/wp-content\/uploads\/2025\/12\/Sonatus_Products_Collector_AI.svg\" class=\"attachment-full size-full\" alt=\"\" \/>        <\/div>\n\n        <div class=\"c-card__content\">\n            <a href=\"https:\/\/www.sonatus.com\/fr\/sonatus-collector\/\"><h4>Sonatus Collector AI<\/h4><\/a>\n            <div class=\"c-card__blurb\">\n                                    Stimuler l\u2019innovation continue avec la collecte de donn\u00e9es sur les v\u00e9hicules aliment\u00e9s par l\u2019IA.                            <\/div>\n                            <a href=\"https:\/\/www.sonatus.com\/fr\/sonatus-collector\/\" target=\"_blank\" class=\"c-card__cta vcex-button theme-button c-text-button\">\n\n                    <span class=\"theme-button-inner\">\n                        En savoir plus                    <\/span>\n                <\/a>\n            \n        <\/div>\n    <\/div>\n\n\n<\/div><\/div><\/div><\/div><\/div>[\/vc_column][\/vc_row]\n<\/section>","protected":false},"excerpt":{"rendered":"<p>[vc_row full_width=&#8221;stretch_row&#8221; typography_style=&#8221;white&#8221; el_class=&#8221;vc-hero vc-hero&#8211;use-cases&#8221; min_height=&#8221;300&#8243; css=&#8221;.vc_custom_1725392369886{padding-bottom: 0px !important;background-image: url(https:\/\/www.sonatus.com\/wp-content\/uploads\/2023\/05\/platform-hero-bg.jpg?id=1038) !important;background-position: center !important;background-repeat: no-repeat !important;background-size: cover !important;}&#8221; wpex_bg_position=&#8221;bottom&#8221;][vc_column width=&#8221;1\/2&#8243; css=&#8221;.vc_custom_1710197240705{padding-bottom:&hellip;<\/p>\n","protected":false},"author":7,"featured_media":16188,"parent":18070,"menu_order":0,"comment_status":"closed","ping_status":"closed","template":"","meta":{"content-type":"","inline_featured_image":false,"footnotes":""},"class_list":["post-18069","page","type-page","status-publish","has-post-thumbnail","hentry","entry","has-media"],"acf":[],"yoast_head":"<!-- This site is optimized with the Yoast SEO Premium plugin v25.8 (Yoast SEO v26.0) - https:\/\/yoast.com\/wordpress\/plugins\/seo\/ -->\n<title>Renforcer la s\u00e9curit\u00e9 et la r\u00e9tention des conducteurs | Sonatus<\/title>\n<meta name=\"description\" content=\"La nouvelle g\u00e9n\u00e9ration de v\u00e9hicules commerciaux charg\u00e9s de technologie offre aux constructeurs la possibilit\u00e9 de fournir des capacit\u00e9s avanc\u00e9es de gestion de flotte et de t\u00e9l\u00e9matique qui peuvent r\u00e9pondre au besoin urgent d\u2019am\u00e9liorer la s\u00e9curit\u00e9 du conducteur et les conditions de travail.\" \/>\n<meta name=\"robots\" content=\"index, follow, max-snippet:-1, max-image-preview:large, max-video-preview:-1\" \/>\n<link rel=\"canonical\" href=\"https:\/\/www.sonatus.com\/fr\/cas-dutilisation\/renforcer-la-securite-et-la-retention-des-conducteurs\/\" \/>\n<meta property=\"og:locale\" content=\"fr_FR\" \/>\n<meta property=\"og:type\" content=\"article\" \/>\n<meta property=\"og:title\" content=\"Renforcer la s\u00e9curit\u00e9 et la r\u00e9tention des conducteurs\" \/>\n<meta property=\"og:description\" content=\"La nouvelle g\u00e9n\u00e9ration de v\u00e9hicules commerciaux charg\u00e9s de technologie offre aux constructeurs la possibilit\u00e9 de fournir des capacit\u00e9s avanc\u00e9es de gestion de flotte et de t\u00e9l\u00e9matique qui peuvent r\u00e9pondre au besoin urgent d\u2019am\u00e9liorer la s\u00e9curit\u00e9 du conducteur et les conditions de travail.\" \/>\n<meta property=\"og:url\" content=\"https:\/\/www.sonatus.com\/fr\/cas-dutilisation\/renforcer-la-securite-et-la-retention-des-conducteurs\/\" \/>\n<meta property=\"og:site_name\" content=\"Sonatus\" \/>\n<meta property=\"article:modified_time\" content=\"2024-12-13T23:58:13+00:00\" \/>\n<meta property=\"og:image\" content=\"https:\/\/www.sonatus.com\/wp-content\/uploads\/2024\/08\/AdobeStock_245894773-scaled.jpeg\" \/>\n\t<meta property=\"og:image:width\" content=\"2560\" \/>\n\t<meta property=\"og:image:height\" content=\"1709\" \/>\n\t<meta property=\"og:image:type\" content=\"image\/jpeg\" \/>\n<meta name=\"twitter:card\" content=\"summary_large_image\" \/>\n<meta name=\"twitter:label1\" content=\"Est. reading time\" \/>\n\t<meta name=\"twitter:data1\" content=\"5 minutes\" \/>\n<script type=\"application\/ld+json\" class=\"yoast-schema-graph\">{\"@context\":\"https:\/\/schema.org\",\"@graph\":[{\"@type\":\"WebPage\",\"@id\":\"https:\/\/www.sonatus.com\/fr\/cas-dutilisation\/renforcer-la-securite-et-la-retention-des-conducteurs\/\",\"url\":\"https:\/\/www.sonatus.com\/fr\/cas-dutilisation\/renforcer-la-securite-et-la-retention-des-conducteurs\/\",\"name\":\"Renforcer la s\u00e9curit\u00e9 et la r\u00e9tention des conducteurs | Sonatus\",\"isPartOf\":{\"@id\":\"https:\/\/www.sonatus.com\/fr\/#website\"},\"primaryImageOfPage\":{\"@id\":\"https:\/\/www.sonatus.com\/fr\/cas-dutilisation\/renforcer-la-securite-et-la-retention-des-conducteurs\/#primaryimage\"},\"image\":{\"@id\":\"https:\/\/www.sonatus.com\/fr\/cas-dutilisation\/renforcer-la-securite-et-la-retention-des-conducteurs\/#primaryimage\"},\"thumbnailUrl\":\"https:\/\/www.sonatus.com\/wp-content\/uploads\/2024\/08\/AdobeStock_245894773-scaled.jpeg\",\"datePublished\":\"2024-08-29T20:43:15+00:00\",\"dateModified\":\"2024-12-13T23:58:13+00:00\",\"description\":\"La nouvelle g\u00e9n\u00e9ration de v\u00e9hicules commerciaux charg\u00e9s de technologie offre aux constructeurs la possibilit\u00e9 de fournir des capacit\u00e9s avanc\u00e9es de gestion de flotte et de t\u00e9l\u00e9matique qui peuvent r\u00e9pondre au besoin urgent d\u2019am\u00e9liorer la s\u00e9curit\u00e9 du conducteur et les conditions de travail.\",\"breadcrumb\":{\"@id\":\"https:\/\/www.sonatus.com\/fr\/cas-dutilisation\/renforcer-la-securite-et-la-retention-des-conducteurs\/#breadcrumb\"},\"inLanguage\":\"fr-FR\",\"potentialAction\":[{\"@type\":\"ReadAction\",\"target\":[\"https:\/\/www.sonatus.com\/fr\/cas-dutilisation\/renforcer-la-securite-et-la-retention-des-conducteurs\/\"]}]},{\"@type\":\"ImageObject\",\"inLanguage\":\"fr-FR\",\"@id\":\"https:\/\/www.sonatus.com\/fr\/cas-dutilisation\/renforcer-la-securite-et-la-retention-des-conducteurs\/#primaryimage\",\"url\":\"https:\/\/www.sonatus.com\/wp-content\/uploads\/2024\/08\/AdobeStock_245894773-scaled.jpeg\",\"contentUrl\":\"https:\/\/www.sonatus.com\/wp-content\/uploads\/2024\/08\/AdobeStock_245894773-scaled.jpeg\",\"width\":2560,\"height\":1709,\"caption\":\"Smiling commercial van driver\"},{\"@type\":\"BreadcrumbList\",\"@id\":\"https:\/\/www.sonatus.com\/fr\/cas-dutilisation\/renforcer-la-securite-et-la-retention-des-conducteurs\/#breadcrumb\",\"itemListElement\":[{\"@type\":\"ListItem\",\"position\":1,\"name\":\"Home\",\"item\":\"https:\/\/www.sonatus.com\/fr\/\"},{\"@type\":\"ListItem\",\"position\":2,\"name\":\"Cas d\u2019utilisation\",\"item\":\"https:\/\/www.sonatus.com\/fr\/cas-dutilisation\/\"},{\"@type\":\"ListItem\",\"position\":3,\"name\":\"Renforcer la s\u00e9curit\u00e9 et la r\u00e9tention des conducteurs\"}]},{\"@type\":\"WebSite\",\"@id\":\"https:\/\/www.sonatus.com\/fr\/#website\",\"url\":\"https:\/\/www.sonatus.com\/fr\/\",\"name\":\"Sonatus\",\"description\":\"Accelerating Vehicle Software Innovation\",\"publisher\":{\"@id\":\"https:\/\/www.sonatus.com\/fr\/#organization\"},\"potentialAction\":[{\"@type\":\"SearchAction\",\"target\":{\"@type\":\"EntryPoint\",\"urlTemplate\":\"https:\/\/www.sonatus.com\/fr\/?s={search_term_string}\"},\"query-input\":{\"@type\":\"PropertyValueSpecification\",\"valueRequired\":true,\"valueName\":\"search_term_string\"}}],\"inLanguage\":\"fr-FR\"},{\"@type\":\"Organization\",\"@id\":\"https:\/\/www.sonatus.com\/fr\/#organization\",\"name\":\"Sonatus\",\"url\":\"https:\/\/www.sonatus.com\/fr\/\",\"logo\":{\"@type\":\"ImageObject\",\"inLanguage\":\"fr-FR\",\"@id\":\"https:\/\/www.sonatus.com\/fr\/#\/schema\/logo\/image\/\",\"url\":\"https:\/\/www.sonatus.com\/wp-content\/uploads\/2023\/05\/sonatus-logo.svg\",\"contentUrl\":\"https:\/\/www.sonatus.com\/wp-content\/uploads\/2023\/05\/sonatus-logo.svg\",\"width\":202,\"height\":32,\"caption\":\"Sonatus\"},\"image\":{\"@id\":\"https:\/\/www.sonatus.com\/fr\/#\/schema\/logo\/image\/\"},\"sameAs\":[\"https:\/\/www.linkedin.com\/company\/sonatus\/\"]}]}<\/script>\n<!-- \/ Yoast SEO Premium plugin. -->","yoast_head_json":{"title":"Renforcer la s\u00e9curit\u00e9 et la r\u00e9tention des conducteurs | Sonatus","description":"La nouvelle g\u00e9n\u00e9ration de v\u00e9hicules commerciaux charg\u00e9s de technologie offre aux constructeurs la possibilit\u00e9 de fournir des capacit\u00e9s avanc\u00e9es de gestion de flotte et de t\u00e9l\u00e9matique qui peuvent r\u00e9pondre au besoin urgent d\u2019am\u00e9liorer la s\u00e9curit\u00e9 du conducteur et les conditions de travail.","robots":{"index":"index","follow":"follow","max-snippet":"max-snippet:-1","max-image-preview":"max-image-preview:large","max-video-preview":"max-video-preview:-1"},"canonical":"https:\/\/www.sonatus.com\/fr\/cas-dutilisation\/renforcer-la-securite-et-la-retention-des-conducteurs\/","og_locale":"fr_FR","og_type":"article","og_title":"Renforcer la s\u00e9curit\u00e9 et la r\u00e9tention des conducteurs","og_description":"La nouvelle g\u00e9n\u00e9ration de v\u00e9hicules commerciaux charg\u00e9s de technologie offre aux constructeurs la possibilit\u00e9 de fournir des capacit\u00e9s avanc\u00e9es de gestion de flotte et de t\u00e9l\u00e9matique qui peuvent r\u00e9pondre au besoin urgent d\u2019am\u00e9liorer la s\u00e9curit\u00e9 du conducteur et les conditions de travail.","og_url":"https:\/\/www.sonatus.com\/fr\/cas-dutilisation\/renforcer-la-securite-et-la-retention-des-conducteurs\/","og_site_name":"Sonatus","article_modified_time":"2024-12-13T23:58:13+00:00","og_image":[{"width":2560,"height":1709,"url":"https:\/\/www.sonatus.com\/wp-content\/uploads\/2024\/08\/AdobeStock_245894773-scaled.jpeg","type":"image\/jpeg"}],"twitter_card":"summary_large_image","twitter_misc":{"Est. reading time":"5 minutes"},"schema":{"@context":"https:\/\/schema.org","@graph":[{"@type":"WebPage","@id":"https:\/\/www.sonatus.com\/fr\/cas-dutilisation\/renforcer-la-securite-et-la-retention-des-conducteurs\/","url":"https:\/\/www.sonatus.com\/fr\/cas-dutilisation\/renforcer-la-securite-et-la-retention-des-conducteurs\/","name":"Renforcer la s\u00e9curit\u00e9 et la r\u00e9tention des conducteurs | Sonatus","isPartOf":{"@id":"https:\/\/www.sonatus.com\/fr\/#website"},"primaryImageOfPage":{"@id":"https:\/\/www.sonatus.com\/fr\/cas-dutilisation\/renforcer-la-securite-et-la-retention-des-conducteurs\/#primaryimage"},"image":{"@id":"https:\/\/www.sonatus.com\/fr\/cas-dutilisation\/renforcer-la-securite-et-la-retention-des-conducteurs\/#primaryimage"},"thumbnailUrl":"https:\/\/www.sonatus.com\/wp-content\/uploads\/2024\/08\/AdobeStock_245894773-scaled.jpeg","datePublished":"2024-08-29T20:43:15+00:00","dateModified":"2024-12-13T23:58:13+00:00","description":"La nouvelle g\u00e9n\u00e9ration de v\u00e9hicules commerciaux charg\u00e9s de technologie offre aux constructeurs la possibilit\u00e9 de fournir des capacit\u00e9s avanc\u00e9es de gestion de flotte et de t\u00e9l\u00e9matique qui peuvent r\u00e9pondre au besoin urgent d\u2019am\u00e9liorer la s\u00e9curit\u00e9 du conducteur et les conditions de travail.","breadcrumb":{"@id":"https:\/\/www.sonatus.com\/fr\/cas-dutilisation\/renforcer-la-securite-et-la-retention-des-conducteurs\/#breadcrumb"},"inLanguage":"fr-FR","potentialAction":[{"@type":"ReadAction","target":["https:\/\/www.sonatus.com\/fr\/cas-dutilisation\/renforcer-la-securite-et-la-retention-des-conducteurs\/"]}]},{"@type":"ImageObject","inLanguage":"fr-FR","@id":"https:\/\/www.sonatus.com\/fr\/cas-dutilisation\/renforcer-la-securite-et-la-retention-des-conducteurs\/#primaryimage","url":"https:\/\/www.sonatus.com\/wp-content\/uploads\/2024\/08\/AdobeStock_245894773-scaled.jpeg","contentUrl":"https:\/\/www.sonatus.com\/wp-content\/uploads\/2024\/08\/AdobeStock_245894773-scaled.jpeg","width":2560,"height":1709,"caption":"Smiling commercial van driver"},{"@type":"BreadcrumbList","@id":"https:\/\/www.sonatus.com\/fr\/cas-dutilisation\/renforcer-la-securite-et-la-retention-des-conducteurs\/#breadcrumb","itemListElement":[{"@type":"ListItem","position":1,"name":"Home","item":"https:\/\/www.sonatus.com\/fr\/"},{"@type":"ListItem","position":2,"name":"Cas d\u2019utilisation","item":"https:\/\/www.sonatus.com\/fr\/cas-dutilisation\/"},{"@type":"ListItem","position":3,"name":"Renforcer la s\u00e9curit\u00e9 et la r\u00e9tention des conducteurs"}]},{"@type":"WebSite","@id":"https:\/\/www.sonatus.com\/fr\/#website","url":"https:\/\/www.sonatus.com\/fr\/","name":"Sonatus","description":"Accelerating Vehicle Software Innovation","publisher":{"@id":"https:\/\/www.sonatus.com\/fr\/#organization"},"potentialAction":[{"@type":"SearchAction","target":{"@type":"EntryPoint","urlTemplate":"https:\/\/www.sonatus.com\/fr\/?s={search_term_string}"},"query-input":{"@type":"PropertyValueSpecification","valueRequired":true,"valueName":"search_term_string"}}],"inLanguage":"fr-FR"},{"@type":"Organization","@id":"https:\/\/www.sonatus.com\/fr\/#organization","name":"Sonatus","url":"https:\/\/www.sonatus.com\/fr\/","logo":{"@type":"ImageObject","inLanguage":"fr-FR","@id":"https:\/\/www.sonatus.com\/fr\/#\/schema\/logo\/image\/","url":"https:\/\/www.sonatus.com\/wp-content\/uploads\/2023\/05\/sonatus-logo.svg","contentUrl":"https:\/\/www.sonatus.com\/wp-content\/uploads\/2023\/05\/sonatus-logo.svg","width":202,"height":32,"caption":"Sonatus"},"image":{"@id":"https:\/\/www.sonatus.com\/fr\/#\/schema\/logo\/image\/"},"sameAs":["https:\/\/www.linkedin.com\/company\/sonatus\/"]}]}},"_links":{"self":[{"href":"https:\/\/www.sonatus.com\/fr\/wp-json\/wp\/v2\/pages\/18069","targetHints":{"allow":["GET"]}}],"collection":[{"href":"https:\/\/www.sonatus.com\/fr\/wp-json\/wp\/v2\/pages"}],"about":[{"href":"https:\/\/www.sonatus.com\/fr\/wp-json\/wp\/v2\/types\/page"}],"author":[{"embeddable":true,"href":"https:\/\/www.sonatus.com\/fr\/wp-json\/wp\/v2\/users\/7"}],"replies":[{"embeddable":true,"href":"https:\/\/www.sonatus.com\/fr\/wp-json\/wp\/v2\/comments?post=18069"}],"version-history":[{"count":9,"href":"https:\/\/www.sonatus.com\/fr\/wp-json\/wp\/v2\/pages\/18069\/revisions"}],"predecessor-version":[{"id":20431,"href":"https:\/\/www.sonatus.com\/fr\/wp-json\/wp\/v2\/pages\/18069\/revisions\/20431"}],"up":[{"embeddable":true,"href":"https:\/\/www.sonatus.com\/fr\/wp-json\/wp\/v2\/pages\/18070"}],"wp:featuredmedia":[{"embeddable":true,"href":"https:\/\/www.sonatus.com\/fr\/wp-json\/wp\/v2\/media\/16188"}],"wp:attachment":[{"href":"https:\/\/www.sonatus.com\/fr\/wp-json\/wp\/v2\/media?parent=18069"}],"curies":[{"name":"wp","href":"https:\/\/api.w.org\/{rel}","templated":true}]}}