{"id":17671,"date":"2023-04-28T17:14:31","date_gmt":"2023-04-28T17:14:31","guid":{"rendered":"https:\/\/www.sonatus.com\/nous-contacter\/"},"modified":"2025-07-08T22:39:37","modified_gmt":"2025-07-08T22:39:37","slug":"nous-contacter","status":"publish","type":"page","link":"https:\/\/www.sonatus.com\/fr\/nous-contacter\/","title":{"rendered":"Nous contacter"},"content":{"rendered":"<section class=\"wpb-content-wrapper\">[vc_section full_width=&#8221;stretch_row&#8221; el_class=&#8221;contact-us u-header-offset&#8221; css=&#8221;.vc_custom_1683058999074{background-image: url(https:\/\/www.sonatus.com\/wp-content\/uploads\/2023\/05\/contact-us-bg.jpg?id=200) !important;background-position: center !important;background-repeat: no-repeat !important;background-size: cover !important;}&#8221; wpex_bg_position=&#8221;center bottom&#8221;][vc_row el_class=&#8221;u-padding-top&#8211;md&#8221; css=&#8221;.vc_custom_1683058507219{padding-bottom: 0px !important;}&#8221;][vc_column width=&#8221;1\/2&#8243; el_class=&#8221;contact-us__content-col u-padding-bottom&#8211;md&#8221; css=&#8221;.vc_custom_1683059204154{padding-bottom: 0px !important;}&#8221;]<style>.vcex-heading.vcex_69f0d775822d2{width:630px;}<\/style><h1 class=\"vcex-heading vcex-heading-plain vcex-module wpex-text-2xl wpex-font-normal wpex-max-w-100 wpex-mr-auto vcex_69f0d775822d2\"><span class=\"vcex-heading-inner wpex-inline-block\">Contactez-nous<\/span><\/h1>[vc_column_text align=&#8221;left&#8221; width=&#8221;585px&#8221; css=&#8221;.vc_custom_1746642755390{margin-bottom: 30px !important;}&#8221;]Notre \u00e9quipe d\u2019experts est l\u00e0 pour vous aider, r\u00e9pondre \u00e0 vos questions et recevoir vos commentaires\u00a0!<\/p>\n<p>Pour nous contacter, compl\u00e9tez et envoyez le formulaire, et la personne la plus qualifi\u00e9e vous r\u00e9pondra d\u00e8s que possible.<\/p>\n<div class=\"row justify-content-center content-row\">\n<div class=\"col-sm-12 col-md-12 col-lg-8\"><\/div>\n<\/div>\n<div class=\"row justify-content-center\">\n<div class=\"row justify-content-center content-row\">\n<div class=\"col-sm-12 col-md-12 col-lg-8\"><\/div>\n<\/div>\n<div class=\"row justify-content-center\"><\/div>\n<\/div>\n[\/vc_column_text][\/vc_column][vc_column width=&#8221;1\/2&#8243; el_class=&#8221;contact-us__form-col contact-offset&#8221; offset=&#8221;vc_col-md-offset-1 vc_col-md-5&#8243; css=&#8221;.vc_custom_1683058734450{margin-bottom: 0px !important;}&#8221;]<h3 class=\"vcex-heading vcex-heading-plain vcex-module wpex-text-2xl wpex-font-normal vc_custom_1685345701132\"><span class=\"vcex-heading-inner wpex-inline-block\">Contactez-nous<\/span><\/h3>[vc_raw_html el_class=&#8221;form form&#8211;hubspot form&#8211;contact contact-us__form&#8221;]PHNjcmlwdCBjaGFyc2V0PSJ1dGYtOCIgdHlwZT0idGV4dC9qYXZhc2NyaXB0IiBzcmM9Ii8vanMuaHNmb3Jtcy5uZXQvZm9ybXMvZW1iZWQvdjIuanMiPjwvc2NyaXB0Pgo8c2NyaXB0PgogIGhic3B0LmZvcm1zLmNyZWF0ZSh7CiAgICByZWdpb246ICJuYTEiLAogICAgcG9ydGFsSWQ6ICI3NTI4MzY3IiwKICAgIGZvcm1JZDogIjZhODAxZTEyLTkyMGYtNDZjZS1iNTVjLTAxMmJjNTYxMjgyNyIKICB9KTsKPC9zY3JpcHQ+[\/vc_raw_html][\/vc_column][\/vc_row][\/vc_section][vc_row full_width=&#8221;stretch_row&#8221; typography_style=&#8221;white&#8221; css=&#8221;.vc_custom_1683059239058{background-color: #001F60 !important;}&#8221; el_class=&#8221;contact-us-mobile-spacing&#8221;][vc_column width=&#8221;1\/2&#8243;]<h2 class=\"vcex-heading vcex-heading-plain vcex-module wpex-text-2xl wpex-font-normal\"><span class=\"vcex-heading-inner wpex-inline-block\">Nos sites<\/span><\/h2>[vc_row_inner css=&#8221;.vc_custom_1683059145134{padding-top: 30px !important;}&#8221;][vc_column_inner width=&#8221;1\/2&#8243;]<style>.vcex-heading.vcex_69f0d7758c68e{font-weight:700;}<\/style><div class=\"vcex-heading vcex-heading-plain vcex-module wpex-text-2xl wpex-font-normal vc_custom_1683057798743 text-xl vcex_69f0d7758c68e\"><span class=\"vcex-heading-inner wpex-inline-block\">Am\u00e9rique du Nord<\/span><\/div>[vc_column_text css=&#8221;.vc_custom_1746642746038{margin-bottom: 25px !important;}&#8221;]<strong>Sunnyvale, Californie<\/strong><br \/>\n330\u00a0Gibraltar\u00a0Drive<br \/>\nSunnyvale, CA\u00a094089<br \/>\nT\u00e9l\u00e9phone\u00a0: 650-488-8500<br \/>\nE-mail\u00a0: <a href=\"mailto:contact@sonatus.com\">contact@sonatus.com<\/a>[\/vc_column_text][vc_column_text css=&#8221;.vc_custom_1737148173807{margin-bottom: 25px !important;}&#8221;]\n<p class=\"p1\"><strong>Los Angeles, CA<\/strong><\/p>\n[\/vc_column_text][vc_column_text css=&#8221;.vc_custom_1683058150134{margin-bottom: 25px !important;}&#8221;]<strong>Detroit, MI<\/strong>[\/vc_column_text][vc_column_text css=&#8221;.vc_custom_1737148187129{margin-bottom: 25px !important;}&#8221;]\n<p class=\"p1\"><strong>New York, NY<\/strong><\/p>\n[\/vc_column_text][vc_column_text css=&#8221;.vc_custom_1737148199445{margin-bottom: 25px !important;}&#8221;]\n<p class=\"p1\"><strong>Mississauga, Canada<\/strong><\/p>\n[\/vc_column_text][\/vc_column_inner][vc_column_inner width=&#8221;1\/2&#8243; offset=&#8221;vc_col-md-offset-1 vc_col-md-5&#8243;]<style>.vcex-heading.vcex_69f0d7758e6ae{font-weight:700;}<\/style><div class=\"vcex-heading vcex-heading-plain vcex-module wpex-text-2xl wpex-font-normal vc_custom_1746642778106 text-xl vcex_69f0d7758e6ae\"><span class=\"vcex-heading-inner wpex-inline-block\">International<\/span><\/div><style>.vcex-heading.vcex_69f0d77590e66{font-weight:700;}<\/style><div class=\"vcex-heading vcex-heading-plain vcex-module wpex-text-2xl wpex-font-normal hidden vc_custom_1746642765736 text-xl vcex_69f0d77590e66\"><span class=\"vcex-heading-inner wpex-inline-block\">Europe, Moyen-Orient et Afrique<\/span><\/div>[vc_column_text css=&#8221;.vc_custom_1752014372727{margin-bottom: 10px !important;}&#8221;]<strong>Dublin, Irlande<br \/>\nSonatus\u00a0Ireland\u00a0Limited<\/strong><br \/>\n1st Floor<br \/>\nIndigo Building<br \/>\n28\/29 Sir John Rogerson&#8217;s Quay<br \/>\nDublin 2<br \/>\nD02 W529<br \/>\nT\u00e9l\u00e9phone : +353 1 964 9133[\/vc_column_text][vc_column_text css=&#8221;.vc_custom_1683058188304{margin-bottom: 10px !important;}&#8221;]<strong>Paris, France<\/strong>[\/vc_column_text][vc_column_text css=&#8221;.vc_custom_1737148246355{margin-bottom: 10px !important;}&#8221;]\n<p class=\"p1\"><strong>Frankfurt, Allemagne<\/strong><\/p>\n[\/vc_column_text][vc_column_text css=&#8221;.vc_custom_1723739799688{margin-bottom: 10px !important;}&#8221;]<strong>Cracovie, Pologne<\/strong>[\/vc_column_text][vc_column_text css=&#8221;.vc_custom_1723739828235{margin-bottom: 10px !important;}&#8221;]<strong>Wroc\u0142aw, Poland<\/strong>[\/vc_column_text][vc_column_text css=&#8221;.vc_custom_1737148223977{margin-bottom: 10px !important;}&#8221;]\n<p class=\"p1\"><strong>Varsovie, Pologne<\/strong><\/p>\n[\/vc_column_text]<style>.vcex-heading.vcex_69f0d77595da7{font-weight:700;}<\/style><div class=\"vcex-heading vcex-heading-plain vcex-module wpex-text-2xl wpex-font-normal hidden vc_custom_1746642798589 text-xl vcex_69f0d77595da7\"><span class=\"vcex-heading-inner wpex-inline-block\">Asie-Pacifique<\/span><\/div>[vc_column_text css=&#8221;.vc_custom_1737148270051{margin-bottom: 10px !important;}&#8221;]\n<p class=\"p1\"><strong>Seongnam, Cor\u00e9e du Sud<\/strong><\/p>\n[\/vc_column_text][vc_column_text css=&#8221;.vc_custom_1683058341071{margin-bottom: 10px !important;}&#8221;]<strong>Shangha\u00ef, Chine<\/strong>[\/vc_column_text][vc_column_text css=&#8221;.vc_custom_1723739877168{margin-bottom: 10px !important;}&#8221;]<strong>Bangalore, Inde<\/strong>[\/vc_column_text][vc_column_text css=&#8221;.vc_custom_1737148285110{margin-bottom: 10px !important;}&#8221;]\n<p class=\"p1\"><strong>Pune, Inde<\/strong><\/p>\n[\/vc_column_text][vc_column_text css=&#8221;.vc_custom_1683058349879{margin-bottom: 10px !important;}&#8221;]<strong>Tokyo, Japon<\/strong>[\/vc_column_text][vc_column_text css=&#8221;.vc_custom_1683058360121{margin-bottom: 10px !important;}&#8221;]<strong>Taipei, Taiwan<\/strong>[\/vc_column_text][\/vc_column_inner][\/vc_row_inner][\/vc_column][\/vc_row]\n<\/section>","protected":false},"excerpt":{"rendered":"<p>[vc_section full_width=&#8221;stretch_row&#8221; el_class=&#8221;contact-us u-header-offset&#8221; css=&#8221;.vc_custom_1683058999074{background-image: url(https:\/\/www.sonatus.com\/wp-content\/uploads\/2023\/05\/contact-us-bg.jpg?id=200) !important;background-position: center !important;background-repeat: no-repeat !important;background-size: cover !important;}&#8221; wpex_bg_position=&#8221;center bottom&#8221;][vc_row el_class=&#8221;u-padding-top&#8211;md&#8221; css=&#8221;.vc_custom_1683058507219{padding-bottom: 0px !important;}&#8221;][vc_column width=&#8221;1\/2&#8243;&hellip;<\/p>\n","protected":false},"author":1,"featured_media":0,"parent":0,"menu_order":0,"comment_status":"closed","ping_status":"closed","template":"","meta":{"content-type":"","inline_featured_image":false,"footnotes":""},"class_list":["post-17671","page","type-page","status-publish","hentry","entry","no-media"],"acf":[],"yoast_head":"<!-- This site is optimized with the Yoast SEO Premium plugin v25.8 (Yoast SEO v26.0) - https:\/\/yoast.com\/wordpress\/plugins\/seo\/ -->\n<title>Nous contacter | Sonatus<\/title>\n<meta name=\"description\" content=\"Contactez-nous pour en savoir plus sur Sonatus, sa technologie et son vaste r\u00e9seau de partenaires.\" \/>\n<meta name=\"robots\" content=\"index, follow, max-snippet:-1, max-image-preview:large, max-video-preview:-1\" \/>\n<link rel=\"canonical\" href=\"https:\/\/www.sonatus.com\/fr\/nous-contacter\/\" \/>\n<meta property=\"og:locale\" content=\"fr_FR\" \/>\n<meta property=\"og:type\" content=\"article\" \/>\n<meta property=\"og:title\" content=\"Nous contacter\" \/>\n<meta property=\"og:description\" content=\"Contactez-nous pour en savoir plus sur Sonatus, sa technologie et son vaste r\u00e9seau de partenaires.\" \/>\n<meta property=\"og:url\" content=\"https:\/\/www.sonatus.com\/fr\/nous-contacter\/\" \/>\n<meta property=\"og:site_name\" content=\"Sonatus\" \/>\n<meta property=\"article:modified_time\" content=\"2025-07-08T22:39:37+00:00\" \/>\n<meta property=\"og:image\" content=\"https:\/\/www.sonatus.com\/wp-content\/uploads\/2023\/05\/Sonatus-BlogCard.jpg\" \/>\n\t<meta property=\"og:image:width\" content=\"1200\" \/>\n\t<meta property=\"og:image:height\" content=\"800\" \/>\n\t<meta property=\"og:image:type\" content=\"image\/jpeg\" \/>\n<meta name=\"twitter:card\" content=\"summary_large_image\" \/>\n<meta name=\"twitter:label1\" content=\"Est. reading time\" \/>\n\t<meta name=\"twitter:data1\" content=\"2 minutes\" \/>\n<script type=\"application\/ld+json\" class=\"yoast-schema-graph\">{\"@context\":\"https:\/\/schema.org\",\"@graph\":[{\"@type\":\"WebPage\",\"@id\":\"https:\/\/www.sonatus.com\/fr\/nous-contacter\/\",\"url\":\"https:\/\/www.sonatus.com\/fr\/nous-contacter\/\",\"name\":\"Nous contacter | Sonatus\",\"isPartOf\":{\"@id\":\"https:\/\/www.sonatus.com\/fr\/#website\"},\"datePublished\":\"2023-04-28T17:14:31+00:00\",\"dateModified\":\"2025-07-08T22:39:37+00:00\",\"description\":\"Contactez-nous pour en savoir plus sur Sonatus, sa technologie et son vaste r\u00e9seau de partenaires.\",\"breadcrumb\":{\"@id\":\"https:\/\/www.sonatus.com\/fr\/nous-contacter\/#breadcrumb\"},\"inLanguage\":\"fr-FR\",\"potentialAction\":[{\"@type\":\"ReadAction\",\"target\":[\"https:\/\/www.sonatus.com\/fr\/nous-contacter\/\"]}]},{\"@type\":\"BreadcrumbList\",\"@id\":\"https:\/\/www.sonatus.com\/fr\/nous-contacter\/#breadcrumb\",\"itemListElement\":[{\"@type\":\"ListItem\",\"position\":1,\"name\":\"Home\",\"item\":\"https:\/\/www.sonatus.com\/fr\/\"},{\"@type\":\"ListItem\",\"position\":2,\"name\":\"Nous contacter\"}]},{\"@type\":\"WebSite\",\"@id\":\"https:\/\/www.sonatus.com\/fr\/#website\",\"url\":\"https:\/\/www.sonatus.com\/fr\/\",\"name\":\"Sonatus\",\"description\":\"Accelerating Vehicle Software Innovation\",\"publisher\":{\"@id\":\"https:\/\/www.sonatus.com\/fr\/#organization\"},\"potentialAction\":[{\"@type\":\"SearchAction\",\"target\":{\"@type\":\"EntryPoint\",\"urlTemplate\":\"https:\/\/www.sonatus.com\/fr\/?s={search_term_string}\"},\"query-input\":{\"@type\":\"PropertyValueSpecification\",\"valueRequired\":true,\"valueName\":\"search_term_string\"}}],\"inLanguage\":\"fr-FR\"},{\"@type\":\"Organization\",\"@id\":\"https:\/\/www.sonatus.com\/fr\/#organization\",\"name\":\"Sonatus\",\"url\":\"https:\/\/www.sonatus.com\/fr\/\",\"logo\":{\"@type\":\"ImageObject\",\"inLanguage\":\"fr-FR\",\"@id\":\"https:\/\/www.sonatus.com\/fr\/#\/schema\/logo\/image\/\",\"url\":\"https:\/\/www.sonatus.com\/wp-content\/uploads\/2023\/05\/sonatus-logo.svg\",\"contentUrl\":\"https:\/\/www.sonatus.com\/wp-content\/uploads\/2023\/05\/sonatus-logo.svg\",\"width\":202,\"height\":32,\"caption\":\"Sonatus\"},\"image\":{\"@id\":\"https:\/\/www.sonatus.com\/fr\/#\/schema\/logo\/image\/\"},\"sameAs\":[\"https:\/\/www.linkedin.com\/company\/sonatus\/\"]}]}<\/script>\n<!-- \/ Yoast SEO Premium plugin. -->","yoast_head_json":{"title":"Nous contacter | Sonatus","description":"Contactez-nous pour en savoir plus sur Sonatus, sa technologie et son vaste r\u00e9seau de partenaires.","robots":{"index":"index","follow":"follow","max-snippet":"max-snippet:-1","max-image-preview":"max-image-preview:large","max-video-preview":"max-video-preview:-1"},"canonical":"https:\/\/www.sonatus.com\/fr\/nous-contacter\/","og_locale":"fr_FR","og_type":"article","og_title":"Nous contacter","og_description":"Contactez-nous pour en savoir plus sur Sonatus, sa technologie et son vaste r\u00e9seau de partenaires.","og_url":"https:\/\/www.sonatus.com\/fr\/nous-contacter\/","og_site_name":"Sonatus","article_modified_time":"2025-07-08T22:39:37+00:00","og_image":[{"width":1200,"height":800,"url":"https:\/\/www.sonatus.com\/wp-content\/uploads\/2023\/05\/Sonatus-BlogCard.jpg","type":"image\/jpeg"}],"twitter_card":"summary_large_image","twitter_misc":{"Est. reading time":"2 minutes"},"schema":{"@context":"https:\/\/schema.org","@graph":[{"@type":"WebPage","@id":"https:\/\/www.sonatus.com\/fr\/nous-contacter\/","url":"https:\/\/www.sonatus.com\/fr\/nous-contacter\/","name":"Nous contacter | Sonatus","isPartOf":{"@id":"https:\/\/www.sonatus.com\/fr\/#website"},"datePublished":"2023-04-28T17:14:31+00:00","dateModified":"2025-07-08T22:39:37+00:00","description":"Contactez-nous pour en savoir plus sur Sonatus, sa technologie et son vaste r\u00e9seau de partenaires.","breadcrumb":{"@id":"https:\/\/www.sonatus.com\/fr\/nous-contacter\/#breadcrumb"},"inLanguage":"fr-FR","potentialAction":[{"@type":"ReadAction","target":["https:\/\/www.sonatus.com\/fr\/nous-contacter\/"]}]},{"@type":"BreadcrumbList","@id":"https:\/\/www.sonatus.com\/fr\/nous-contacter\/#breadcrumb","itemListElement":[{"@type":"ListItem","position":1,"name":"Home","item":"https:\/\/www.sonatus.com\/fr\/"},{"@type":"ListItem","position":2,"name":"Nous contacter"}]},{"@type":"WebSite","@id":"https:\/\/www.sonatus.com\/fr\/#website","url":"https:\/\/www.sonatus.com\/fr\/","name":"Sonatus","description":"Accelerating Vehicle Software Innovation","publisher":{"@id":"https:\/\/www.sonatus.com\/fr\/#organization"},"potentialAction":[{"@type":"SearchAction","target":{"@type":"EntryPoint","urlTemplate":"https:\/\/www.sonatus.com\/fr\/?s={search_term_string}"},"query-input":{"@type":"PropertyValueSpecification","valueRequired":true,"valueName":"search_term_string"}}],"inLanguage":"fr-FR"},{"@type":"Organization","@id":"https:\/\/www.sonatus.com\/fr\/#organization","name":"Sonatus","url":"https:\/\/www.sonatus.com\/fr\/","logo":{"@type":"ImageObject","inLanguage":"fr-FR","@id":"https:\/\/www.sonatus.com\/fr\/#\/schema\/logo\/image\/","url":"https:\/\/www.sonatus.com\/wp-content\/uploads\/2023\/05\/sonatus-logo.svg","contentUrl":"https:\/\/www.sonatus.com\/wp-content\/uploads\/2023\/05\/sonatus-logo.svg","width":202,"height":32,"caption":"Sonatus"},"image":{"@id":"https:\/\/www.sonatus.com\/fr\/#\/schema\/logo\/image\/"},"sameAs":["https:\/\/www.linkedin.com\/company\/sonatus\/"]}]}},"_links":{"self":[{"href":"https:\/\/www.sonatus.com\/fr\/wp-json\/wp\/v2\/pages\/17671","targetHints":{"allow":["GET"]}}],"collection":[{"href":"https:\/\/www.sonatus.com\/fr\/wp-json\/wp\/v2\/pages"}],"about":[{"href":"https:\/\/www.sonatus.com\/fr\/wp-json\/wp\/v2\/types\/page"}],"author":[{"embeddable":true,"href":"https:\/\/www.sonatus.com\/fr\/wp-json\/wp\/v2\/users\/1"}],"replies":[{"embeddable":true,"href":"https:\/\/www.sonatus.com\/fr\/wp-json\/wp\/v2\/comments?post=17671"}],"version-history":[{"count":8,"href":"https:\/\/www.sonatus.com\/fr\/wp-json\/wp\/v2\/pages\/17671\/revisions"}],"predecessor-version":[{"id":27215,"href":"https:\/\/www.sonatus.com\/fr\/wp-json\/wp\/v2\/pages\/17671\/revisions\/27215"}],"wp:attachment":[{"href":"https:\/\/www.sonatus.com\/fr\/wp-json\/wp\/v2\/media?parent=17671"}],"curies":[{"name":"wp","href":"https:\/\/api.w.org\/{rel}","templated":true}]}}