{"id":17651,"date":"2023-04-28T17:14:02","date_gmt":"2023-04-28T17:14:02","guid":{"rendered":"https:\/\/www.sonatus.com\/evenements\/"},"modified":"2024-10-07T18:45:39","modified_gmt":"2024-10-07T18:45:39","slug":"evenements","status":"publish","type":"page","link":"https:\/\/www.sonatus.com\/fr\/entreprise\/evenements\/","title":{"rendered":"\u00c9v\u00e9nements"},"content":{"rendered":"<section class=\"wpb-content-wrapper\">[vc_row full_width=&#8221;stretch_row&#8221; typography_style=&#8221;white&#8221; el_class=&#8221;vc-hero vc-hero&#8211;index&#8221; css=&#8221;.vc_custom_1683154519149{background-color: #001F60 !important;}&#8221;][vc_column css=&#8221;.vc_custom_1683155030215{margin-bottom: 10px !important;}&#8221;]<h1 class=\"vcex-heading vcex-heading-plain vcex-module wpex-text-2xl wpex-font-normal vc_custom_1683154615192\"><span class=\"vcex-heading-inner wpex-inline-block\">\u00c9v\u00e9nements et webinaires<\/span><\/h1><a href=\"\/fr\/company\/events\/\" class=\"vcex-button theme-button c-text-button c-text-button--no-arrow inline vc-hero__selector active\"><span class=\"vcex-button-inner theme-button-inner\">\u00c9v\u00e9nements et webinaires \u00e0 venir<\/span><\/a> <a href=\"\/fr\/company\/past-events\/\" class=\"vcex-button theme-button c-text-button c-text-button--no-arrow inline vc-hero__selector\"><span class=\"vcex-button-inner theme-button-inner\">\u00c9v\u00e9nements et webinaires pass\u00e9s<\/span><\/a> [\/vc_column][\/vc_row][vc_row full_width=&#8221;stretch_row&#8221; css=&#8221;.vc_custom_1683232770372{background-color: #eceded !important;}&#8221; el_class=&#8221;vc-index js-index&#8211;upcoming&#8221;][vc_column]<div class=\"wpex-post-cards wpex-post-cards-event-card wpex-relative\"><div class=\"wpex-post-cards-inner\"><div class=\"wpex-post-cards-loop wpex-post-cards-grid wpex-row wpex-clr\"><div class=\"wpex-post-cards-entry post-35402 type-event col col-1 span_1_of_1\"><div class=\"wpex-card wpex-card-event-card\">\n\n\n    <div class=\"c-card c-card--event\">\n        <div class=\"c-card__media-col\">\n            <div class=\"c-card__media\">\n                                    <img loading=\"lazy\" decoding=\"async\" width=\"251\" height=\"68\" src=\"https:\/\/www.sonatus.com\/wp-content\/uploads\/2025\/12\/act-logo.svg\" class=\"attachment-full size-full wp-post-image\" alt=\"\" \/>                            <\/div>\n        <\/div>\n\n        <div class=\"c-card__content-col\">\n            <div class=\"c-card__content\">\n                <div class=\"label\">Event<\/div>\n                <h4 class=\"c-card__title\"><a href=\"https:\/\/www.sonatus.com\/sonatus-at-act-expo-2026\/\" target=\"_blank\">ACT Expo<\/a><\/h4>\n                <div class=\"c-card__time\"><div class=\"entry-post-meta clr\"><span class=\"cpt-date\">May 4, 2026 - May 6, 2026<\/span><span class=\"cpt-time\"><\/span><span class=\"cpt-tz\"><div><\/div><\/span><\/div><\/div>\n                                    <div class=\"c-card__location\">Las Vegas, NV<\/div>\n                                                <a href=\"https:\/\/www.sonatus.com\/sonatus-at-act-expo-2026\/\" target=\"_blank\" class=\"c-card__cta vcex-button theme-button c-text-button\">\n                    <span class=\"theme-button-inner\">Learn more<\/span>\n                <\/a>\n            <\/div>\n        <\/div>\n    <\/div>\n<\/div><\/div><div class=\"wpex-post-cards-entry post-36253 type-event col col-1 span_1_of_1\"><div class=\"wpex-card wpex-card-event-card\">\n\n\n    <div class=\"c-card c-card--event\">\n        <div class=\"c-card__media-col\">\n            <div class=\"c-card__media\">\n                                    <img loading=\"lazy\" decoding=\"async\" width=\"366\" height=\"80\" src=\"https:\/\/www.sonatus.com\/wp-content\/uploads\/2026\/01\/AUTOTECH-LOGO-b6eca63a10b13a0c17f6962e98bf55b8.avif\" class=\"attachment-full size-full wp-post-image\" alt=\"\" srcset=\"https:\/\/www.sonatus.com\/wp-content\/uploads\/2026\/01\/AUTOTECH-LOGO-b6eca63a10b13a0c17f6962e98bf55b8.avif 366w, https:\/\/www.sonatus.com\/wp-content\/uploads\/2026\/01\/AUTOTECH-LOGO-b6eca63a10b13a0c17f6962e98bf55b8-300x66.avif 300w\" sizes=\"auto, (max-width: 366px) 100vw, 366px\" \/>                            <\/div>\n        <\/div>\n\n        <div class=\"c-card__content-col\">\n            <div class=\"c-card__content\">\n                <div class=\"label\">Event<\/div>\n                <h4 class=\"c-card__title\"><a href=\"https:\/\/autotechevents.com\/home\/\" target=\"_blank\">AutoTech<\/a><\/h4>\n                <div class=\"c-card__time\"><div class=\"entry-post-meta clr\"><span class=\"cpt-date\">June 2, 2026 - June 4, 2026<\/span><span class=\"cpt-time\"><\/span><span class=\"cpt-tz\"><div><\/div><\/span><\/div><\/div>\n                                    <div class=\"c-card__location\">Novi, MI<\/div>\n                                                <a href=\"https:\/\/autotechevents.com\/home\/\" target=\"_blank\" class=\"c-card__cta vcex-button theme-button c-text-button\">\n                    <span class=\"theme-button-inner\">Learn more<\/span>\n                <\/a>\n            <\/div>\n        <\/div>\n    <\/div>\n<\/div><\/div><div class=\"wpex-post-cards-entry post-37929 type-event col col-1 span_1_of_1\"><div class=\"wpex-card wpex-card-event-card\">\n\n\n    <div class=\"c-card c-card--event\">\n        <div class=\"c-card__media-col\">\n            <div class=\"c-card__media\">\n                                    <img loading=\"lazy\" decoding=\"async\" width=\"386\" height=\"153\" src=\"https:\/\/www.sonatus.com\/wp-content\/uploads\/2026\/02\/Logo_ael_kongress_pos_Pfade_2026.svg\" class=\"attachment-full size-full wp-post-image\" alt=\"\" \/>                            <\/div>\n        <\/div>\n\n        <div class=\"c-card__content-col\">\n            <div class=\"c-card__content\">\n                <div class=\"label\">Event<\/div>\n                <h4 class=\"c-card__title\"><a href=\"https:\/\/www.automobil-elektronik-kongress.de\/\" target=\"_blank\">Automobil Elektronik Kongress<\/a><\/h4>\n                <div class=\"c-card__time\"><div class=\"entry-post-meta clr\"><span class=\"cpt-date\">June 16, 2026 - June 17, 2026<\/span><span class=\"cpt-time\"><\/span><span class=\"cpt-tz\"><div><\/div><\/span><\/div><\/div>\n                                    <div class=\"c-card__location\">Ludwigsburg, GERMANY<\/div>\n                                                <a href=\"https:\/\/www.automobil-elektronik-kongress.de\/\" target=\"_blank\" class=\"c-card__cta vcex-button theme-button c-text-button\">\n                    <span class=\"theme-button-inner\">Learn more<\/span>\n                <\/a>\n            <\/div>\n        <\/div>\n    <\/div>\n<\/div><\/div><div class=\"wpex-post-cards-entry post-40032 type-event col col-1 span_1_of_1\"><div class=\"wpex-card wpex-card-event-card\">\n\n\n    <div class=\"c-card c-card--event\">\n        <div class=\"c-card__media-col\">\n            <div class=\"c-card__media\">\n                                    <img loading=\"lazy\" decoding=\"async\" width=\"2400\" height=\"1254\" src=\"https:\/\/www.sonatus.com\/wp-content\/uploads\/2026\/04\/ET-Autotech.png\" class=\"attachment-full size-full wp-post-image\" alt=\"\" srcset=\"https:\/\/www.sonatus.com\/wp-content\/uploads\/2026\/04\/ET-Autotech.png 2400w, https:\/\/www.sonatus.com\/wp-content\/uploads\/2026\/04\/ET-Autotech-300x157.png 300w, https:\/\/www.sonatus.com\/wp-content\/uploads\/2026\/04\/ET-Autotech-1024x535.png 1024w, https:\/\/www.sonatus.com\/wp-content\/uploads\/2026\/04\/ET-Autotech-768x401.png 768w, https:\/\/www.sonatus.com\/wp-content\/uploads\/2026\/04\/ET-Autotech-1536x803.png 1536w, https:\/\/www.sonatus.com\/wp-content\/uploads\/2026\/04\/ET-Autotech-2048x1070.png 2048w\" sizes=\"auto, (max-width: 2400px) 100vw, 2400px\" \/>                            <\/div>\n        <\/div>\n\n        <div class=\"c-card__content-col\">\n            <div class=\"c-card__content\">\n                <div class=\"label\">Event<\/div>\n                <h4 class=\"c-card__title\"><a href=\"https:\/\/auto.economictimes.indiatimes.com\/auto-tech-summit\/exhibition-center\" target=\"_blank\">ET Autotech<\/a><\/h4>\n                <div class=\"c-card__time\"><div class=\"entry-post-meta clr\"><span class=\"cpt-date\">June 23, 2026 - June 25, 2026<\/span><span class=\"cpt-time\"><\/span><span class=\"cpt-tz\"><div><\/div><\/span><\/div><\/div>\n                                    <div class=\"c-card__location\">Bengaluru, India<\/div>\n                                                <a href=\"https:\/\/auto.economictimes.indiatimes.com\/auto-tech-summit\/exhibition-center\" target=\"_blank\" class=\"c-card__cta vcex-button theme-button c-text-button\">\n                    <span class=\"theme-button-inner\">Learn more<\/span>\n                <\/a>\n            <\/div>\n        <\/div>\n    <\/div>\n<\/div><\/div><div class=\"wpex-post-cards-entry post-40659 type-event col col-1 span_1_of_1\"><div class=\"wpex-card wpex-card-event-card\">\n\n\n    <div class=\"c-card c-card--event\">\n        <div class=\"c-card__media-col\">\n            <div class=\"c-card__media\">\n                                    <img loading=\"lazy\" decoding=\"async\" width=\"600\" height=\"161\" src=\"https:\/\/www.sonatus.com\/wp-content\/uploads\/2026\/04\/NextTruck-logo.png\" class=\"attachment-full size-full wp-post-image\" alt=\"\" srcset=\"https:\/\/www.sonatus.com\/wp-content\/uploads\/2026\/04\/NextTruck-logo.png 600w, https:\/\/www.sonatus.com\/wp-content\/uploads\/2026\/04\/NextTruck-logo-300x81.png 300w\" sizes=\"auto, (max-width: 600px) 100vw, 600px\" \/>                            <\/div>\n        <\/div>\n\n        <div class=\"c-card__content-col\">\n            <div class=\"c-card__content\">\n                <div class=\"label\">Event<\/div>\n                <h4 class=\"c-card__title\"><a href=\"https:\/\/www.next-truck.eu\/\" target=\"_blank\">Next Truck<\/a><\/h4>\n                <div class=\"c-card__time\"><div class=\"entry-post-meta clr\"><span class=\"cpt-date\">November 11, 2026 - November 12, 2026<\/span><span class=\"cpt-time\"><\/span><span class=\"cpt-tz\"><div><\/div><\/span><\/div><\/div>\n                                    <div class=\"c-card__location\">Berlin, Germany<\/div>\n                                                <a href=\"https:\/\/www.next-truck.eu\/\" target=\"_blank\" class=\"c-card__cta vcex-button theme-button c-text-button\">\n                    <span class=\"theme-button-inner\">Learn more<\/span>\n                <\/a>\n            <\/div>\n        <\/div>\n    <\/div>\n<\/div><\/div><\/div><\/div><\/div>[\/vc_column][\/vc_row]\n<\/section>","protected":false},"excerpt":{"rendered":"<p>[vc_row full_width=&#8221;stretch_row&#8221; typography_style=&#8221;white&#8221; el_class=&#8221;vc-hero vc-hero&#8211;index&#8221; css=&#8221;.vc_custom_1683154519149{background-color: #001F60 !important;}&#8221;][vc_column css=&#8221;.vc_custom_1683155030215{margin-bottom: 10px !important;}&#8221;][\/vc_column][\/vc_row][vc_row full_width=&#8221;stretch_row&#8221; css=&#8221;.vc_custom_1683232770372{background-color: #eceded !important;}&#8221; el_class=&#8221;vc-index js-index&#8211;upcoming&#8221;][vc_column][\/vc_column][\/vc_row]<\/p>\n","protected":false},"author":1,"featured_media":0,"parent":17685,"menu_order":0,"comment_status":"closed","ping_status":"closed","template":"","meta":{"content-type":"","inline_featured_image":false,"footnotes":""},"class_list":["post-17651","page","type-page","status-publish","hentry","entry","has-media"],"acf":[],"yoast_head":"<!-- This site is optimized with the Yoast SEO Premium plugin v25.8 (Yoast SEO v26.0) - https:\/\/yoast.com\/wordpress\/plugins\/seo\/ -->\n<title>\u00c9v\u00e9nements et webinaires | Sonatus<\/title>\n<meta name=\"description\" content=\"Apprenez-en plus sur Sonatus, sa technologie et son vaste r\u00e9seau de partenaires en assistant \u00e0 des \u00e9v\u00e9nements, des salons professionnels et des webinaires.\" \/>\n<meta name=\"robots\" content=\"index, follow, max-snippet:-1, max-image-preview:large, max-video-preview:-1\" \/>\n<link rel=\"canonical\" href=\"https:\/\/www.sonatus.com\/fr\/entreprise\/evenements\/\" \/>\n<meta property=\"og:locale\" content=\"fr_FR\" \/>\n<meta property=\"og:type\" content=\"article\" \/>\n<meta property=\"og:title\" content=\"\u00c9v\u00e9nements\" \/>\n<meta property=\"og:description\" content=\"Apprenez-en plus sur Sonatus, sa technologie et son vaste r\u00e9seau de partenaires en assistant \u00e0 des \u00e9v\u00e9nements, des salons professionnels et des webinaires.\" \/>\n<meta property=\"og:url\" content=\"https:\/\/www.sonatus.com\/fr\/entreprise\/evenements\/\" \/>\n<meta property=\"og:site_name\" content=\"Sonatus\" \/>\n<meta property=\"article:modified_time\" content=\"2024-10-07T18:45:39+00:00\" \/>\n<meta property=\"og:image\" content=\"https:\/\/www.sonatus.com\/wp-content\/uploads\/2023\/05\/Sonatus-BlogCard.jpg\" \/>\n\t<meta property=\"og:image:width\" content=\"1200\" \/>\n\t<meta property=\"og:image:height\" content=\"800\" \/>\n\t<meta property=\"og:image:type\" content=\"image\/jpeg\" \/>\n<meta name=\"twitter:card\" content=\"summary_large_image\" \/>\n<meta name=\"twitter:label1\" content=\"Est. reading time\" \/>\n\t<meta name=\"twitter:data1\" content=\"1 minute\" \/>\n<script type=\"application\/ld+json\" class=\"yoast-schema-graph\">{\"@context\":\"https:\/\/schema.org\",\"@graph\":[{\"@type\":\"WebPage\",\"@id\":\"https:\/\/www.sonatus.com\/fr\/entreprise\/evenements\/\",\"url\":\"https:\/\/www.sonatus.com\/fr\/entreprise\/evenements\/\",\"name\":\"\u00c9v\u00e9nements et webinaires | Sonatus\",\"isPartOf\":{\"@id\":\"https:\/\/www.sonatus.com\/fr\/#website\"},\"datePublished\":\"2023-04-28T17:14:02+00:00\",\"dateModified\":\"2024-10-07T18:45:39+00:00\",\"description\":\"Apprenez-en plus sur Sonatus, sa technologie et son vaste r\u00e9seau de partenaires en assistant \u00e0 des \u00e9v\u00e9nements, des salons professionnels et des webinaires.\",\"breadcrumb\":{\"@id\":\"https:\/\/www.sonatus.com\/fr\/entreprise\/evenements\/#breadcrumb\"},\"inLanguage\":\"fr-FR\",\"potentialAction\":[{\"@type\":\"ReadAction\",\"target\":[\"https:\/\/www.sonatus.com\/fr\/entreprise\/evenements\/\"]}]},{\"@type\":\"BreadcrumbList\",\"@id\":\"https:\/\/www.sonatus.com\/fr\/entreprise\/evenements\/#breadcrumb\",\"itemListElement\":[{\"@type\":\"ListItem\",\"position\":1,\"name\":\"Home\",\"item\":\"https:\/\/www.sonatus.com\/fr\/\"},{\"@type\":\"ListItem\",\"position\":2,\"name\":\"Entreprise\",\"item\":\"https:\/\/www.sonatus.com\/fr\/entreprise\/\"},{\"@type\":\"ListItem\",\"position\":3,\"name\":\"\u00c9v\u00e9nements\"}]},{\"@type\":\"WebSite\",\"@id\":\"https:\/\/www.sonatus.com\/fr\/#website\",\"url\":\"https:\/\/www.sonatus.com\/fr\/\",\"name\":\"Sonatus\",\"description\":\"Accelerating Vehicle Software Innovation\",\"publisher\":{\"@id\":\"https:\/\/www.sonatus.com\/fr\/#organization\"},\"potentialAction\":[{\"@type\":\"SearchAction\",\"target\":{\"@type\":\"EntryPoint\",\"urlTemplate\":\"https:\/\/www.sonatus.com\/fr\/?s={search_term_string}\"},\"query-input\":{\"@type\":\"PropertyValueSpecification\",\"valueRequired\":true,\"valueName\":\"search_term_string\"}}],\"inLanguage\":\"fr-FR\"},{\"@type\":\"Organization\",\"@id\":\"https:\/\/www.sonatus.com\/fr\/#organization\",\"name\":\"Sonatus\",\"url\":\"https:\/\/www.sonatus.com\/fr\/\",\"logo\":{\"@type\":\"ImageObject\",\"inLanguage\":\"fr-FR\",\"@id\":\"https:\/\/www.sonatus.com\/fr\/#\/schema\/logo\/image\/\",\"url\":\"https:\/\/www.sonatus.com\/wp-content\/uploads\/2023\/05\/sonatus-logo.svg\",\"contentUrl\":\"https:\/\/www.sonatus.com\/wp-content\/uploads\/2023\/05\/sonatus-logo.svg\",\"width\":202,\"height\":32,\"caption\":\"Sonatus\"},\"image\":{\"@id\":\"https:\/\/www.sonatus.com\/fr\/#\/schema\/logo\/image\/\"},\"sameAs\":[\"https:\/\/www.linkedin.com\/company\/sonatus\/\"]}]}<\/script>\n<!-- \/ Yoast SEO Premium plugin. -->","yoast_head_json":{"title":"\u00c9v\u00e9nements et webinaires | Sonatus","description":"Apprenez-en plus sur Sonatus, sa technologie et son vaste r\u00e9seau de partenaires en assistant \u00e0 des \u00e9v\u00e9nements, des salons professionnels et des webinaires.","robots":{"index":"index","follow":"follow","max-snippet":"max-snippet:-1","max-image-preview":"max-image-preview:large","max-video-preview":"max-video-preview:-1"},"canonical":"https:\/\/www.sonatus.com\/fr\/entreprise\/evenements\/","og_locale":"fr_FR","og_type":"article","og_title":"\u00c9v\u00e9nements","og_description":"Apprenez-en plus sur Sonatus, sa technologie et son vaste r\u00e9seau de partenaires en assistant \u00e0 des \u00e9v\u00e9nements, des salons professionnels et des webinaires.","og_url":"https:\/\/www.sonatus.com\/fr\/entreprise\/evenements\/","og_site_name":"Sonatus","article_modified_time":"2024-10-07T18:45:39+00:00","og_image":[{"width":1200,"height":800,"url":"https:\/\/www.sonatus.com\/wp-content\/uploads\/2023\/05\/Sonatus-BlogCard.jpg","type":"image\/jpeg"}],"twitter_card":"summary_large_image","twitter_misc":{"Est. reading time":"1 minute"},"schema":{"@context":"https:\/\/schema.org","@graph":[{"@type":"WebPage","@id":"https:\/\/www.sonatus.com\/fr\/entreprise\/evenements\/","url":"https:\/\/www.sonatus.com\/fr\/entreprise\/evenements\/","name":"\u00c9v\u00e9nements et webinaires | Sonatus","isPartOf":{"@id":"https:\/\/www.sonatus.com\/fr\/#website"},"datePublished":"2023-04-28T17:14:02+00:00","dateModified":"2024-10-07T18:45:39+00:00","description":"Apprenez-en plus sur Sonatus, sa technologie et son vaste r\u00e9seau de partenaires en assistant \u00e0 des \u00e9v\u00e9nements, des salons professionnels et des webinaires.","breadcrumb":{"@id":"https:\/\/www.sonatus.com\/fr\/entreprise\/evenements\/#breadcrumb"},"inLanguage":"fr-FR","potentialAction":[{"@type":"ReadAction","target":["https:\/\/www.sonatus.com\/fr\/entreprise\/evenements\/"]}]},{"@type":"BreadcrumbList","@id":"https:\/\/www.sonatus.com\/fr\/entreprise\/evenements\/#breadcrumb","itemListElement":[{"@type":"ListItem","position":1,"name":"Home","item":"https:\/\/www.sonatus.com\/fr\/"},{"@type":"ListItem","position":2,"name":"Entreprise","item":"https:\/\/www.sonatus.com\/fr\/entreprise\/"},{"@type":"ListItem","position":3,"name":"\u00c9v\u00e9nements"}]},{"@type":"WebSite","@id":"https:\/\/www.sonatus.com\/fr\/#website","url":"https:\/\/www.sonatus.com\/fr\/","name":"Sonatus","description":"Accelerating Vehicle Software Innovation","publisher":{"@id":"https:\/\/www.sonatus.com\/fr\/#organization"},"potentialAction":[{"@type":"SearchAction","target":{"@type":"EntryPoint","urlTemplate":"https:\/\/www.sonatus.com\/fr\/?s={search_term_string}"},"query-input":{"@type":"PropertyValueSpecification","valueRequired":true,"valueName":"search_term_string"}}],"inLanguage":"fr-FR"},{"@type":"Organization","@id":"https:\/\/www.sonatus.com\/fr\/#organization","name":"Sonatus","url":"https:\/\/www.sonatus.com\/fr\/","logo":{"@type":"ImageObject","inLanguage":"fr-FR","@id":"https:\/\/www.sonatus.com\/fr\/#\/schema\/logo\/image\/","url":"https:\/\/www.sonatus.com\/wp-content\/uploads\/2023\/05\/sonatus-logo.svg","contentUrl":"https:\/\/www.sonatus.com\/wp-content\/uploads\/2023\/05\/sonatus-logo.svg","width":202,"height":32,"caption":"Sonatus"},"image":{"@id":"https:\/\/www.sonatus.com\/fr\/#\/schema\/logo\/image\/"},"sameAs":["https:\/\/www.linkedin.com\/company\/sonatus\/"]}]}},"_links":{"self":[{"href":"https:\/\/www.sonatus.com\/fr\/wp-json\/wp\/v2\/pages\/17651","targetHints":{"allow":["GET"]}}],"collection":[{"href":"https:\/\/www.sonatus.com\/fr\/wp-json\/wp\/v2\/pages"}],"about":[{"href":"https:\/\/www.sonatus.com\/fr\/wp-json\/wp\/v2\/types\/page"}],"author":[{"embeddable":true,"href":"https:\/\/www.sonatus.com\/fr\/wp-json\/wp\/v2\/users\/1"}],"replies":[{"embeddable":true,"href":"https:\/\/www.sonatus.com\/fr\/wp-json\/wp\/v2\/comments?post=17651"}],"version-history":[{"count":2,"href":"https:\/\/www.sonatus.com\/fr\/wp-json\/wp\/v2\/pages\/17651\/revisions"}],"predecessor-version":[{"id":18285,"href":"https:\/\/www.sonatus.com\/fr\/wp-json\/wp\/v2\/pages\/17651\/revisions\/18285"}],"up":[{"embeddable":true,"href":"https:\/\/www.sonatus.com\/fr\/wp-json\/wp\/v2\/pages\/17685"}],"wp:attachment":[{"href":"https:\/\/www.sonatus.com\/fr\/wp-json\/wp\/v2\/media?parent=17651"}],"curies":[{"name":"wp","href":"https:\/\/api.w.org\/{rel}","templated":true}]}}