{"id":22817,"date":"2024-08-29T20:43:15","date_gmt":"2024-08-29T20:43:15","guid":{"rendered":"https:\/\/www.sonatus.com\/anwendungsfaelle\/boost-driver-safety-and-retention\/"},"modified":"2025-03-09T19:57:28","modified_gmt":"2025-03-09T19:57:28","slug":"boost-driver-safety-and-retention","status":"publish","type":"page","link":"https:\/\/www.sonatus.com\/de\/anwendungsfaelle\/boost-driver-safety-and-retention\/","title":{"rendered":"Boost driver safety and retention"},"content":{"rendered":"<section class=\"wpb-content-wrapper\">[vc_row full_width=&#8221;stretch_row&#8221; typography_style=&#8221;white&#8221; el_class=&#8221;vc-hero vc-hero&#8211;use-cases&#8221; min_height=&#8221;300&#8243; css=&#8221;.vc_custom_1725392369886{padding-bottom: 0px !important;background-image: url(https:\/\/www.sonatus.com\/wp-content\/uploads\/2023\/05\/platform-hero-bg.jpg?id=1038) !important;background-position: center !important;background-repeat: no-repeat !important;background-size: cover !important;}&#8221; wpex_bg_position=&#8221;bottom&#8221;][vc_column width=&#8221;1\/2&#8243; css=&#8221;.vc_custom_1710197240705{padding-bottom: 0px !important;}&#8221;]<div class=\"vcex-heading vcex-heading-plain vcex-module wpex-text-2xl wpex-font-normal label\"><span class=\"vcex-heading-inner wpex-inline-block\">USE CASES | VALUE-ADDED SERVICES<\/span><\/div><style>.vcex-heading.vcex_69f10834da0c1{width:720px;color:#3a4146;}<\/style><h1 class=\"vcex-heading vcex-heading-plain vcex-module wpex-text-2xl wpex-font-normal wpex-max-w-100 wpex-mr-auto vc-hero__heading vcex_69f10834da0c1\"><span class=\"vcex-heading-inner wpex-inline-block\">Boost driver safety and retention<\/span><\/h1>[\/vc_column][vc_column width=&#8221;1\/2&#8243;]<style>.vcex-image.vcex_69f10834dd814 .vcex-image-img{border-radius:var(--wpex-rounded-md);}<\/style><figure class=\"vcex-image vcex-module vc-hero__media pull-down vcex_69f10834dd814\"><div class=\"vcex-image-inner wpex-relative wpex-inline-block\"><img width=\"2560\" height=\"1709\" src=\"https:\/\/www.sonatus.com\/wp-content\/uploads\/2024\/08\/AdobeStock_245894773-scaled.jpeg\" class=\"vcex-image-img wpex-align-middle\" alt=\"Smiling commercial van driver\" loading=\"lazy\" decoding=\"async\" srcset=\"https:\/\/www.sonatus.com\/wp-content\/uploads\/2024\/08\/AdobeStock_245894773-scaled.jpeg 2560w, https:\/\/www.sonatus.com\/wp-content\/uploads\/2024\/08\/AdobeStock_245894773-300x200.jpeg 300w, https:\/\/www.sonatus.com\/wp-content\/uploads\/2024\/08\/AdobeStock_245894773-1024x683.jpeg 1024w, https:\/\/www.sonatus.com\/wp-content\/uploads\/2024\/08\/AdobeStock_245894773-768x513.jpeg 768w, https:\/\/www.sonatus.com\/wp-content\/uploads\/2024\/08\/AdobeStock_245894773-1536x1025.jpeg 1536w, https:\/\/www.sonatus.com\/wp-content\/uploads\/2024\/08\/AdobeStock_245894773-2048x1367.jpeg 2048w\" sizes=\"auto, (max-width: 2560px) 100vw, 2560px\" \/><\/div><\/figure>[\/vc_column][\/vc_row][vc_row full_width=&#8221;stretch_row&#8221; column_spacing=&#8221;60&#8243;][vc_column offset=&#8221;vc_col-md-8&#8243;][vc_column_text align=&#8221;left&#8221; width=&#8221;780&#8243;]The new generation of technology-laden commercial vehicles present OEMs with an opportunity to provide advanced fleet management and telematics capabilities that can address the urgent need for improved driver safety and working conditions.[\/vc_column_text]<style>.vcex-heading.vcex_69f10834dfc04{width:850px;}<\/style><h2 class=\"vcex-heading vcex-heading-plain vcex-module wpex-text-2xl wpex-font-normal wpex-max-w-100 wpex-mx-auto u-margin-top--lg vcex_69f10834dfc04\"><span class=\"vcex-heading-inner wpex-inline-block\">Enhance driver safety and convenience with Sonatus Automator AI<\/span><\/h2>[vc_column_text]<span style=\"font-weight: 400;\">Sonatus Automator AI allows OEMs to create custom features using automation policies to execute a wide range of vehicle functions, including for setting driver safety and convenience.\u00a0 These features, requiring no software development, can be deployed instantly across fleets and seamlessly integrated into existing fleet management systems.<\/span>[\/vc_column_text]<style>.vcex-heading.vcex_69f10834e04b7{width:850px;}<\/style><h3 class=\"vcex-heading vcex-heading-plain vcex-module wpex-text-2xl wpex-font-normal wpex-max-w-100 wpex-mx-auto u-margin-top--xl vcex_69f10834e04b7\"><span class=\"vcex-heading-inner wpex-inline-block\">Ensure ADAS features are always-on<\/span><\/h3>[vc_column_text el_class=&#8221;orange-checks&#8221;]Modern commercial vehicles are equipped with an array of ADAS and safety features, but these are only effective if consistently utilized. Drivers often, knowingly or unknowingly, disable alerts for lane departure, blind spot monitoring, forward collision, and other such ADAS features.<\/p>\n<p>Offer an Automator AI policy that automates the task of making sure vehicle ADAS features are always on and set to the prescribed settings.[\/vc_column_text]<div class=\"vcex-callout vcex-module wpex-boxed vc-callout u-margin-top--md\"><div class=\"vcex-callout-caption wpex-text-md wpex-last-mb-0 wpex-clr\"><h5>How it works<\/h5>\n<ul>\n<li>Fleet manager selects the ADAS features that must be active at all times<\/li>\n<li>At ignition-on, Automator AI policy runs a scan of the vehicle\u2019s ADAS settings<\/li>\n<li>If any selected feature is deactivated, Automator AI turns it back on<\/li>\n<\/ul>\n<\/div><\/div><style>.vcex-heading.vcex_69f10834e128b{width:850px;}<\/style><h3 class=\"vcex-heading vcex-heading-plain vcex-module wpex-text-2xl wpex-font-normal wpex-max-w-100 wpex-mx-auto u-margin-top--xl vcex_69f10834e128b\"><span class=\"vcex-heading-inner wpex-inline-block\">Allow fleet-specific safe driving restrictions<\/span><\/h3>[vc_column_text el_class=&#8221;orange-checks&#8221;]Fleets operate in diverse road, traffic, and weather conditions, often comprising vehicles with varying levels of health and maintenance. What constitutes safe driving, therefore, will vary from fleet to fleet or even within a single fleet.<\/p>\n<p>Provide an Automator AI policy that lets fleet operators define and implement their own safe driving standards.[\/vc_column_text]<div class=\"vcex-callout vcex-module wpex-boxed vc-callout u-margin-top--md\"><div class=\"vcex-callout-caption wpex-text-md wpex-last-mb-0 wpex-clr\"><h5>How it works<\/h5>\n<ul>\n<li>Fleet manager selects the driving conditions<\/li>\n<li>Weather<\/li>\n<li>Traffic<\/li>\n<li>Vehicle health<\/li>\n<li>Set action<\/li>\n<li>In-cabin alert<\/li>\n<li>Trigger speed limiter<\/li>\n<li>Send alert to fleet manager dashboard<\/li>\n<li>Record instance on fleet management system<\/li>\n<\/ul>\n<\/div><\/div><style>.vcex-heading.vcex_69f10834e21f8{width:850px;}<\/style><h3 class=\"vcex-heading vcex-heading-plain vcex-module wpex-text-2xl wpex-font-normal wpex-max-w-100 wpex-mx-auto u-margin-top--xl vcex_69f10834e21f8\"><span class=\"vcex-heading-inner wpex-inline-block\">Elevate driver experience and productivity<\/span><\/h3>[vc_column_text el_class=&#8221;orange-checks&#8221;]Commercial vehicle drivers in fleet operations are often assigned different vehicles for each shift. Repeatedly adjusting cabin and comfort settings can be frustrating and, at worst, may impair driving if the driver skips these adjustments. Proper seat positioning, mirror adjustments, IVI\/navigation screen orientation, and climate control settings significantly impact a driver&#8217;s comfort and, consequently, their performance on the road.<\/p>\n<p>Add an Automator AI policy to automatically apply each individual driver\u2019s vehicle-specific preferred settings whenever they operate a vehicle.[\/vc_column_text]<div class=\"vcex-callout vcex-module wpex-boxed vc-callout u-margin-top--md\"><div class=\"vcex-callout-caption wpex-text-md wpex-last-mb-0 wpex-clr\"><ul>\n<li>Record individual driver\u2019s personalized settings for each vehicle with Sonatus Collector AI<\/li>\n<li>Store settings in a driver profile database<\/li>\n<li>Automator AI policy includes a link to profile database<\/li>\n<li>Policy is activated when the fleet scheduling system assigns a driver to a vehicle<\/li>\n<li>Individualize in-cabin settings are automatically applied driver starts a vehicle<\/li>\n<\/ul>\n<\/div><\/div>[\/vc_column][vc_column offset=&#8221;vc_col-md-4&#8243;]<div class=\"vcex-callout vcex-module wpex-boxed vc-callout vc-callout--dark typography-white\"><div class=\"vcex-callout-caption wpex-text-md wpex-last-mb-0 wpex-clr\"><h5>Commercial driving hazards on the rise<\/h5>\n<ul>\n<li>~ 6,000 fatalities\/year in US (Source: NHTSA)<\/li>\n<li>75% increase since 2009.<\/li>\n<\/ul>\n<h5>Driver shortage<\/h5>\n<ul>\n<li>745,000 in Europe by 2028 (Source: IRU)<\/li>\n<li>160,000 In US by 2030 (Source: ATA)<\/li>\n<\/ul>\n<\/div><\/div>[\/vc_column][\/vc_row][vc_row full_width=&#8221;stretch_row&#8221; css=&#8221;.vc_custom_1711496756672{padding-top: 0px !important;background-color: #eceded !important;}&#8221;][vc_column]<h2 class=\"vcex-heading vcex-heading-plain vcex-module wpex-text-2xl wpex-font-normal vc_custom_1711496735566\"><span class=\"vcex-heading-inner wpex-inline-block\">Related products and solutions<\/span><\/h2><div class=\"wpex-post-cards wpex-post-cards-related-product-card wpex-relative\"><div class=\"wpex-post-cards-inner\"><div class=\"wpex-post-cards-loop wpex-post-cards-grid wpex-row wpex-clr\"><div class=\"wpex-post-cards-entry post-12650 type-page col col-1 span_1_of_1 translation_priority-249 author-2\"><div class=\"wpex-card wpex-card-related-product-card\">\n    <div class=\"c-card c-card--related-product\">\n        <div class=\"c-card__media\">\n            <img loading=\"lazy\" decoding=\"async\" width=\"1\" height=\"1\" src=\"https:\/\/www.sonatus.com\/wp-content\/uploads\/2025\/12\/Sonatus_Products_Automator_AI.svg\" class=\"attachment-full size-full\" alt=\"\" \/>        <\/div>\n\n        <div class=\"c-card__content\">\n            <a href=\"https:\/\/www.sonatus.com\/de\/sonatus-automator\/\"><h4>Sonatus Automator AI<\/h4><\/a>\n            <div class=\"c-card__blurb\">\n                                    Erh\u00f6hen und verbessern Sie die Qualit\u00e4t und das Fahrerlebnis w\u00e4hrend des gesamten Fahrzeuglebenszyklus.                            <\/div>\n                            <a href=\"https:\/\/www.sonatus.com\/de\/sonatus-automator\/\" target=\"_blank\" class=\"c-card__cta vcex-button theme-button c-text-button\">\n\n                    <span class=\"theme-button-inner\">\n                        Mehr erfahren                    <\/span>\n                <\/a>\n            \n        <\/div>\n    <\/div>\n\n\n<\/div><\/div><div class=\"wpex-post-cards-entry post-12796 type-page col col-1 span_1_of_1 translation_priority-249 author-2\"><div class=\"wpex-card wpex-card-related-product-card\">\n    <div class=\"c-card c-card--related-product\">\n        <div class=\"c-card__media\">\n            <img loading=\"lazy\" decoding=\"async\" width=\"1\" height=\"1\" src=\"https:\/\/www.sonatus.com\/wp-content\/uploads\/2025\/12\/Sonatus_Products_Collector_AI.svg\" class=\"attachment-full size-full\" alt=\"\" \/>        <\/div>\n\n        <div class=\"c-card__content\">\n            <a href=\"https:\/\/www.sonatus.com\/de\/sonatus-collector\/\"><h4>Sonatus Collector AI<\/h4><\/a>\n            <div class=\"c-card__blurb\">\n                                    F\u00f6rdern Sie kontinuierliche Verbesserungen mit Erkenntnissen aus Daten, die w\u00e4hrend der gesamten Fahrzeuglebensdauer auf dynamische Weise gesammelt werden.                            <\/div>\n                            <a href=\"https:\/\/www.sonatus.com\/de\/sonatus-collector\/\" target=\"_blank\" class=\"c-card__cta vcex-button theme-button c-text-button\">\n\n                    <span class=\"theme-button-inner\">\n                        Mehr erfahren                    <\/span>\n                <\/a>\n            \n        <\/div>\n    <\/div>\n\n\n<\/div><\/div><\/div><\/div><\/div>[\/vc_column][\/vc_row]\n<\/section>","protected":false},"excerpt":{"rendered":"<p>[vc_row full_width=&#8221;stretch_row&#8221; typography_style=&#8221;white&#8221; el_class=&#8221;vc-hero vc-hero&#8211;use-cases&#8221; min_height=&#8221;300&#8243; css=&#8221;.vc_custom_1725392369886{padding-bottom: 0px !important;background-image: url(https:\/\/www.sonatus.com\/wp-content\/uploads\/2023\/05\/platform-hero-bg.jpg?id=1038) !important;background-position: center !important;background-repeat: no-repeat !important;background-size: cover !important;}&#8221; wpex_bg_position=&#8221;bottom&#8221;][vc_column width=&#8221;1\/2&#8243; css=&#8221;.vc_custom_1710197240705{padding-bottom:&hellip;<\/p>\n","protected":false},"author":7,"featured_media":16188,"parent":12514,"menu_order":0,"comment_status":"closed","ping_status":"closed","template":"","meta":{"content-type":"","inline_featured_image":false,"footnotes":""},"class_list":["post-22817","page","type-page","status-publish","has-post-thumbnail","hentry","entry","has-media"],"acf":[],"yoast_head":"<!-- This site is optimized with the Yoast SEO Premium plugin v25.8 (Yoast SEO v26.0) - https:\/\/yoast.com\/wordpress\/plugins\/seo\/ -->\n<title>Boost driver safety and retention | Sonatus<\/title>\n<meta name=\"description\" content=\"The new generation of technology-laden commercial vehicles present OEMs with an opportunity to provide advanced fleet management and telematics capabilities that can address the urgent need for improved driver safety and working conditions.\" \/>\n<meta name=\"robots\" content=\"index, follow, max-snippet:-1, max-image-preview:large, max-video-preview:-1\" \/>\n<link rel=\"canonical\" href=\"https:\/\/www.sonatus.com\/de\/anwendungsfaelle\/boost-driver-safety-and-retention\/\" \/>\n<meta property=\"og:locale\" content=\"de_DE\" \/>\n<meta property=\"og:type\" content=\"article\" \/>\n<meta property=\"og:title\" content=\"Boost driver safety and retention\" \/>\n<meta property=\"og:description\" content=\"The new generation of technology-laden commercial vehicles present OEMs with an opportunity to provide advanced fleet management and telematics capabilities that can address the urgent need for improved driver safety and working conditions.\" \/>\n<meta property=\"og:url\" content=\"https:\/\/www.sonatus.com\/de\/anwendungsfaelle\/boost-driver-safety-and-retention\/\" \/>\n<meta property=\"og:site_name\" content=\"Sonatus\" \/>\n<meta property=\"article:modified_time\" content=\"2025-03-09T19:57:28+00:00\" \/>\n<meta property=\"og:image\" content=\"https:\/\/www.sonatus.com\/wp-content\/uploads\/2024\/08\/AdobeStock_245894773-scaled.jpeg\" \/>\n\t<meta property=\"og:image:width\" content=\"2560\" \/>\n\t<meta property=\"og:image:height\" content=\"1709\" \/>\n\t<meta property=\"og:image:type\" content=\"image\/jpeg\" \/>\n<meta name=\"twitter:card\" content=\"summary_large_image\" \/>\n<meta name=\"twitter:label1\" content=\"Est. reading time\" \/>\n\t<meta name=\"twitter:data1\" content=\"3 minutes\" \/>\n<script type=\"application\/ld+json\" class=\"yoast-schema-graph\">{\"@context\":\"https:\/\/schema.org\",\"@graph\":[{\"@type\":\"WebPage\",\"@id\":\"https:\/\/www.sonatus.com\/de\/anwendungsfaelle\/boost-driver-safety-and-retention\/\",\"url\":\"https:\/\/www.sonatus.com\/de\/anwendungsfaelle\/boost-driver-safety-and-retention\/\",\"name\":\"Boost driver safety and retention | Sonatus\",\"isPartOf\":{\"@id\":\"https:\/\/www.sonatus.com\/de\/#website\"},\"primaryImageOfPage\":{\"@id\":\"https:\/\/www.sonatus.com\/de\/anwendungsfaelle\/boost-driver-safety-and-retention\/#primaryimage\"},\"image\":{\"@id\":\"https:\/\/www.sonatus.com\/de\/anwendungsfaelle\/boost-driver-safety-and-retention\/#primaryimage\"},\"thumbnailUrl\":\"https:\/\/www.sonatus.com\/wp-content\/uploads\/2024\/08\/AdobeStock_245894773-scaled.jpeg\",\"datePublished\":\"2024-08-29T20:43:15+00:00\",\"dateModified\":\"2025-03-09T19:57:28+00:00\",\"description\":\"The new generation of technology-laden commercial vehicles present OEMs with an opportunity to provide advanced fleet management and telematics capabilities that can address the urgent need for improved driver safety and working conditions.\",\"breadcrumb\":{\"@id\":\"https:\/\/www.sonatus.com\/de\/anwendungsfaelle\/boost-driver-safety-and-retention\/#breadcrumb\"},\"inLanguage\":\"de-DE\",\"potentialAction\":[{\"@type\":\"ReadAction\",\"target\":[\"https:\/\/www.sonatus.com\/de\/anwendungsfaelle\/boost-driver-safety-and-retention\/\"]}]},{\"@type\":\"ImageObject\",\"inLanguage\":\"de-DE\",\"@id\":\"https:\/\/www.sonatus.com\/de\/anwendungsfaelle\/boost-driver-safety-and-retention\/#primaryimage\",\"url\":\"https:\/\/www.sonatus.com\/wp-content\/uploads\/2024\/08\/AdobeStock_245894773-scaled.jpeg\",\"contentUrl\":\"https:\/\/www.sonatus.com\/wp-content\/uploads\/2024\/08\/AdobeStock_245894773-scaled.jpeg\",\"width\":2560,\"height\":1709,\"caption\":\"Smiling commercial van driver\"},{\"@type\":\"BreadcrumbList\",\"@id\":\"https:\/\/www.sonatus.com\/de\/anwendungsfaelle\/boost-driver-safety-and-retention\/#breadcrumb\",\"itemListElement\":[{\"@type\":\"ListItem\",\"position\":1,\"name\":\"Home\",\"item\":\"https:\/\/www.sonatus.com\/de\/\"},{\"@type\":\"ListItem\",\"position\":2,\"name\":\"Anwendungsf\u00e4lle\",\"item\":\"https:\/\/www.sonatus.com\/de\/anwendungsfaelle\/\"},{\"@type\":\"ListItem\",\"position\":3,\"name\":\"Boost driver safety and retention\"}]},{\"@type\":\"WebSite\",\"@id\":\"https:\/\/www.sonatus.com\/de\/#website\",\"url\":\"https:\/\/www.sonatus.com\/de\/\",\"name\":\"Sonatus\",\"description\":\"Accelerating Vehicle Software Innovation\",\"publisher\":{\"@id\":\"https:\/\/www.sonatus.com\/de\/#organization\"},\"potentialAction\":[{\"@type\":\"SearchAction\",\"target\":{\"@type\":\"EntryPoint\",\"urlTemplate\":\"https:\/\/www.sonatus.com\/de\/?s={search_term_string}\"},\"query-input\":{\"@type\":\"PropertyValueSpecification\",\"valueRequired\":true,\"valueName\":\"search_term_string\"}}],\"inLanguage\":\"de-DE\"},{\"@type\":\"Organization\",\"@id\":\"https:\/\/www.sonatus.com\/de\/#organization\",\"name\":\"Sonatus\",\"url\":\"https:\/\/www.sonatus.com\/de\/\",\"logo\":{\"@type\":\"ImageObject\",\"inLanguage\":\"de-DE\",\"@id\":\"https:\/\/www.sonatus.com\/de\/#\/schema\/logo\/image\/\",\"url\":\"https:\/\/www.sonatus.com\/wp-content\/uploads\/2023\/05\/sonatus-logo.svg\",\"contentUrl\":\"https:\/\/www.sonatus.com\/wp-content\/uploads\/2023\/05\/sonatus-logo.svg\",\"width\":202,\"height\":32,\"caption\":\"Sonatus\"},\"image\":{\"@id\":\"https:\/\/www.sonatus.com\/de\/#\/schema\/logo\/image\/\"},\"sameAs\":[\"https:\/\/www.linkedin.com\/company\/sonatus\/\"]}]}<\/script>\n<!-- \/ Yoast SEO Premium plugin. -->","yoast_head_json":{"title":"Boost driver safety and retention | Sonatus","description":"The new generation of technology-laden commercial vehicles present OEMs with an opportunity to provide advanced fleet management and telematics capabilities that can address the urgent need for improved driver safety and working conditions.","robots":{"index":"index","follow":"follow","max-snippet":"max-snippet:-1","max-image-preview":"max-image-preview:large","max-video-preview":"max-video-preview:-1"},"canonical":"https:\/\/www.sonatus.com\/de\/anwendungsfaelle\/boost-driver-safety-and-retention\/","og_locale":"de_DE","og_type":"article","og_title":"Boost driver safety and retention","og_description":"The new generation of technology-laden commercial vehicles present OEMs with an opportunity to provide advanced fleet management and telematics capabilities that can address the urgent need for improved driver safety and working conditions.","og_url":"https:\/\/www.sonatus.com\/de\/anwendungsfaelle\/boost-driver-safety-and-retention\/","og_site_name":"Sonatus","article_modified_time":"2025-03-09T19:57:28+00:00","og_image":[{"width":2560,"height":1709,"url":"https:\/\/www.sonatus.com\/wp-content\/uploads\/2024\/08\/AdobeStock_245894773-scaled.jpeg","type":"image\/jpeg"}],"twitter_card":"summary_large_image","twitter_misc":{"Est. reading time":"3 minutes"},"schema":{"@context":"https:\/\/schema.org","@graph":[{"@type":"WebPage","@id":"https:\/\/www.sonatus.com\/de\/anwendungsfaelle\/boost-driver-safety-and-retention\/","url":"https:\/\/www.sonatus.com\/de\/anwendungsfaelle\/boost-driver-safety-and-retention\/","name":"Boost driver safety and retention | Sonatus","isPartOf":{"@id":"https:\/\/www.sonatus.com\/de\/#website"},"primaryImageOfPage":{"@id":"https:\/\/www.sonatus.com\/de\/anwendungsfaelle\/boost-driver-safety-and-retention\/#primaryimage"},"image":{"@id":"https:\/\/www.sonatus.com\/de\/anwendungsfaelle\/boost-driver-safety-and-retention\/#primaryimage"},"thumbnailUrl":"https:\/\/www.sonatus.com\/wp-content\/uploads\/2024\/08\/AdobeStock_245894773-scaled.jpeg","datePublished":"2024-08-29T20:43:15+00:00","dateModified":"2025-03-09T19:57:28+00:00","description":"The new generation of technology-laden commercial vehicles present OEMs with an opportunity to provide advanced fleet management and telematics capabilities that can address the urgent need for improved driver safety and working conditions.","breadcrumb":{"@id":"https:\/\/www.sonatus.com\/de\/anwendungsfaelle\/boost-driver-safety-and-retention\/#breadcrumb"},"inLanguage":"de-DE","potentialAction":[{"@type":"ReadAction","target":["https:\/\/www.sonatus.com\/de\/anwendungsfaelle\/boost-driver-safety-and-retention\/"]}]},{"@type":"ImageObject","inLanguage":"de-DE","@id":"https:\/\/www.sonatus.com\/de\/anwendungsfaelle\/boost-driver-safety-and-retention\/#primaryimage","url":"https:\/\/www.sonatus.com\/wp-content\/uploads\/2024\/08\/AdobeStock_245894773-scaled.jpeg","contentUrl":"https:\/\/www.sonatus.com\/wp-content\/uploads\/2024\/08\/AdobeStock_245894773-scaled.jpeg","width":2560,"height":1709,"caption":"Smiling commercial van driver"},{"@type":"BreadcrumbList","@id":"https:\/\/www.sonatus.com\/de\/anwendungsfaelle\/boost-driver-safety-and-retention\/#breadcrumb","itemListElement":[{"@type":"ListItem","position":1,"name":"Home","item":"https:\/\/www.sonatus.com\/de\/"},{"@type":"ListItem","position":2,"name":"Anwendungsf\u00e4lle","item":"https:\/\/www.sonatus.com\/de\/anwendungsfaelle\/"},{"@type":"ListItem","position":3,"name":"Boost driver safety and retention"}]},{"@type":"WebSite","@id":"https:\/\/www.sonatus.com\/de\/#website","url":"https:\/\/www.sonatus.com\/de\/","name":"Sonatus","description":"Accelerating Vehicle Software Innovation","publisher":{"@id":"https:\/\/www.sonatus.com\/de\/#organization"},"potentialAction":[{"@type":"SearchAction","target":{"@type":"EntryPoint","urlTemplate":"https:\/\/www.sonatus.com\/de\/?s={search_term_string}"},"query-input":{"@type":"PropertyValueSpecification","valueRequired":true,"valueName":"search_term_string"}}],"inLanguage":"de-DE"},{"@type":"Organization","@id":"https:\/\/www.sonatus.com\/de\/#organization","name":"Sonatus","url":"https:\/\/www.sonatus.com\/de\/","logo":{"@type":"ImageObject","inLanguage":"de-DE","@id":"https:\/\/www.sonatus.com\/de\/#\/schema\/logo\/image\/","url":"https:\/\/www.sonatus.com\/wp-content\/uploads\/2023\/05\/sonatus-logo.svg","contentUrl":"https:\/\/www.sonatus.com\/wp-content\/uploads\/2023\/05\/sonatus-logo.svg","width":202,"height":32,"caption":"Sonatus"},"image":{"@id":"https:\/\/www.sonatus.com\/de\/#\/schema\/logo\/image\/"},"sameAs":["https:\/\/www.linkedin.com\/company\/sonatus\/"]}]}},"_links":{"self":[{"href":"https:\/\/www.sonatus.com\/de\/wp-json\/wp\/v2\/pages\/22817","targetHints":{"allow":["GET"]}}],"collection":[{"href":"https:\/\/www.sonatus.com\/de\/wp-json\/wp\/v2\/pages"}],"about":[{"href":"https:\/\/www.sonatus.com\/de\/wp-json\/wp\/v2\/types\/page"}],"author":[{"embeddable":true,"href":"https:\/\/www.sonatus.com\/de\/wp-json\/wp\/v2\/users\/7"}],"replies":[{"embeddable":true,"href":"https:\/\/www.sonatus.com\/de\/wp-json\/wp\/v2\/comments?post=22817"}],"version-history":[{"count":1,"href":"https:\/\/www.sonatus.com\/de\/wp-json\/wp\/v2\/pages\/22817\/revisions"}],"predecessor-version":[{"id":22819,"href":"https:\/\/www.sonatus.com\/de\/wp-json\/wp\/v2\/pages\/22817\/revisions\/22819"}],"up":[{"embeddable":true,"href":"https:\/\/www.sonatus.com\/de\/wp-json\/wp\/v2\/pages\/12514"}],"wp:featuredmedia":[{"embeddable":true,"href":"https:\/\/www.sonatus.com\/de\/wp-json\/wp\/v2\/media\/16188"}],"wp:attachment":[{"href":"https:\/\/www.sonatus.com\/de\/wp-json\/wp\/v2\/media?parent=22817"}],"curies":[{"name":"wp","href":"https:\/\/api.w.org\/{rel}","templated":true}]}}