{"id":16226,"date":"2024-08-29T21:07:35","date_gmt":"2024-08-29T21:07:35","guid":{"rendered":"https:\/\/www.sonatus.com\/?page_id=16226"},"modified":"2024-11-05T20:34:18","modified_gmt":"2024-11-05T20:34:18","slug":"nutzfahrzeuge-anwendungsfaelle","status":"publish","type":"page","link":"https:\/\/www.sonatus.com\/de\/anwendungsfaelle\/nutzfahrzeuge-anwendungsfaelle\/","title":{"rendered":"Nutzfahrzeuge \u2013 Anwendungsf\u00e4lle"},"content":{"rendered":"<section class=\"wpb-content-wrapper\">[vc_row full_width=&#8221;stretch_row&#8221; el_class=&#8221;use-case-hero&#8221; css=&#8221;.vc_custom_1711739580401{background-image: url(https:\/\/www.sonatus.com\/wp-content\/uploads\/2023\/05\/use-case-hero-bg.jpg?id=933) !important;background-position: center !important;background-repeat: no-repeat !important;background-size: cover !important;}&#8221; wpex_bg_position=&#8221;top left&#8221;][vc_column]<style>.vcex-heading.vcex_69f1086f8f73a{font-size:var(--wpex-text-xl);}<\/style><div class=\"vcex-heading vcex-heading-plain vcex-module wpex-text-2xl wpex-font-normal vc_custom_1724739181378 label vcex_69f1086f8f73a\"><span class=\"vcex-heading-inner wpex-inline-block\">Nutzfahrzeuge | Anwendungsf\u00e4lle<\/span><\/div><h1 class=\"vcex-heading vcex-heading-plain vcex-module wpex-text-2xl wpex-font-normal use-case-hero__heading\"><span class=\"vcex-heading-inner wpex-inline-block\">Meistern Sie die Herausforderungen<br \/>\nder modernen Mobilit\u00e4tsanforderungen<\/span><\/h1>[vc_column_text align=&#8221;left&#8221; el_class=&#8221;use-case-hero__content clear&#8221; width=&#8221;900&#8243; css=&#8221;.vc_custom_1726152899307{margin-bottom: 30px !important;}&#8221;]Sonatus erm\u00f6glicht Nutzfahrzeugherstellern, den wachsenden Anforderungen gerecht zu werden, die mit vielf\u00e4ltigen Anwendungen im Bereich Transport und Mobilit\u00e4t verbunden sind. Unsere fortschrittlichen L\u00f6sungen unterst\u00fctzen die Entwicklung von effizienteren, wartungsfreundlicheren und anpassungsf\u00e4higeren Fahrzeugen, die mit vernetzten Flottendiensten ausgestattet werden, die die betriebliche Effizienz erh\u00f6hen.<\/p>\n<p>Entdecken Sie unsere Anwendungsf\u00e4lle, um zu erfahren, wie Sonatus gewerbliche Flotten transformiert, sodass sie einfacher verwaltet, gewartet und f\u00fcr die heutigen dynamischen Transportanforderungen optimiert werden k\u00f6nnen.[\/vc_column_text][\/vc_column][\/vc_row][vc_row el_class=&#8221;use-case__wrap&#8221; css=&#8221;.vc_custom_1712128826534{background-color: #ffffff !important;}&#8221;][vc_column el_class=&#8221;use-case__nav js-active&#8221;][vc_row_inner css=&#8221;.vc_custom_1711439892439{padding-top: 0px !important;}&#8221;][vc_column_inner width=&#8221;1\/4&#8243;]<style>.vcex-image.vcex_69f1086f906fd .vcex-image-img{border-radius:var(--wpex-rounded);}<\/style><figure class=\"vcex-image vcex-module vcex_69f1086f906fd\"><div class=\"vcex-image-inner wpex-relative wpex-inline-block\"><img width=\"2560\" height=\"1991\" src=\"https:\/\/www.sonatus.com\/wp-content\/uploads\/2024\/08\/AdobeStock_791401418-scaled.jpeg\" class=\"vcex-image-img wpex-align-middle\" alt=\"Three White Delivery Trucks vans fleet of cargo trucks courier service Warehouse Building\" loading=\"lazy\" decoding=\"async\" srcset=\"https:\/\/www.sonatus.com\/wp-content\/uploads\/2024\/08\/AdobeStock_791401418-scaled.jpeg 2560w, https:\/\/www.sonatus.com\/wp-content\/uploads\/2024\/08\/AdobeStock_791401418-300x233.jpeg 300w, https:\/\/www.sonatus.com\/wp-content\/uploads\/2024\/08\/AdobeStock_791401418-1024x796.jpeg 1024w, https:\/\/www.sonatus.com\/wp-content\/uploads\/2024\/08\/AdobeStock_791401418-768x597.jpeg 768w, https:\/\/www.sonatus.com\/wp-content\/uploads\/2024\/08\/AdobeStock_791401418-1536x1195.jpeg 1536w, https:\/\/www.sonatus.com\/wp-content\/uploads\/2024\/08\/AdobeStock_791401418-2048x1593.jpeg 2048w\" sizes=\"auto, (max-width: 2560px) 100vw, 2560px\" \/><\/div><\/figure>[\/vc_column_inner][vc_column_inner width=&#8221;3\/4&#8243;]<div class=\"vcex-heading vcex-heading-plain vcex-module wpex-text-2xl wpex-font-normal label\"><span class=\"vcex-heading-inner wpex-inline-block\">Design und Konstruktion<\/span><\/div><h2 class=\"vcex-heading vcex-heading-plain vcex-module wpex-text-2xl wpex-font-normal\"><span class=\"vcex-heading-inner wpex-inline-block\">Bedienen Sie Nutzfahrzeugsegmente mit gemeinsamen Plattformen<\/span><\/h2>[vc_column_text]Die zunehmende Urbanisierung, das Wachstum des E-Commerce und der Wechsel zu nachhaltigen und effizienten Mobilit\u00e4tsl\u00f6sungen erh\u00f6hen die Nachfrage nach Nutzfahrzeugen aller Art.[\/vc_column_text][vc_empty_space height=&#8221;7px&#8221;]<a href=\"https:\/\/www.sonatus.com\/de\/anwendungsfaelle\/commercial-vehicle-segments-common-platforms\/\" class=\"vcex-button theme-button c-text-button align-left inline clear\"><span class=\"vcex-button-inner theme-button-inner\">Mehr erfahren<\/span><\/a> [\/vc_column_inner][\/vc_row_inner][vc_row_inner css=&#8221;.vc_custom_1711439984539{padding-top: 0px !important;}&#8221; el_id=&#8221;value-added-services&#8221;][vc_column_inner width=&#8221;1\/4&#8243;]<figure class=\"vcex-image vcex-module\"><div class=\"vcex-image-inner wpex-relative wpex-inline-block\"><img width=\"765\" height=\"510\" src=\"https:\/\/www.sonatus.com\/wp-content\/uploads\/2023\/09\/van-fleet-use-case-vs01-1.png\" class=\"vcex-image-img wpex-align-middle\" alt=\"fleet applications use case\" loading=\"lazy\" decoding=\"async\" srcset=\"https:\/\/www.sonatus.com\/wp-content\/uploads\/2023\/09\/van-fleet-use-case-vs01-1.png 765w, https:\/\/www.sonatus.com\/wp-content\/uploads\/2023\/09\/van-fleet-use-case-vs01-1-300x200.png 300w\" sizes=\"auto, (max-width: 765px) 100vw, 765px\" \/><\/div><\/figure>[\/vc_column_inner][vc_column_inner width=&#8221;3\/4&#8243;]<div class=\"vcex-heading vcex-heading-plain vcex-module wpex-text-2xl wpex-font-normal label\"><span class=\"vcex-heading-inner wpex-inline-block\">Zusatzleistungen<\/span><\/div><h2 class=\"vcex-heading vcex-heading-plain vcex-module wpex-text-2xl wpex-font-normal\"><span class=\"vcex-heading-inner wpex-inline-block\">Erm\u00f6glichen Sie vielf\u00e4ltige Flottenmanagement-Anwendungen<\/span><\/h2>[vc_column_text]Flottendienste stellen eine enorme Chance dar und k\u00f6nnen Autoherstellern unter dem Strich eine erhebliche zus\u00e4tzliche Summe von Einnahmen und Gewinnen bringen.[\/vc_column_text][vc_empty_space height=&#8221;7px&#8221;]<a href=\"https:\/\/www.sonatus.com\/de\/anwendungsfaelle\/unterstuetzen-sie-diverse-flottenanwendungen\/\" class=\"vcex-button theme-button c-text-button align-left inline clear\"><span class=\"vcex-button-inner theme-button-inner\">Mehr erfahren<\/span><\/a> [\/vc_column_inner][\/vc_row_inner][vc_row_inner css=&#8221;.vc_custom_1709916608261{padding-top: 0px !important;}&#8221;][vc_column_inner width=&#8221;1\/4&#8243;]<style>.vcex-image.vcex_69f1086f9a6d2 .vcex-image-img{border-radius:var(--wpex-rounded);}<\/style><figure class=\"vcex-image vcex-module vcex_69f1086f9a6d2\"><div class=\"vcex-image-inner wpex-relative wpex-inline-block\"><img width=\"2560\" height=\"1709\" src=\"https:\/\/www.sonatus.com\/wp-content\/uploads\/2024\/08\/AdobeStock_245894773-scaled.jpeg\" class=\"vcex-image-img wpex-align-middle\" alt=\"Smiling commercial van driver\" loading=\"lazy\" decoding=\"async\" srcset=\"https:\/\/www.sonatus.com\/wp-content\/uploads\/2024\/08\/AdobeStock_245894773-scaled.jpeg 2560w, https:\/\/www.sonatus.com\/wp-content\/uploads\/2024\/08\/AdobeStock_245894773-300x200.jpeg 300w, https:\/\/www.sonatus.com\/wp-content\/uploads\/2024\/08\/AdobeStock_245894773-1024x683.jpeg 1024w, https:\/\/www.sonatus.com\/wp-content\/uploads\/2024\/08\/AdobeStock_245894773-768x513.jpeg 768w, https:\/\/www.sonatus.com\/wp-content\/uploads\/2024\/08\/AdobeStock_245894773-1536x1025.jpeg 1536w, https:\/\/www.sonatus.com\/wp-content\/uploads\/2024\/08\/AdobeStock_245894773-2048x1367.jpeg 2048w\" sizes=\"auto, (max-width: 2560px) 100vw, 2560px\" \/><\/div><\/figure>[\/vc_column_inner][vc_column_inner width=&#8221;3\/4&#8243;]<div class=\"vcex-heading vcex-heading-plain vcex-module wpex-text-2xl wpex-font-normal label\"><span class=\"vcex-heading-inner wpex-inline-block\">Zusatzleistungen<\/span><\/div><h2 class=\"vcex-heading vcex-heading-plain vcex-module wpex-text-2xl wpex-font-normal\"><span class=\"vcex-heading-inner wpex-inline-block\">Steigerung der Fahrersicherheit und Fahrerbindung<\/span><\/h2>[vc_column_text]Die neue Generation technologiebasierter Nutzfahrzeuge bietet OEMs die M\u00f6glichkeit, fortschrittliche Flottenmanagement- und Telematikfunktionen bereitzustellen, die dem dringenden Bedarf an verbesserter Fahrersicherheit und Arbeitsbedingungen gerecht werden k\u00f6nnen.[\/vc_column_text][vc_empty_space height=&#8221;7px&#8221;]<a href=\"https:\/\/www.sonatus.com\/de\/anwendungsfaelle\/boost-driver-safety-and-retention\/\" class=\"vcex-button theme-button c-text-button align-left inline clear\"><span class=\"vcex-button-inner theme-button-inner\">Mehr erfahren<\/span><\/a> [\/vc_column_inner][\/vc_row_inner][\/vc_column][\/vc_row]\n<\/section>","protected":false},"excerpt":{"rendered":"<p>[vc_row full_width=&#8221;stretch_row&#8221; el_class=&#8221;use-case-hero&#8221; css=&#8221;.vc_custom_1711739580401{background-image: url(https:\/\/www.sonatus.com\/wp-content\/uploads\/2023\/05\/use-case-hero-bg.jpg?id=933) !important;background-position: center !important;background-repeat: no-repeat !important;background-size: cover !important;}&#8221; wpex_bg_position=&#8221;top left&#8221;][vc_column][vc_column_text align=&#8221;left&#8221; el_class=&#8221;use-case-hero__content clear&#8221; width=&#8221;900&#8243; css=&#8221;.vc_custom_1726152899307{margin-bottom: 30px&hellip;<\/p>\n","protected":false},"author":7,"featured_media":0,"parent":12514,"menu_order":0,"comment_status":"closed","ping_status":"closed","template":"","meta":{"content-type":"","inline_featured_image":false,"footnotes":""},"class_list":["post-16226","page","type-page","status-publish","hentry","entry","no-media"],"acf":[],"yoast_head":"<!-- This site is optimized with the Yoast SEO Premium plugin v25.8 (Yoast SEO v26.0) - https:\/\/yoast.com\/wordpress\/plugins\/seo\/ -->\n<title>Nutzfahrzeuge \u2013 Anwendungsf\u00e4lle | Sonatus<\/title>\n<meta name=\"description\" content=\"Entdecken Sie Nutzfahrzeug-Anwendungsf\u00e4lle f\u00fcr das Produktangebot von Sonatus.\" \/>\n<meta name=\"robots\" content=\"index, follow, max-snippet:-1, max-image-preview:large, max-video-preview:-1\" \/>\n<link rel=\"canonical\" href=\"https:\/\/www.sonatus.com\/de\/anwendungsfaelle\/nutzfahrzeuge-anwendungsfaelle\/\" \/>\n<meta property=\"og:locale\" content=\"de_DE\" \/>\n<meta property=\"og:type\" content=\"article\" \/>\n<meta property=\"og:title\" content=\"Nutzfahrzeuge \u2013 Anwendungsf\u00e4lle\" \/>\n<meta property=\"og:description\" content=\"Entdecken Sie Nutzfahrzeug-Anwendungsf\u00e4lle f\u00fcr das Produktangebot von Sonatus.\" \/>\n<meta property=\"og:url\" content=\"https:\/\/www.sonatus.com\/de\/anwendungsfaelle\/nutzfahrzeuge-anwendungsfaelle\/\" \/>\n<meta property=\"og:site_name\" content=\"Sonatus\" \/>\n<meta property=\"article:modified_time\" content=\"2024-11-05T20:34:18+00:00\" \/>\n<meta property=\"og:image\" content=\"https:\/\/www.sonatus.com\/wp-content\/uploads\/2023\/05\/Sonatus-BlogCard.jpg\" \/>\n\t<meta property=\"og:image:width\" content=\"1200\" \/>\n\t<meta property=\"og:image:height\" content=\"800\" \/>\n\t<meta property=\"og:image:type\" content=\"image\/jpeg\" \/>\n<meta name=\"twitter:card\" content=\"summary_large_image\" \/>\n<meta name=\"twitter:label1\" content=\"Est. reading time\" \/>\n\t<meta name=\"twitter:data1\" content=\"2 minutes\" \/>\n<script type=\"application\/ld+json\" class=\"yoast-schema-graph\">{\"@context\":\"https:\/\/schema.org\",\"@graph\":[{\"@type\":\"WebPage\",\"@id\":\"https:\/\/www.sonatus.com\/de\/anwendungsfaelle\/nutzfahrzeuge-anwendungsfaelle\/\",\"url\":\"https:\/\/www.sonatus.com\/de\/anwendungsfaelle\/nutzfahrzeuge-anwendungsfaelle\/\",\"name\":\"Nutzfahrzeuge \u2013 Anwendungsf\u00e4lle | Sonatus\",\"isPartOf\":{\"@id\":\"https:\/\/www.sonatus.com\/de\/#website\"},\"datePublished\":\"2024-08-29T21:07:35+00:00\",\"dateModified\":\"2024-11-05T20:34:18+00:00\",\"description\":\"Entdecken Sie Nutzfahrzeug-Anwendungsf\u00e4lle f\u00fcr das Produktangebot von Sonatus.\",\"breadcrumb\":{\"@id\":\"https:\/\/www.sonatus.com\/de\/anwendungsfaelle\/nutzfahrzeuge-anwendungsfaelle\/#breadcrumb\"},\"inLanguage\":\"de-DE\",\"potentialAction\":[{\"@type\":\"ReadAction\",\"target\":[\"https:\/\/www.sonatus.com\/de\/anwendungsfaelle\/nutzfahrzeuge-anwendungsfaelle\/\"]}]},{\"@type\":\"BreadcrumbList\",\"@id\":\"https:\/\/www.sonatus.com\/de\/anwendungsfaelle\/nutzfahrzeuge-anwendungsfaelle\/#breadcrumb\",\"itemListElement\":[{\"@type\":\"ListItem\",\"position\":1,\"name\":\"Home\",\"item\":\"https:\/\/www.sonatus.com\/de\/\"},{\"@type\":\"ListItem\",\"position\":2,\"name\":\"Anwendungsf\u00e4lle\",\"item\":\"https:\/\/www.sonatus.com\/de\/anwendungsfaelle\/\"},{\"@type\":\"ListItem\",\"position\":3,\"name\":\"Nutzfahrzeuge \u2013 Anwendungsf\u00e4lle\"}]},{\"@type\":\"WebSite\",\"@id\":\"https:\/\/www.sonatus.com\/de\/#website\",\"url\":\"https:\/\/www.sonatus.com\/de\/\",\"name\":\"Sonatus\",\"description\":\"Accelerating Vehicle Software Innovation\",\"publisher\":{\"@id\":\"https:\/\/www.sonatus.com\/de\/#organization\"},\"potentialAction\":[{\"@type\":\"SearchAction\",\"target\":{\"@type\":\"EntryPoint\",\"urlTemplate\":\"https:\/\/www.sonatus.com\/de\/?s={search_term_string}\"},\"query-input\":{\"@type\":\"PropertyValueSpecification\",\"valueRequired\":true,\"valueName\":\"search_term_string\"}}],\"inLanguage\":\"de-DE\"},{\"@type\":\"Organization\",\"@id\":\"https:\/\/www.sonatus.com\/de\/#organization\",\"name\":\"Sonatus\",\"url\":\"https:\/\/www.sonatus.com\/de\/\",\"logo\":{\"@type\":\"ImageObject\",\"inLanguage\":\"de-DE\",\"@id\":\"https:\/\/www.sonatus.com\/de\/#\/schema\/logo\/image\/\",\"url\":\"https:\/\/www.sonatus.com\/wp-content\/uploads\/2023\/05\/sonatus-logo.svg\",\"contentUrl\":\"https:\/\/www.sonatus.com\/wp-content\/uploads\/2023\/05\/sonatus-logo.svg\",\"width\":202,\"height\":32,\"caption\":\"Sonatus\"},\"image\":{\"@id\":\"https:\/\/www.sonatus.com\/de\/#\/schema\/logo\/image\/\"},\"sameAs\":[\"https:\/\/www.linkedin.com\/company\/sonatus\/\"]}]}<\/script>\n<!-- \/ Yoast SEO Premium plugin. -->","yoast_head_json":{"title":"Nutzfahrzeuge \u2013 Anwendungsf\u00e4lle | Sonatus","description":"Entdecken Sie Nutzfahrzeug-Anwendungsf\u00e4lle f\u00fcr das Produktangebot von Sonatus.","robots":{"index":"index","follow":"follow","max-snippet":"max-snippet:-1","max-image-preview":"max-image-preview:large","max-video-preview":"max-video-preview:-1"},"canonical":"https:\/\/www.sonatus.com\/de\/anwendungsfaelle\/nutzfahrzeuge-anwendungsfaelle\/","og_locale":"de_DE","og_type":"article","og_title":"Nutzfahrzeuge \u2013 Anwendungsf\u00e4lle","og_description":"Entdecken Sie Nutzfahrzeug-Anwendungsf\u00e4lle f\u00fcr das Produktangebot von Sonatus.","og_url":"https:\/\/www.sonatus.com\/de\/anwendungsfaelle\/nutzfahrzeuge-anwendungsfaelle\/","og_site_name":"Sonatus","article_modified_time":"2024-11-05T20:34:18+00:00","og_image":[{"width":1200,"height":800,"url":"https:\/\/www.sonatus.com\/wp-content\/uploads\/2023\/05\/Sonatus-BlogCard.jpg","type":"image\/jpeg"}],"twitter_card":"summary_large_image","twitter_misc":{"Est. reading time":"2 minutes"},"schema":{"@context":"https:\/\/schema.org","@graph":[{"@type":"WebPage","@id":"https:\/\/www.sonatus.com\/de\/anwendungsfaelle\/nutzfahrzeuge-anwendungsfaelle\/","url":"https:\/\/www.sonatus.com\/de\/anwendungsfaelle\/nutzfahrzeuge-anwendungsfaelle\/","name":"Nutzfahrzeuge \u2013 Anwendungsf\u00e4lle | Sonatus","isPartOf":{"@id":"https:\/\/www.sonatus.com\/de\/#website"},"datePublished":"2024-08-29T21:07:35+00:00","dateModified":"2024-11-05T20:34:18+00:00","description":"Entdecken Sie Nutzfahrzeug-Anwendungsf\u00e4lle f\u00fcr das Produktangebot von Sonatus.","breadcrumb":{"@id":"https:\/\/www.sonatus.com\/de\/anwendungsfaelle\/nutzfahrzeuge-anwendungsfaelle\/#breadcrumb"},"inLanguage":"de-DE","potentialAction":[{"@type":"ReadAction","target":["https:\/\/www.sonatus.com\/de\/anwendungsfaelle\/nutzfahrzeuge-anwendungsfaelle\/"]}]},{"@type":"BreadcrumbList","@id":"https:\/\/www.sonatus.com\/de\/anwendungsfaelle\/nutzfahrzeuge-anwendungsfaelle\/#breadcrumb","itemListElement":[{"@type":"ListItem","position":1,"name":"Home","item":"https:\/\/www.sonatus.com\/de\/"},{"@type":"ListItem","position":2,"name":"Anwendungsf\u00e4lle","item":"https:\/\/www.sonatus.com\/de\/anwendungsfaelle\/"},{"@type":"ListItem","position":3,"name":"Nutzfahrzeuge \u2013 Anwendungsf\u00e4lle"}]},{"@type":"WebSite","@id":"https:\/\/www.sonatus.com\/de\/#website","url":"https:\/\/www.sonatus.com\/de\/","name":"Sonatus","description":"Accelerating Vehicle Software Innovation","publisher":{"@id":"https:\/\/www.sonatus.com\/de\/#organization"},"potentialAction":[{"@type":"SearchAction","target":{"@type":"EntryPoint","urlTemplate":"https:\/\/www.sonatus.com\/de\/?s={search_term_string}"},"query-input":{"@type":"PropertyValueSpecification","valueRequired":true,"valueName":"search_term_string"}}],"inLanguage":"de-DE"},{"@type":"Organization","@id":"https:\/\/www.sonatus.com\/de\/#organization","name":"Sonatus","url":"https:\/\/www.sonatus.com\/de\/","logo":{"@type":"ImageObject","inLanguage":"de-DE","@id":"https:\/\/www.sonatus.com\/de\/#\/schema\/logo\/image\/","url":"https:\/\/www.sonatus.com\/wp-content\/uploads\/2023\/05\/sonatus-logo.svg","contentUrl":"https:\/\/www.sonatus.com\/wp-content\/uploads\/2023\/05\/sonatus-logo.svg","width":202,"height":32,"caption":"Sonatus"},"image":{"@id":"https:\/\/www.sonatus.com\/de\/#\/schema\/logo\/image\/"},"sameAs":["https:\/\/www.linkedin.com\/company\/sonatus\/"]}]}},"_links":{"self":[{"href":"https:\/\/www.sonatus.com\/de\/wp-json\/wp\/v2\/pages\/16226","targetHints":{"allow":["GET"]}}],"collection":[{"href":"https:\/\/www.sonatus.com\/de\/wp-json\/wp\/v2\/pages"}],"about":[{"href":"https:\/\/www.sonatus.com\/de\/wp-json\/wp\/v2\/types\/page"}],"author":[{"embeddable":true,"href":"https:\/\/www.sonatus.com\/de\/wp-json\/wp\/v2\/users\/7"}],"replies":[{"embeddable":true,"href":"https:\/\/www.sonatus.com\/de\/wp-json\/wp\/v2\/comments?post=16226"}],"version-history":[{"count":9,"href":"https:\/\/www.sonatus.com\/de\/wp-json\/wp\/v2\/pages\/16226\/revisions"}],"predecessor-version":[{"id":18977,"href":"https:\/\/www.sonatus.com\/de\/wp-json\/wp\/v2\/pages\/16226\/revisions\/18977"}],"up":[{"embeddable":true,"href":"https:\/\/www.sonatus.com\/de\/wp-json\/wp\/v2\/pages\/12514"}],"wp:attachment":[{"href":"https:\/\/www.sonatus.com\/de\/wp-json\/wp\/v2\/media?parent=16226"}],"curies":[{"name":"wp","href":"https:\/\/api.w.org\/{rel}","templated":true}]}}