{"id":16207,"date":"2024-08-29T21:00:50","date_gmt":"2024-08-29T21:00:50","guid":{"rendered":"https:\/\/www.sonatus.com\/?page_id=16207"},"modified":"2024-11-05T20:32:46","modified_gmt":"2024-11-05T20:32:46","slug":"pkws-anwendungsfaelle","status":"publish","type":"page","link":"https:\/\/www.sonatus.com\/de\/anwendungsfaelle\/pkws-anwendungsfaelle\/","title":{"rendered":"Pkws \u2013 Anwendungsf\u00e4lle"},"content":{"rendered":"<section class=\"wpb-content-wrapper\">[vc_row full_width=&#8221;stretch_row&#8221; el_class=&#8221;use-case-hero&#8221; css=&#8221;.vc_custom_1711739580401{background-image: url(https:\/\/www.sonatus.com\/wp-content\/uploads\/2023\/05\/use-case-hero-bg.jpg?id=933) !important;background-position: center !important;background-repeat: no-repeat !important;background-size: cover !important;}&#8221; wpex_bg_position=&#8221;top left&#8221;][vc_column]<style>.vcex-heading.vcex_69f0f0d4ef179{font-size:var(--wpex-text-xl);}<\/style><div class=\"vcex-heading vcex-heading-plain vcex-module wpex-text-2xl wpex-font-normal vc_custom_1724739227667 label vcex_69f0f0d4ef179\"><span class=\"vcex-heading-inner wpex-inline-block\">Pkws | Anwendungsf\u00e4lle<\/span><\/div><h1 class=\"vcex-heading vcex-heading-plain vcex-module wpex-text-2xl wpex-font-normal use-case-hero__heading\"><span class=\"vcex-heading-inner wpex-inline-block\">Bieten Sie spannende und<br \/>\ninnovative Fahrerlebnisse<\/span><\/h1>[vc_column_text align=&#8221;left&#8221; el_class=&#8221;use-case-hero__content clear&#8221; width=&#8221;900&#8243; css=&#8221;.vc_custom_1726152948641{margin-bottom: 30px !important;}&#8221;]Sonatus bietet innovative L\u00f6sungen, die das Fahrerlebnis in Personenkraftwagen revolutionieren. Durch die Nutzung von fortschrittlicher Software und datengest\u00fctzten Technologien erm\u00f6glicht Sonatus Autoherstellern, intelligentere und besser vernetzte und personalisierte Fahrzeuge zu entwickeln. Mit unseren Produkten und L\u00f6sungen k\u00f6nnen Autohersteller die Fahrzeugleistung, Sicherheit und Nutzererfahrung durch kontinuierliche Innovation und Anpassungsf\u00e4higkeit verbessern.<\/p>\n<p>Entdecken Sie unsere Reihe von Anwendungsf\u00e4llen, um zu erfahren, wie sich Sonatus f\u00fcr die Zukunft der Mobilit\u00e4t einsetzt und die Art und Weise ver\u00e4ndert, wie Kunden mit ihren Fahrzeugen interagieren.[\/vc_column_text][\/vc_column][\/vc_row][vc_row el_class=&#8221;use-case__wrap&#8221; css=&#8221;.vc_custom_1712128826534{background-color: #ffffff !important;}&#8221;][vc_column el_class=&#8221;use-case__nav js-active&#8221;][vc_row_inner el_id=&#8221;design-and-engineering&#8221; css=&#8221;.vc_custom_1711439892439{padding-top: 0px !important;}&#8221;][vc_column_inner width=&#8221;1\/4&#8243;]<figure class=\"vcex-image vcex-module\"><div class=\"vcex-image-inner wpex-relative wpex-inline-block\"><img width=\"765\" height=\"510\" src=\"https:\/\/www.sonatus.com\/wp-content\/uploads\/2023\/09\/ev-panel-use-case-de01.png\" class=\"vcex-image-img wpex-align-middle\" alt=\"Increase EV range use case\" loading=\"lazy\" decoding=\"async\" srcset=\"https:\/\/www.sonatus.com\/wp-content\/uploads\/2023\/09\/ev-panel-use-case-de01.png 765w, https:\/\/www.sonatus.com\/wp-content\/uploads\/2023\/09\/ev-panel-use-case-de01-300x200.png 300w\" sizes=\"auto, (max-width: 765px) 100vw, 765px\" \/><\/div><\/figure>[\/vc_column_inner][vc_column_inner width=&#8221;3\/4&#8243;]<div class=\"vcex-heading vcex-heading-plain vcex-module wpex-text-2xl wpex-font-normal label\"><span class=\"vcex-heading-inner wpex-inline-block\">Design und Konstruktion<\/span><\/div><h2 class=\"vcex-heading vcex-heading-plain vcex-module wpex-text-2xl wpex-font-normal\"><span class=\"vcex-heading-inner wpex-inline-block\">Erh\u00f6hen Sie die EV-Reichweite mit Daten aus der Praxis<\/span><\/h2>[vc_column_text]<span style=\"font-weight: 400;\">W\u00e4hrend Software zunehmend Fahrzeugfunktionen vorantreibt, k\u00f6nnen Automobilingenieure reale Daten nutzen, um die Fahrzeugleistung zu verbessern. <\/span>[\/vc_column_text][vc_empty_space height=&#8221;7px&#8221;]<a href=\"https:\/\/www.sonatus.com\/de\/anwendungsfaelle\/erhoehen-sie-die-ev-reichweite-mit-daten-aus-der-praxis\/\" class=\"vcex-button theme-button c-text-button align-left inline clear\"><span class=\"vcex-button-inner theme-button-inner\">Mehr erfahren<\/span><\/a> [\/vc_column_inner][\/vc_row_inner][vc_row_inner equal_height=&#8221;yes&#8221; css=&#8221;.vc_custom_1711439936860{padding-top: 0px !important;}&#8221; el_id=&#8221;production&#8221;][vc_column_inner width=&#8221;1\/4&#8243;]<figure class=\"vcex-image vcex-module\"><div class=\"vcex-image-inner wpex-relative wpex-inline-block\"><img width=\"765\" height=\"510\" src=\"https:\/\/www.sonatus.com\/wp-content\/uploads\/2023\/09\/line-testing-use-case-p01-1.png\" class=\"vcex-image-img wpex-align-middle\" alt=\"Line testing panel use case\" loading=\"lazy\" decoding=\"async\" srcset=\"https:\/\/www.sonatus.com\/wp-content\/uploads\/2023\/09\/line-testing-use-case-p01-1.png 765w, https:\/\/www.sonatus.com\/wp-content\/uploads\/2023\/09\/line-testing-use-case-p01-1-300x200.png 300w\" sizes=\"auto, (max-width: 765px) 100vw, 765px\" \/><\/div><\/figure>[\/vc_column_inner][vc_column_inner width=&#8221;3\/4&#8243;]<div class=\"vcex-heading vcex-heading-plain vcex-module wpex-text-2xl wpex-font-normal label\"><span class=\"vcex-heading-inner wpex-inline-block\">Produktion<\/span><\/div><h2 class=\"vcex-heading vcex-heading-plain vcex-module wpex-text-2xl wpex-font-normal\"><span class=\"vcex-heading-inner wpex-inline-block\">End-of-Line-Pr\u00fcfung des Fahrzeugs<\/span><\/h2>[vc_column_text]<span style=\"font-weight: 400;\">Kunden erwarten, dass ihre neuen Fahrzeuge einfach funktionieren, und End-of-Line-Tests sind entscheidend, um dieses Ziel zu erreichen. Dennoch ist die \u00dcberpr\u00fcfung, ob die Dutzenden von Funktionen wie geplant funktioniert, oftmals ein m\u00fchsamer und teurer Teil des Produktionsprozesses. <\/span>[\/vc_column_text][vc_empty_space height=&#8221;7px&#8221;]<a href=\"https:\/\/www.sonatus.com\/de\/anwendungsfaelle\/end-of-line-pruefung-des-fahrzeugs\/\" class=\"vcex-button theme-button c-text-button align-left inline clear\"><span class=\"vcex-button-inner theme-button-inner\">Mehr erfahren<\/span><\/a> [\/vc_column_inner][\/vc_row_inner][vc_row_inner css=&#8221;.vc_custom_1711439957334{padding-top: 0px !important;}&#8221; el_id=&#8221;post-sales&#8221;][vc_column_inner width=&#8221;1\/4&#8243;]<figure class=\"vcex-image vcex-module\"><div class=\"vcex-image-inner wpex-relative wpex-inline-block\"><img width=\"765\" height=\"510\" src=\"https:\/\/www.sonatus.com\/wp-content\/uploads\/2023\/09\/woman-in-car-use-case-ps01-1.png\" class=\"vcex-image-img wpex-align-middle\" alt=\"Deliver new user experience use case\" loading=\"lazy\" decoding=\"async\" srcset=\"https:\/\/www.sonatus.com\/wp-content\/uploads\/2023\/09\/woman-in-car-use-case-ps01-1.png 765w, https:\/\/www.sonatus.com\/wp-content\/uploads\/2023\/09\/woman-in-car-use-case-ps01-1-300x200.png 300w\" sizes=\"auto, (max-width: 765px) 100vw, 765px\" \/><\/div><\/figure>[\/vc_column_inner][vc_column_inner width=&#8221;3\/4&#8243;]<div class=\"vcex-heading vcex-heading-plain vcex-module wpex-text-2xl wpex-font-normal label\"><span class=\"vcex-heading-inner wpex-inline-block\">After-Sales<\/span><\/div><h2 class=\"vcex-heading vcex-heading-plain vcex-module wpex-text-2xl wpex-font-normal\"><span class=\"vcex-heading-inner wpex-inline-block\">Das Angebot individueller Fahrerlebnisse<\/span><\/h2>[vc_column_text]Von softwaredefinierten Fahrzeugen wird erwartet, dass sie kontinuierlich neue und personalisierte Benutzererfahrungen bieten.[\/vc_column_text][vc_empty_space height=&#8221;7px&#8221;]<a href=\"https:\/\/www.sonatus.com\/de\/anwendungsfaelle\/bieten-sie-personalisierte-fahrerlebnisse\/\" class=\"vcex-button theme-button c-text-button align-left inline clear\"><span class=\"vcex-button-inner theme-button-inner\">Mehr erfahren<\/span><\/a> [\/vc_column_inner][\/vc_row_inner][vc_row_inner css=&#8221;.vc_custom_1709916608261{padding-top: 0px !important;}&#8221;][vc_column_inner width=&#8221;1\/4&#8243;]<figure class=\"vcex-image vcex-module\"><div class=\"vcex-image-inner wpex-relative wpex-inline-block\"><img width=\"765\" height=\"510\" src=\"https:\/\/www.sonatus.com\/wp-content\/uploads\/2023\/09\/diagnostics-display-use-case-ps02-1.png\" class=\"vcex-image-img wpex-align-middle\" alt=\"Smart diagnostics use case\" loading=\"lazy\" decoding=\"async\" srcset=\"https:\/\/www.sonatus.com\/wp-content\/uploads\/2023\/09\/diagnostics-display-use-case-ps02-1.png 765w, https:\/\/www.sonatus.com\/wp-content\/uploads\/2023\/09\/diagnostics-display-use-case-ps02-1-300x200.png 300w\" sizes=\"auto, (max-width: 765px) 100vw, 765px\" \/><\/div><\/figure>[\/vc_column_inner][vc_column_inner width=&#8221;3\/4&#8243;][vc_empty_space height=&#8221;7px&#8221;]<div class=\"vcex-heading vcex-heading-plain vcex-module wpex-text-2xl wpex-font-normal label\"><span class=\"vcex-heading-inner wpex-inline-block\">After-Sales<\/span><\/div><h2 class=\"vcex-heading vcex-heading-plain vcex-module wpex-text-2xl wpex-font-normal\"><span class=\"vcex-heading-inner wpex-inline-block\">Vermeidung von Fahrzeugr\u00fcckrufen mit intelligenter Diagnose<\/span><\/h2>[vc_column_text]Die Fehlerbehebung bei Fahrzeugen kann f\u00fcr OEMs und deren Kunden zeitaufw\u00e4ndig und kostspielig sein.[\/vc_column_text][vc_empty_space height=&#8221;7px&#8221;]<a href=\"https:\/\/www.sonatus.com\/de\/anwendungsfaelle\/vermeiden-sie-fahrzeugrueckrufe-mit-intelligenter-diagnose\/\" class=\"vcex-button theme-button c-text-button align-left inline clear\"><span class=\"vcex-button-inner theme-button-inner\">Mehr erfahren<\/span><\/a> [\/vc_column_inner][\/vc_row_inner][vc_row_inner css=&#8221;.vc_custom_1709916608261{padding-top: 0px !important;}&#8221;][vc_column_inner width=&#8221;1\/4&#8243;]<figure class=\"vcex-image vcex-module\"><div class=\"vcex-image-inner wpex-relative wpex-inline-block\"><img width=\"765\" height=\"510\" src=\"https:\/\/www.sonatus.com\/wp-content\/uploads\/2023\/09\/rental-fleet-use-case-vs02-1.png\" class=\"vcex-image-img wpex-align-middle\" alt=\"Rental fleets use case\" loading=\"lazy\" decoding=\"async\" srcset=\"https:\/\/www.sonatus.com\/wp-content\/uploads\/2023\/09\/rental-fleet-use-case-vs02-1.png 765w, https:\/\/www.sonatus.com\/wp-content\/uploads\/2023\/09\/rental-fleet-use-case-vs02-1-300x200.png 300w\" sizes=\"auto, (max-width: 765px) 100vw, 765px\" \/><\/div><\/figure>[\/vc_column_inner][vc_column_inner width=&#8221;3\/4&#8243;]<div class=\"vcex-heading vcex-heading-plain vcex-module wpex-text-2xl wpex-font-normal label\"><span class=\"vcex-heading-inner wpex-inline-block\">Zusatzleistungen<\/span><\/div><h2 class=\"vcex-heading vcex-heading-plain vcex-module wpex-text-2xl wpex-font-normal\"><span class=\"vcex-heading-inner wpex-inline-block\">Optimierung von Mietflottenmanagement-Software<\/span><\/h2>[vc_column_text]<span style=\"font-weight: 400;\">Von softwaredefinierten Fahrzeugen wird erwartet, dass sie kontinuierlich neue und personalisierte Benutzererfahrungen bieten. Um dies zu erreichen, ben\u00f6tigen Autohersteller Softwarel\u00f6sungen, die schnelle und iterative Verbesserungen f\u00f6rdern, auch f\u00fcr Fahrzeuge, die bereits ausgeliefert und verkauft werden. <\/span>[\/vc_column_text][vc_empty_space height=&#8221;7px&#8221;]<a href=\"https:\/\/www.sonatus.com\/de\/anwendungsfaelle\/optimierung-der-fahrzeugverkaeufe-an-mietflotten\/\" class=\"vcex-button theme-button c-text-button align-left inline clear\"><span class=\"vcex-button-inner theme-button-inner\">Mehr erfahren<\/span><\/a> [\/vc_column_inner][\/vc_row_inner][\/vc_column][\/vc_row]\n<\/section>","protected":false},"excerpt":{"rendered":"<p>[vc_row full_width=&#8221;stretch_row&#8221; el_class=&#8221;use-case-hero&#8221; css=&#8221;.vc_custom_1711739580401{background-image: url(https:\/\/www.sonatus.com\/wp-content\/uploads\/2023\/05\/use-case-hero-bg.jpg?id=933) !important;background-position: center !important;background-repeat: no-repeat !important;background-size: cover !important;}&#8221; wpex_bg_position=&#8221;top left&#8221;][vc_column][vc_column_text align=&#8221;left&#8221; el_class=&#8221;use-case-hero__content clear&#8221; width=&#8221;900&#8243; css=&#8221;.vc_custom_1726152948641{margin-bottom: 30px&hellip;<\/p>\n","protected":false},"author":7,"featured_media":0,"parent":12514,"menu_order":0,"comment_status":"closed","ping_status":"closed","template":"","meta":{"content-type":"","inline_featured_image":false,"footnotes":""},"class_list":["post-16207","page","type-page","status-publish","hentry","entry","no-media"],"acf":[],"yoast_head":"<!-- This site is optimized with the Yoast SEO Premium plugin v25.8 (Yoast SEO v26.0) - https:\/\/yoast.com\/wordpress\/plugins\/seo\/ -->\n<title>Pkws \u2013 Anwendungsf\u00e4lle | Sonatus<\/title>\n<meta name=\"description\" content=\"Entdecken Sie Pkw-Anwendungsf\u00e4lle f\u00fcr das Produktangebot von Sonatus.\" \/>\n<meta name=\"robots\" content=\"index, follow, max-snippet:-1, max-image-preview:large, max-video-preview:-1\" \/>\n<link rel=\"canonical\" href=\"https:\/\/www.sonatus.com\/de\/anwendungsfaelle\/pkws-anwendungsfaelle\/\" \/>\n<meta property=\"og:locale\" content=\"de_DE\" \/>\n<meta property=\"og:type\" content=\"article\" \/>\n<meta property=\"og:title\" content=\"Pkws \u2013 Anwendungsf\u00e4lle\" \/>\n<meta property=\"og:description\" content=\"Entdecken Sie Pkw-Anwendungsf\u00e4lle f\u00fcr das Produktangebot von Sonatus.\" \/>\n<meta property=\"og:url\" content=\"https:\/\/www.sonatus.com\/de\/anwendungsfaelle\/pkws-anwendungsfaelle\/\" \/>\n<meta property=\"og:site_name\" content=\"Sonatus\" \/>\n<meta property=\"article:modified_time\" content=\"2024-11-05T20:32:46+00:00\" \/>\n<meta property=\"og:image\" content=\"https:\/\/www.sonatus.com\/wp-content\/uploads\/2023\/05\/Sonatus-BlogCard.jpg\" \/>\n\t<meta property=\"og:image:width\" content=\"1200\" \/>\n\t<meta property=\"og:image:height\" content=\"800\" \/>\n\t<meta property=\"og:image:type\" content=\"image\/jpeg\" \/>\n<meta name=\"twitter:card\" content=\"summary_large_image\" \/>\n<meta name=\"twitter:label1\" content=\"Est. reading time\" \/>\n\t<meta name=\"twitter:data1\" content=\"2 minutes\" \/>\n<script type=\"application\/ld+json\" class=\"yoast-schema-graph\">{\"@context\":\"https:\/\/schema.org\",\"@graph\":[{\"@type\":\"WebPage\",\"@id\":\"https:\/\/www.sonatus.com\/de\/anwendungsfaelle\/pkws-anwendungsfaelle\/\",\"url\":\"https:\/\/www.sonatus.com\/de\/anwendungsfaelle\/pkws-anwendungsfaelle\/\",\"name\":\"Pkws \u2013 Anwendungsf\u00e4lle | Sonatus\",\"isPartOf\":{\"@id\":\"https:\/\/www.sonatus.com\/de\/#website\"},\"datePublished\":\"2024-08-29T21:00:50+00:00\",\"dateModified\":\"2024-11-05T20:32:46+00:00\",\"description\":\"Entdecken Sie Pkw-Anwendungsf\u00e4lle f\u00fcr das Produktangebot von Sonatus.\",\"breadcrumb\":{\"@id\":\"https:\/\/www.sonatus.com\/de\/anwendungsfaelle\/pkws-anwendungsfaelle\/#breadcrumb\"},\"inLanguage\":\"de-DE\",\"potentialAction\":[{\"@type\":\"ReadAction\",\"target\":[\"https:\/\/www.sonatus.com\/de\/anwendungsfaelle\/pkws-anwendungsfaelle\/\"]}]},{\"@type\":\"BreadcrumbList\",\"@id\":\"https:\/\/www.sonatus.com\/de\/anwendungsfaelle\/pkws-anwendungsfaelle\/#breadcrumb\",\"itemListElement\":[{\"@type\":\"ListItem\",\"position\":1,\"name\":\"Home\",\"item\":\"https:\/\/www.sonatus.com\/de\/\"},{\"@type\":\"ListItem\",\"position\":2,\"name\":\"Anwendungsf\u00e4lle\",\"item\":\"https:\/\/www.sonatus.com\/de\/anwendungsfaelle\/\"},{\"@type\":\"ListItem\",\"position\":3,\"name\":\"Pkws \u2013 Anwendungsf\u00e4lle\"}]},{\"@type\":\"WebSite\",\"@id\":\"https:\/\/www.sonatus.com\/de\/#website\",\"url\":\"https:\/\/www.sonatus.com\/de\/\",\"name\":\"Sonatus\",\"description\":\"Accelerating Vehicle Software Innovation\",\"publisher\":{\"@id\":\"https:\/\/www.sonatus.com\/de\/#organization\"},\"potentialAction\":[{\"@type\":\"SearchAction\",\"target\":{\"@type\":\"EntryPoint\",\"urlTemplate\":\"https:\/\/www.sonatus.com\/de\/?s={search_term_string}\"},\"query-input\":{\"@type\":\"PropertyValueSpecification\",\"valueRequired\":true,\"valueName\":\"search_term_string\"}}],\"inLanguage\":\"de-DE\"},{\"@type\":\"Organization\",\"@id\":\"https:\/\/www.sonatus.com\/de\/#organization\",\"name\":\"Sonatus\",\"url\":\"https:\/\/www.sonatus.com\/de\/\",\"logo\":{\"@type\":\"ImageObject\",\"inLanguage\":\"de-DE\",\"@id\":\"https:\/\/www.sonatus.com\/de\/#\/schema\/logo\/image\/\",\"url\":\"https:\/\/www.sonatus.com\/wp-content\/uploads\/2023\/05\/sonatus-logo.svg\",\"contentUrl\":\"https:\/\/www.sonatus.com\/wp-content\/uploads\/2023\/05\/sonatus-logo.svg\",\"width\":202,\"height\":32,\"caption\":\"Sonatus\"},\"image\":{\"@id\":\"https:\/\/www.sonatus.com\/de\/#\/schema\/logo\/image\/\"},\"sameAs\":[\"https:\/\/www.linkedin.com\/company\/sonatus\/\"]}]}<\/script>\n<!-- \/ Yoast SEO Premium plugin. -->","yoast_head_json":{"title":"Pkws \u2013 Anwendungsf\u00e4lle | Sonatus","description":"Entdecken Sie Pkw-Anwendungsf\u00e4lle f\u00fcr das Produktangebot von Sonatus.","robots":{"index":"index","follow":"follow","max-snippet":"max-snippet:-1","max-image-preview":"max-image-preview:large","max-video-preview":"max-video-preview:-1"},"canonical":"https:\/\/www.sonatus.com\/de\/anwendungsfaelle\/pkws-anwendungsfaelle\/","og_locale":"de_DE","og_type":"article","og_title":"Pkws \u2013 Anwendungsf\u00e4lle","og_description":"Entdecken Sie Pkw-Anwendungsf\u00e4lle f\u00fcr das Produktangebot von Sonatus.","og_url":"https:\/\/www.sonatus.com\/de\/anwendungsfaelle\/pkws-anwendungsfaelle\/","og_site_name":"Sonatus","article_modified_time":"2024-11-05T20:32:46+00:00","og_image":[{"width":1200,"height":800,"url":"https:\/\/www.sonatus.com\/wp-content\/uploads\/2023\/05\/Sonatus-BlogCard.jpg","type":"image\/jpeg"}],"twitter_card":"summary_large_image","twitter_misc":{"Est. reading time":"2 minutes"},"schema":{"@context":"https:\/\/schema.org","@graph":[{"@type":"WebPage","@id":"https:\/\/www.sonatus.com\/de\/anwendungsfaelle\/pkws-anwendungsfaelle\/","url":"https:\/\/www.sonatus.com\/de\/anwendungsfaelle\/pkws-anwendungsfaelle\/","name":"Pkws \u2013 Anwendungsf\u00e4lle | Sonatus","isPartOf":{"@id":"https:\/\/www.sonatus.com\/de\/#website"},"datePublished":"2024-08-29T21:00:50+00:00","dateModified":"2024-11-05T20:32:46+00:00","description":"Entdecken Sie Pkw-Anwendungsf\u00e4lle f\u00fcr das Produktangebot von Sonatus.","breadcrumb":{"@id":"https:\/\/www.sonatus.com\/de\/anwendungsfaelle\/pkws-anwendungsfaelle\/#breadcrumb"},"inLanguage":"de-DE","potentialAction":[{"@type":"ReadAction","target":["https:\/\/www.sonatus.com\/de\/anwendungsfaelle\/pkws-anwendungsfaelle\/"]}]},{"@type":"BreadcrumbList","@id":"https:\/\/www.sonatus.com\/de\/anwendungsfaelle\/pkws-anwendungsfaelle\/#breadcrumb","itemListElement":[{"@type":"ListItem","position":1,"name":"Home","item":"https:\/\/www.sonatus.com\/de\/"},{"@type":"ListItem","position":2,"name":"Anwendungsf\u00e4lle","item":"https:\/\/www.sonatus.com\/de\/anwendungsfaelle\/"},{"@type":"ListItem","position":3,"name":"Pkws \u2013 Anwendungsf\u00e4lle"}]},{"@type":"WebSite","@id":"https:\/\/www.sonatus.com\/de\/#website","url":"https:\/\/www.sonatus.com\/de\/","name":"Sonatus","description":"Accelerating Vehicle Software Innovation","publisher":{"@id":"https:\/\/www.sonatus.com\/de\/#organization"},"potentialAction":[{"@type":"SearchAction","target":{"@type":"EntryPoint","urlTemplate":"https:\/\/www.sonatus.com\/de\/?s={search_term_string}"},"query-input":{"@type":"PropertyValueSpecification","valueRequired":true,"valueName":"search_term_string"}}],"inLanguage":"de-DE"},{"@type":"Organization","@id":"https:\/\/www.sonatus.com\/de\/#organization","name":"Sonatus","url":"https:\/\/www.sonatus.com\/de\/","logo":{"@type":"ImageObject","inLanguage":"de-DE","@id":"https:\/\/www.sonatus.com\/de\/#\/schema\/logo\/image\/","url":"https:\/\/www.sonatus.com\/wp-content\/uploads\/2023\/05\/sonatus-logo.svg","contentUrl":"https:\/\/www.sonatus.com\/wp-content\/uploads\/2023\/05\/sonatus-logo.svg","width":202,"height":32,"caption":"Sonatus"},"image":{"@id":"https:\/\/www.sonatus.com\/de\/#\/schema\/logo\/image\/"},"sameAs":["https:\/\/www.linkedin.com\/company\/sonatus\/"]}]}},"_links":{"self":[{"href":"https:\/\/www.sonatus.com\/de\/wp-json\/wp\/v2\/pages\/16207","targetHints":{"allow":["GET"]}}],"collection":[{"href":"https:\/\/www.sonatus.com\/de\/wp-json\/wp\/v2\/pages"}],"about":[{"href":"https:\/\/www.sonatus.com\/de\/wp-json\/wp\/v2\/types\/page"}],"author":[{"embeddable":true,"href":"https:\/\/www.sonatus.com\/de\/wp-json\/wp\/v2\/users\/7"}],"replies":[{"embeddable":true,"href":"https:\/\/www.sonatus.com\/de\/wp-json\/wp\/v2\/comments?post=16207"}],"version-history":[{"count":9,"href":"https:\/\/www.sonatus.com\/de\/wp-json\/wp\/v2\/pages\/16207\/revisions"}],"predecessor-version":[{"id":18976,"href":"https:\/\/www.sonatus.com\/de\/wp-json\/wp\/v2\/pages\/16207\/revisions\/18976"}],"up":[{"embeddable":true,"href":"https:\/\/www.sonatus.com\/de\/wp-json\/wp\/v2\/pages\/12514"}],"wp:attachment":[{"href":"https:\/\/www.sonatus.com\/de\/wp-json\/wp\/v2\/media?parent=16207"}],"curies":[{"name":"wp","href":"https:\/\/api.w.org\/{rel}","templated":true}]}}