{"id":13207,"date":"2023-04-28T17:13:49","date_gmt":"2023-04-28T17:13:49","guid":{"rendered":"https:\/\/www.sonatus.com\/unternehmen\/newsroom\/"},"modified":"2024-05-17T19:00:57","modified_gmt":"2024-05-17T19:00:57","slug":"newsroom","status":"publish","type":"page","link":"https:\/\/www.sonatus.com\/de\/unternehmen\/newsroom\/","title":{"rendered":"Newsroom"},"content":{"rendered":"<section class=\"wpb-content-wrapper\">[vc_row full_width=&#8221;stretch_row&#8221; typography_style=&#8221;white&#8221; el_class=&#8221;vc-hero vc-hero&#8211;index&#8221; css=&#8221;.vc_custom_1683154519149{background-color: #001F60 !important;}&#8221;][vc_column css=&#8221;.vc_custom_1683155030215{margin-bottom: 10px !important;}&#8221;]<h1 class=\"vcex-heading vcex-heading-plain vcex-module wpex-text-2xl wpex-font-normal vc_custom_1683309660173\"><span class=\"vcex-heading-inner wpex-inline-block\">Newsroom<\/span><\/h1><a href=\"\/de\/company\/press-releases\/\" class=\"vcex-button theme-button c-text-button c-text-button--no-arrow inline vc-hero__selector\"><span class=\"vcex-button-inner theme-button-inner\">Pressemitteilungen<\/span><\/a> <a href=\"\/de\/company\/newsroom\/\" class=\"vcex-button theme-button c-text-button c-text-button--no-arrow inline vc-hero__selector active\"><span class=\"vcex-button-inner theme-button-inner\">Die Presse \u00fcber uns<\/span><\/a> <a href=\"https:\/\/www.sonatus.com\/wp-content\/uploads\/2023\/11\/Sonatus-Press-Kit-2023-1122-001.zip\" class=\"vcex-button theme-button c-button align-right inline vc-hero__selector\"><span class=\"vcex-button-inner theme-button-inner\">Laden Sie das Media Kit herunter<\/span><\/a> [\/vc_column][\/vc_row][vc_row full_width=&#8221;stretch_row&#8221; css=&#8221;.vc_custom_1683311236102{background-color: #eceded !important;}&#8221;][vc_column]<div class=\"wpex-post-cards wpex-post-cards-news-card wpex-relative\"><div class=\"wpex-post-cards-inner\"><div class=\"wpex-post-cards-loop wpex-post-cards-grid wpex-row wpex-clr\"><div class=\"wpex-post-cards-entry post-40877 type-news col col-1 span_1_of_3\"><div class=\"wpex-card wpex-card-news-card\">\n    <div class=\"c-card c-card--news\">\n\n                <div class=\"c-card__media\">\n            <img loading=\"lazy\" decoding=\"async\" width=\"200\" height=\"100\" src=\"https:\/\/www.sonatus.com\/wp-content\/uploads\/2025\/12\/AEE-Mobility-Logo.png\" class=\"attachment-news-card size-news-card wp-post-image\" alt=\"\" \/>        <\/div>\n        \n        <div class=\"c-card__content\">\n            <div class=\"label c-card__date\">April 23, 2026<\/div>\n\n            <h4 class=\"c-card__title\"><a href=\"https:\/\/aeemobility.de\/news\/sonatus-stellt-softwareloesungen-fuer-sdverse-marktplatz-bereit\/\" target=\"_blank\">Sonatus stellt Softwarel\u00f6sungen f\u00fcr SDVerse-Marktplatz bereit<\/a><\/h4>\n\n                            <div class=\"c-card__excerpt\">Sonatus hat seine L\u00f6sungen f\u00fcr Fahrzeugdatenverarbeitung, Orchestrierung und KI-gest\u00fctzte Software nun \u00fcber den SDVerse-Marktplatz f\u00fcr die Automobilindustrie verf\u00fcgbar gemacht.<\/div>\n            \n        <\/div>\n    <\/div>\n\n\n<\/div><\/div><div class=\"wpex-post-cards-entry post-40824 type-news col col-2 span_1_of_3\"><div class=\"wpex-card wpex-card-news-card\">\n    <div class=\"c-card c-card--news\">\n\n                <div class=\"c-card__media\">\n            <img loading=\"lazy\" decoding=\"async\" width=\"225\" height=\"110\" src=\"https:\/\/www.sonatus.com\/wp-content\/uploads\/2026\/04\/ACT-News-Logo-225x110.jpeg\" class=\"attachment-news-card size-news-card wp-post-image\" alt=\"\" \/>        <\/div>\n        \n        <div class=\"c-card__content\">\n            <div class=\"label c-card__date\">April 22, 2026<\/div>\n\n            <h4 class=\"c-card__title\"><a href=\"https:\/\/www.act-news.com\/news\/ai-must-be-built-in-not-bolted-on\/\" target=\"_blank\">Why Commercial Vehicle AI Must Be Built In, Not Bolted On<\/a><\/h4>\n\n                            <div class=\"c-card__excerpt\">Artificial intelligence is steadily making its way into commercial vehicles, but today\u2019s deployments tend to be narrowly focused \u2014 designed to solve one pain point at a time. Fleets might use AI to improve maintenance planning, OEMs might apply it to accelerate validation, and suppliers may experiment with in-vehicle models. <\/div>\n            \n        <\/div>\n    <\/div>\n\n\n<\/div><\/div><div class=\"wpex-post-cards-entry post-40705 type-news col col-3 span_1_of_3\"><div class=\"wpex-card wpex-card-news-card\">\n    <div class=\"c-card c-card--news\">\n\n                <div class=\"c-card__media\">\n            <img loading=\"lazy\" decoding=\"async\" width=\"300\" height=\"110\" src=\"https:\/\/www.sonatus.com\/wp-content\/uploads\/2024\/08\/Hanser-Automotive-Newsroom-card-300x110.png\" class=\"attachment-news-card size-news-card wp-post-image\" alt=\"\" \/>        <\/div>\n        \n        <div class=\"c-card__content\">\n            <div class=\"label c-card__date\">April 17, 2026<\/div>\n\n            <h4 class=\"c-card__title\"><a href=\"https:\/\/www.hanser-automotive.de\/a\/news\/sdverse-sonatus-bietet-ki-software-fuer--7714955\" target=\"_blank\">SDVerse: Sonatus bietet KI-Software f\u00fcr SDV- und AIDV-Entwicklung an<\/a><\/h4>\n\n                            <div class=\"c-card__excerpt\">Mit Collector AI, AI Technician und AI Director ist Sonatus nun auf SDVerse vertreten. Die Software adressiert Datenerfassung, Diagnose und das Management von KI-Workloads im Fahrzeug.<\/div>\n            \n        <\/div>\n    <\/div>\n\n\n<\/div><\/div><div class=\"wpex-post-cards-entry post-40702 type-news col col-1 span_1_of_3\"><div class=\"wpex-card wpex-card-news-card\">\n    <div class=\"c-card c-card--news\">\n\n                <div class=\"c-card__media\">\n            <img loading=\"lazy\" decoding=\"async\" width=\"300\" height=\"110\" src=\"https:\/\/www.sonatus.com\/wp-content\/uploads\/2026\/04\/SP-Autotech-Insight-300x110.webp\" class=\"attachment-news-card size-news-card wp-post-image\" alt=\"\" \/>        <\/div>\n        \n        <div class=\"c-card__content\">\n            <div class=\"label c-card__date\">April 17, 2026<\/div>\n\n            <h4 class=\"c-card__title\"><a href=\"https:\/\/autotechinsight.spglobal.com\/news\/5287755\/sonatus-joins-sdverse-marketplace-to-accelerate-development-of-ai-defined-vehicles\" target=\"_blank\">Sonatus joins SDVerse marketplace to accelerate development of AI-defined vehicles<\/a><\/h4>\n\n                            <div class=\"c-card__excerpt\">Sonatus makes its AI Technician, Collector AI and AI Director solutions available via SDVerse to support AI-defined vehicle development and life-cycle management<\/div>\n            \n        <\/div>\n    <\/div>\n\n\n<\/div><\/div><div class=\"wpex-post-cards-entry post-40707 type-news col col-2 span_1_of_3\"><div class=\"wpex-card wpex-card-news-card\">\n    <div class=\"c-card c-card--news\">\n\n                <div class=\"c-card__media\">\n            <img loading=\"lazy\" decoding=\"async\" width=\"300\" height=\"110\" src=\"https:\/\/www.sonatus.com\/wp-content\/uploads\/2026\/04\/Auto-Body-News-300x110.png\" class=\"attachment-news-card size-news-card wp-post-image\" alt=\"\" \/>        <\/div>\n        \n        <div class=\"c-card__content\">\n            <div class=\"label c-card__date\">April 17, 2026<\/div>\n\n            <h4 class=\"c-card__title\"><a href=\"https:\/\/www.autobodynews.com\/news\/how-the-rise-of-software-defined-vehicles-will-change-the-collision-industry\" target=\"_blank\">How the Rise of Software-Defined Vehicles Will Change the Collision Industry<\/a><\/h4>\n\n                            <div class=\"c-card__excerpt\">As automakers move toward centralized computing platforms and over-the-air updates, collision repairers face new demands in tooling, training, and data management.<\/div>\n            \n        <\/div>\n    <\/div>\n\n\n<\/div><\/div><div class=\"wpex-post-cards-entry post-40571 type-news col col-3 span_1_of_3\"><div class=\"wpex-card wpex-card-news-card\">\n    <div class=\"c-card c-card--news\">\n\n                <div class=\"c-card__media\">\n            <img loading=\"lazy\" decoding=\"async\" width=\"300\" height=\"110\" src=\"https:\/\/www.sonatus.com\/wp-content\/uploads\/2026\/02\/EV-Engineering-Infrastructure-300x110.jpeg\" class=\"attachment-news-card size-news-card wp-post-image\" alt=\"\" \/>        <\/div>\n        \n        <div class=\"c-card__content\">\n            <div class=\"label c-card__date\">April 6, 2026<\/div>\n\n            <h4 class=\"c-card__title\"><a href=\"https:\/\/www.evengineeringonline.com\/the-engineering-questions-behind-todays-ev-systems\/\" target=\"_blank\">The engineering questions behind today\u2019s EV systems<\/a><\/h4>\n\n                            <div class=\"c-card__excerpt\">Electric vehicle (EV) design now requires a system-level approach. Decisions in one subsystem directly influence performance across the entire vehicle. Engineering work is shifting toward managing how these interactions behave under real operating conditions.<\/div>\n            \n        <\/div>\n    <\/div>\n\n\n<\/div><\/div><div class=\"wpex-post-cards-entry post-40573 type-news col col-1 span_1_of_3\"><div class=\"wpex-card wpex-card-news-card\">\n    <div class=\"c-card c-card--news\">\n\n                <div class=\"c-card__media\">\n            <img loading=\"lazy\" decoding=\"async\" width=\"1\" height=\"1\" src=\"https:\/\/www.sonatus.com\/wp-content\/uploads\/2026\/03\/Next-Mobility.svg\" class=\"attachment-news-card size-news-card wp-post-image\" alt=\"\" \/>        <\/div>\n        \n        <div class=\"c-card__content\">\n            <div class=\"label c-card__date\">March 30, 2026<\/div>\n\n            <h4 class=\"c-card__title\"><a href=\"https:\/\/www.next-mobility.de\/edge-ki-so-entsteht-die-naechste-innovationswelle-im-fahrzeug-a-497a03545a4237d550af87f7b188d057\/\" target=\"_blank\">Edge-KI: So entsteht die n\u00e4chste Innovationswelle im Fahrzeug<\/a><\/h4>\n\n                            <div class=\"c-card__excerpt\">Software-definierte Fahrzeuge haben die Erwartungen an die Innovationsgeschwindigkeit neu definiert: Funktionen lassen sich per Update aktivieren, Varianten k\u00f6nnen sich \u00fcber Software unterscheiden, neue Services entstehen \u00fcber Daten.<\/div>\n            \n        <\/div>\n    <\/div>\n\n\n<\/div><\/div><div class=\"wpex-post-cards-entry post-40007 type-news col col-2 span_1_of_3\"><div class=\"wpex-card wpex-card-news-card\">\n    <div class=\"c-card c-card--news\">\n\n                <div class=\"c-card__media\">\n            <img loading=\"lazy\" decoding=\"async\" width=\"244\" height=\"110\" src=\"https:\/\/www.sonatus.com\/wp-content\/uploads\/2026\/03\/New-Jersey-Digest-Logo-244x110.png\" class=\"attachment-news-card size-news-card wp-post-image\" alt=\"\" \/>        <\/div>\n        \n        <div class=\"c-card__content\">\n            <div class=\"label c-card__date\">March 27, 2026<\/div>\n\n            <h4 class=\"c-card__title\"><a href=\"https:\/\/thedigestonline.com\/branded-content\/from-can-bus-to-zonal-architecture-reinventing-in-vehicle-networking\/\" target=\"_blank\">From CAN Bus to Zonal Architecture: Reinventing In-Vehicle Networking<\/a><\/h4>\n\n                            <div class=\"c-card__excerpt\">If you\u2019ve spent any time configuring VLANs, tuning QoS policies, or troubleshooting Ethernet switching infrastructure, the architectural challenges now facing the automotive industry will feel surprisingly familiar.<\/div>\n            \n        <\/div>\n    <\/div>\n\n\n<\/div><\/div><div class=\"wpex-post-cards-entry post-39682 type-news col col-3 span_1_of_3\"><div class=\"wpex-card wpex-card-news-card\">\n    <div class=\"c-card c-card--news\">\n\n                <div class=\"c-card__media\">\n            <img loading=\"lazy\" decoding=\"async\" width=\"1\" height=\"1\" src=\"https:\/\/www.sonatus.com\/wp-content\/uploads\/2026\/03\/Next-Mobility.svg\" class=\"attachment-news-card size-news-card wp-post-image\" alt=\"\" \/>        <\/div>\n        \n        <div class=\"c-card__content\">\n            <div class=\"label c-card__date\">March 19, 2026<\/div>\n\n            <h4 class=\"c-card__title\"><a href=\"https:\/\/www.next-mobility.de\/wettlauf-um-das-auto-aus-bits-und-bytes-a-1722dddeae48f941de68583031ef7f40\/\" target=\"_blank\">Wettlauf um das Auto aus Bits und Bytes<\/a><\/h4>\n\n                            <div class=\"c-card__excerpt\">Open-Source-Initiativen und KI-Plattformen sollen die Entwicklung von Software-definierten Fahrzeugen beschleunigen. Was braucht man im Rennen um das beste digitale Auto?<\/div>\n            \n        <\/div>\n    <\/div>\n\n\n<\/div><\/div><div class=\"wpex-post-cards-entry post-39690 type-news col col-1 span_1_of_3\"><div class=\"wpex-card wpex-card-news-card\">\n    <div class=\"c-card c-card--news\">\n\n                <div class=\"c-card__media\">\n            <img loading=\"lazy\" decoding=\"async\" width=\"300\" height=\"93\" src=\"https:\/\/www.sonatus.com\/wp-content\/uploads\/2026\/03\/All-Electronics-De.svg\" class=\"attachment-news-card size-news-card wp-post-image\" alt=\"\" \/>        <\/div>\n        \n        <div class=\"c-card__content\">\n            <div class=\"label c-card__date\">March 17, 2026<\/div>\n\n            <h4 class=\"c-card__title\"><a href=\"https:\/\/www.all-electronics.de\/veranstaltung-automotive-computing-conference\/die-groessten-herausforderungen-sind-heterogene-plattformen\/2621733\" target=\"_blank\">Interview mit Steve Stoddard, Sonatus  \u201eDie gr\u00f6\u00dften Herausforderungen sind heterogene Plattformen\u201c<\/a><\/h4>\n\n                            <div class=\"c-card__excerpt\">Edge-KI soll Fahrzeuge intelligenter machen \u2013 doch heterogene Plattformen, begrenzte Rechenleistung und Legacy-Architekturen bremsen die Skalierung. Steve Stoddard von Sonatus erkl\u00e4rt im Interview, wie OEMs KI-Modelle effizient ins Fahrzeug bringen.<\/div>\n            \n        <\/div>\n    <\/div>\n\n\n<\/div><\/div><div class=\"wpex-post-cards-entry post-38664 type-news col col-2 span_1_of_3\"><div class=\"wpex-card wpex-card-news-card\">\n    <div class=\"c-card c-card--news\">\n\n                <div class=\"c-card__media\">\n            <img loading=\"lazy\" decoding=\"async\" width=\"300\" height=\"110\" src=\"https:\/\/www.sonatus.com\/wp-content\/uploads\/2024\/08\/Hanser-Automotive-Newsroom-card-300x110.png\" class=\"attachment-news-card size-news-card wp-post-image\" alt=\"\" \/>        <\/div>\n        \n        <div class=\"c-card__content\">\n            <div class=\"label c-card__date\">February 25, 2026<\/div>\n\n            <h4 class=\"c-card__title\"><a href=\"https:\/\/www.hanser-automotive.de\/a\/fachartikel\/das-ungenutzte-potenzial-von-edge-ki-im--7542977\" target=\"_blank\">Das ungenutzte Potenzial von Edge-KI im Fahrzeug<\/a><\/h4>\n\n                            <div class=\"c-card__excerpt\">Der Wettlauf um Edge-KI im Fahrzeug hat begonnen. Lokal eingesetzte KI-Systeme werden zunehmend intelligenter, schneller sowie st\u00e4rker integriert und beschleunigen so das Innovationstempo bei Software-definierten Fahrzeugen (SDV) erheblich.<\/div>\n            \n        <\/div>\n    <\/div>\n\n\n<\/div><\/div><div class=\"wpex-post-cards-entry post-37975 type-news col col-3 span_1_of_3\"><div class=\"wpex-card wpex-card-news-card\">\n    <div class=\"c-card c-card--news\">\n\n                <div class=\"c-card__media\">\n            <img loading=\"lazy\" decoding=\"async\" width=\"1\" height=\"1\" src=\"https:\/\/www.sonatus.com\/wp-content\/uploads\/2026\/02\/Autoflotte-Logo.svg\" class=\"attachment-news-card size-news-card wp-post-image\" alt=\"\" \/>        <\/div>\n        \n        <div class=\"c-card__content\">\n            <div class=\"label c-card__date\">February 20, 2026<\/div>\n\n            <h4 class=\"c-card__title\"><a href=\"https:\/\/www.autoflotte.de\/nachrichten\/fuhrpark\/ki-im-fuhrpark-so-treibt-ki-den-wandel-in-wartung-und-service-voran-3770944\" target=\"_blank\">Fuhrpark: So treibt KI den Wandel in Wartung und Service voran<\/a><\/h4>\n\n                            <div class=\"c-card__excerpt\">KI wird im Automobilbereich aktuell mit selbstfahrenden Funktionen oder digitalen Assistenten in Verbindung gebracht. Dabei wird oft au\u00dfer Acht gelassen, dass sie gerade auch in den Kernbereichen Fahrzeugwartung und -service erhebliches Potenzial bietet.<\/div>\n            \n        <\/div>\n    <\/div>\n\n\n<\/div><\/div><\/div><\/div><div class=\"wpex-post-cards-pagination wpex-mt-30 wpex-first-mt-0\">\t\t\t<div class=\"wpex-pagination wpex-clear wpex-mt-30\"><ul class='page-numbers'>\n\t<li><span aria-current=\"page\" class=\"page-numbers current\"><span class=\"screen-reader-text\">Seite <\/span>1<\/span><\/li>\n\t<li><a class=\"page-numbers\" href=\"https:\/\/www.sonatus.com\/de\/wp-json\/wp\/v2\/pages\/13207\/page\/2\/\"><span class=\"screen-reader-text\">Seite <\/span>2<\/a><\/li>\n\t<li><a class=\"page-numbers\" href=\"https:\/\/www.sonatus.com\/de\/wp-json\/wp\/v2\/pages\/13207\/page\/3\/\"><span class=\"screen-reader-text\">Seite <\/span>3<\/a><\/li>\n\t<li><a class=\"page-numbers\" href=\"https:\/\/www.sonatus.com\/de\/wp-json\/wp\/v2\/pages\/13207\/page\/4\/\"><span class=\"screen-reader-text\">Seite <\/span>4<\/a><\/li>\n\t<li><span class=\"page-numbers dots\">&hellip;<\/span><\/li>\n\t<li><a class=\"page-numbers\" href=\"https:\/\/www.sonatus.com\/de\/wp-json\/wp\/v2\/pages\/13207\/page\/12\/\"><span class=\"screen-reader-text\">Seite <\/span>12<\/a><\/li>\n\t<li><a class=\"next page-numbers\" href=\"https:\/\/www.sonatus.com\/de\/wp-json\/wp\/v2\/pages\/13207\/page\/2\/\"><span class=\"ticon ticon-angle-right\" aria-hidden=\"true\"><\/span><span class=\"screen-reader-text\">Vorw\u00e4rts<\/span><\/a><\/li>\n<\/ul>\n<\/div>\n\t\t<\/div><\/div>[\/vc_column][\/vc_row]\n<\/section>","protected":false},"excerpt":{"rendered":"<p>[vc_row full_width=&#8221;stretch_row&#8221; typography_style=&#8221;white&#8221; el_class=&#8221;vc-hero vc-hero&#8211;index&#8221; css=&#8221;.vc_custom_1683154519149{background-color: #001F60 !important;}&#8221;][vc_column css=&#8221;.vc_custom_1683155030215{margin-bottom: 10px !important;}&#8221;][\/vc_column][\/vc_row][vc_row full_width=&#8221;stretch_row&#8221; css=&#8221;.vc_custom_1683311236102{background-color: #eceded !important;}&#8221;][vc_column][\/vc_column][\/vc_row]<\/p>\n","protected":false},"author":1,"featured_media":0,"parent":12683,"menu_order":0,"comment_status":"closed","ping_status":"closed","template":"","meta":{"content-type":"","inline_featured_image":false,"footnotes":""},"class_list":["post-13207","page","type-page","status-publish","hentry","entry","has-media"],"acf":[],"yoast_head":"<!-- This site is optimized with the Yoast SEO Premium plugin v25.8 (Yoast SEO v26.0) - https:\/\/yoast.com\/wordpress\/plugins\/seo\/ -->\n<title>Newsroom | Sonatus<\/title>\n<meta name=\"description\" content=\"In Sonatus Newsroom you will find press releases, partner, and Sonatus-related news on the software-defined vehicle evolution.\" \/>\n<meta name=\"robots\" content=\"index, follow, max-snippet:-1, max-image-preview:large, max-video-preview:-1\" \/>\n<link rel=\"canonical\" href=\"https:\/\/www.sonatus.com\/de\/unternehmen\/newsroom\/\" \/>\n<meta property=\"og:locale\" content=\"de_DE\" \/>\n<meta property=\"og:type\" content=\"article\" \/>\n<meta property=\"og:title\" content=\"Newsroom\" \/>\n<meta property=\"og:description\" content=\"In Sonatus Newsroom you will find press releases, partner, and Sonatus-related news on the software-defined vehicle evolution.\" \/>\n<meta property=\"og:url\" content=\"https:\/\/www.sonatus.com\/de\/unternehmen\/newsroom\/\" \/>\n<meta property=\"og:site_name\" content=\"Sonatus\" \/>\n<meta property=\"article:modified_time\" content=\"2024-05-17T19:00:57+00:00\" \/>\n<meta property=\"og:image\" content=\"https:\/\/www.sonatus.com\/wp-content\/uploads\/2023\/05\/Sonatus-BlogCard.jpg\" \/>\n\t<meta property=\"og:image:width\" content=\"1200\" \/>\n\t<meta property=\"og:image:height\" content=\"800\" \/>\n\t<meta property=\"og:image:type\" content=\"image\/jpeg\" \/>\n<meta name=\"twitter:card\" content=\"summary_large_image\" \/>\n<meta name=\"twitter:label1\" content=\"Est. reading time\" \/>\n\t<meta name=\"twitter:data1\" content=\"1 minute\" \/>\n<script type=\"application\/ld+json\" class=\"yoast-schema-graph\">{\"@context\":\"https:\/\/schema.org\",\"@graph\":[{\"@type\":\"WebPage\",\"@id\":\"https:\/\/www.sonatus.com\/de\/unternehmen\/newsroom\/\",\"url\":\"https:\/\/www.sonatus.com\/de\/unternehmen\/newsroom\/\",\"name\":\"Newsroom | Sonatus\",\"isPartOf\":{\"@id\":\"https:\/\/www.sonatus.com\/de\/#website\"},\"datePublished\":\"2023-04-28T17:13:49+00:00\",\"dateModified\":\"2024-05-17T19:00:57+00:00\",\"description\":\"In Sonatus Newsroom you will find press releases, partner, and Sonatus-related news on the software-defined vehicle evolution.\",\"breadcrumb\":{\"@id\":\"https:\/\/www.sonatus.com\/de\/unternehmen\/newsroom\/#breadcrumb\"},\"inLanguage\":\"de-DE\",\"potentialAction\":[{\"@type\":\"ReadAction\",\"target\":[\"https:\/\/www.sonatus.com\/de\/unternehmen\/newsroom\/\"]}]},{\"@type\":\"BreadcrumbList\",\"@id\":\"https:\/\/www.sonatus.com\/de\/unternehmen\/newsroom\/#breadcrumb\",\"itemListElement\":[{\"@type\":\"ListItem\",\"position\":1,\"name\":\"Home\",\"item\":\"https:\/\/www.sonatus.com\/de\/\"},{\"@type\":\"ListItem\",\"position\":2,\"name\":\"Das Unternehmen\",\"item\":\"https:\/\/www.sonatus.com\/de\/unternehmen\/\"},{\"@type\":\"ListItem\",\"position\":3,\"name\":\"Newsroom\"}]},{\"@type\":\"WebSite\",\"@id\":\"https:\/\/www.sonatus.com\/de\/#website\",\"url\":\"https:\/\/www.sonatus.com\/de\/\",\"name\":\"Sonatus\",\"description\":\"Accelerating Vehicle Software Innovation\",\"publisher\":{\"@id\":\"https:\/\/www.sonatus.com\/de\/#organization\"},\"potentialAction\":[{\"@type\":\"SearchAction\",\"target\":{\"@type\":\"EntryPoint\",\"urlTemplate\":\"https:\/\/www.sonatus.com\/de\/?s={search_term_string}\"},\"query-input\":{\"@type\":\"PropertyValueSpecification\",\"valueRequired\":true,\"valueName\":\"search_term_string\"}}],\"inLanguage\":\"de-DE\"},{\"@type\":\"Organization\",\"@id\":\"https:\/\/www.sonatus.com\/de\/#organization\",\"name\":\"Sonatus\",\"url\":\"https:\/\/www.sonatus.com\/de\/\",\"logo\":{\"@type\":\"ImageObject\",\"inLanguage\":\"de-DE\",\"@id\":\"https:\/\/www.sonatus.com\/de\/#\/schema\/logo\/image\/\",\"url\":\"https:\/\/www.sonatus.com\/wp-content\/uploads\/2023\/05\/sonatus-logo.svg\",\"contentUrl\":\"https:\/\/www.sonatus.com\/wp-content\/uploads\/2023\/05\/sonatus-logo.svg\",\"width\":202,\"height\":32,\"caption\":\"Sonatus\"},\"image\":{\"@id\":\"https:\/\/www.sonatus.com\/de\/#\/schema\/logo\/image\/\"},\"sameAs\":[\"https:\/\/www.linkedin.com\/company\/sonatus\/\"]}]}<\/script>\n<!-- \/ Yoast SEO Premium plugin. -->","yoast_head_json":{"title":"Newsroom | Sonatus","description":"In Sonatus Newsroom you will find press releases, partner, and Sonatus-related news on the software-defined vehicle evolution.","robots":{"index":"index","follow":"follow","max-snippet":"max-snippet:-1","max-image-preview":"max-image-preview:large","max-video-preview":"max-video-preview:-1"},"canonical":"https:\/\/www.sonatus.com\/de\/unternehmen\/newsroom\/","og_locale":"de_DE","og_type":"article","og_title":"Newsroom","og_description":"In Sonatus Newsroom you will find press releases, partner, and Sonatus-related news on the software-defined vehicle evolution.","og_url":"https:\/\/www.sonatus.com\/de\/unternehmen\/newsroom\/","og_site_name":"Sonatus","article_modified_time":"2024-05-17T19:00:57+00:00","og_image":[{"width":1200,"height":800,"url":"https:\/\/www.sonatus.com\/wp-content\/uploads\/2023\/05\/Sonatus-BlogCard.jpg","type":"image\/jpeg"}],"twitter_card":"summary_large_image","twitter_misc":{"Est. reading time":"1 minute"},"schema":{"@context":"https:\/\/schema.org","@graph":[{"@type":"WebPage","@id":"https:\/\/www.sonatus.com\/de\/unternehmen\/newsroom\/","url":"https:\/\/www.sonatus.com\/de\/unternehmen\/newsroom\/","name":"Newsroom | Sonatus","isPartOf":{"@id":"https:\/\/www.sonatus.com\/de\/#website"},"datePublished":"2023-04-28T17:13:49+00:00","dateModified":"2024-05-17T19:00:57+00:00","description":"In Sonatus Newsroom you will find press releases, partner, and Sonatus-related news on the software-defined vehicle evolution.","breadcrumb":{"@id":"https:\/\/www.sonatus.com\/de\/unternehmen\/newsroom\/#breadcrumb"},"inLanguage":"de-DE","potentialAction":[{"@type":"ReadAction","target":["https:\/\/www.sonatus.com\/de\/unternehmen\/newsroom\/"]}]},{"@type":"BreadcrumbList","@id":"https:\/\/www.sonatus.com\/de\/unternehmen\/newsroom\/#breadcrumb","itemListElement":[{"@type":"ListItem","position":1,"name":"Home","item":"https:\/\/www.sonatus.com\/de\/"},{"@type":"ListItem","position":2,"name":"Das Unternehmen","item":"https:\/\/www.sonatus.com\/de\/unternehmen\/"},{"@type":"ListItem","position":3,"name":"Newsroom"}]},{"@type":"WebSite","@id":"https:\/\/www.sonatus.com\/de\/#website","url":"https:\/\/www.sonatus.com\/de\/","name":"Sonatus","description":"Accelerating Vehicle Software Innovation","publisher":{"@id":"https:\/\/www.sonatus.com\/de\/#organization"},"potentialAction":[{"@type":"SearchAction","target":{"@type":"EntryPoint","urlTemplate":"https:\/\/www.sonatus.com\/de\/?s={search_term_string}"},"query-input":{"@type":"PropertyValueSpecification","valueRequired":true,"valueName":"search_term_string"}}],"inLanguage":"de-DE"},{"@type":"Organization","@id":"https:\/\/www.sonatus.com\/de\/#organization","name":"Sonatus","url":"https:\/\/www.sonatus.com\/de\/","logo":{"@type":"ImageObject","inLanguage":"de-DE","@id":"https:\/\/www.sonatus.com\/de\/#\/schema\/logo\/image\/","url":"https:\/\/www.sonatus.com\/wp-content\/uploads\/2023\/05\/sonatus-logo.svg","contentUrl":"https:\/\/www.sonatus.com\/wp-content\/uploads\/2023\/05\/sonatus-logo.svg","width":202,"height":32,"caption":"Sonatus"},"image":{"@id":"https:\/\/www.sonatus.com\/de\/#\/schema\/logo\/image\/"},"sameAs":["https:\/\/www.linkedin.com\/company\/sonatus\/"]}]}},"_links":{"self":[{"href":"https:\/\/www.sonatus.com\/de\/wp-json\/wp\/v2\/pages\/13207","targetHints":{"allow":["GET"]}}],"collection":[{"href":"https:\/\/www.sonatus.com\/de\/wp-json\/wp\/v2\/pages"}],"about":[{"href":"https:\/\/www.sonatus.com\/de\/wp-json\/wp\/v2\/types\/page"}],"author":[{"embeddable":true,"href":"https:\/\/www.sonatus.com\/de\/wp-json\/wp\/v2\/users\/1"}],"replies":[{"embeddable":true,"href":"https:\/\/www.sonatus.com\/de\/wp-json\/wp\/v2\/comments?post=13207"}],"version-history":[{"count":1,"href":"https:\/\/www.sonatus.com\/de\/wp-json\/wp\/v2\/pages\/13207\/revisions"}],"predecessor-version":[{"id":13208,"href":"https:\/\/www.sonatus.com\/de\/wp-json\/wp\/v2\/pages\/13207\/revisions\/13208"}],"up":[{"embeddable":true,"href":"https:\/\/www.sonatus.com\/de\/wp-json\/wp\/v2\/pages\/12683"}],"wp:attachment":[{"href":"https:\/\/www.sonatus.com\/de\/wp-json\/wp\/v2\/media?parent=13207"}],"curies":[{"name":"wp","href":"https:\/\/api.w.org\/{rel}","templated":true}]}}