{"id":12647,"date":"2023-04-28T17:14:31","date_gmt":"2023-04-28T17:14:31","guid":{"rendered":"https:\/\/www.sonatus.com\/kontaktieren-sie-uns\/"},"modified":"2025-07-08T22:38:50","modified_gmt":"2025-07-08T22:38:50","slug":"kontaktieren-sie-uns","status":"publish","type":"page","link":"https:\/\/www.sonatus.com\/de\/kontaktieren-sie-uns\/","title":{"rendered":"Kontaktieren Sie uns"},"content":{"rendered":"<section class=\"wpb-content-wrapper\">[vc_section full_width=&#8221;stretch_row&#8221; el_class=&#8221;contact-us u-header-offset&#8221; css=&#8221;.vc_custom_1683058999074{background-image: url(https:\/\/www.sonatus.com\/wp-content\/uploads\/2023\/05\/contact-us-bg.jpg?id=200) !important;background-position: center !important;background-repeat: no-repeat !important;background-size: cover !important;}&#8221; wpex_bg_position=&#8221;center bottom&#8221;][vc_row el_class=&#8221;u-padding-top&#8211;md&#8221; css=&#8221;.vc_custom_1683058507219{padding-bottom: 0px !important;}&#8221;][vc_column width=&#8221;1\/2&#8243; el_class=&#8221;contact-us__content-col u-padding-bottom&#8211;md&#8221; css=&#8221;.vc_custom_1683059204154{padding-bottom: 0px !important;}&#8221;]<style>.vcex-heading.vcex_69f30ba472a1d{width:630px;}<\/style><h1 class=\"vcex-heading vcex-heading-plain vcex-module wpex-text-2xl wpex-font-normal wpex-max-w-100 wpex-mr-auto vcex_69f30ba472a1d\"><span class=\"vcex-heading-inner wpex-inline-block\">Kontaktieren Sie uns<\/span><\/h1>[vc_column_text align=&#8221;left&#8221; width=&#8221;585px&#8221; css=&#8221;.vc_custom_1746642347634{margin-bottom: 30px !important;}&#8221;]Unser Expertenteam hilft Ihnen gerne, beantwortet Ihre Fragen und nimmt Ihr Feedback entgegen!<\/p>\n<p>Um uns zu kontaktieren, vervollst\u00e4ndigen und senden Sie bitte das Formular. Die zust\u00e4ndige Person wird Ihnen schnellstm\u00f6glich antworten.<\/p>\n<div class=\"row justify-content-center content-row\">\n<div class=\"col-sm-12 col-md-12 col-lg-8\"><\/div>\n<\/div>\n<div class=\"row justify-content-center\">\n<div class=\"row justify-content-center content-row\">\n<div class=\"col-sm-12 col-md-12 col-lg-8\"><\/div>\n<\/div>\n<div class=\"row justify-content-center\"><\/div>\n<\/div>\n[\/vc_column_text][\/vc_column][vc_column width=&#8221;1\/2&#8243; el_class=&#8221;contact-us__form-col contact-offset&#8221; offset=&#8221;vc_col-md-offset-1 vc_col-md-5&#8243; css=&#8221;.vc_custom_1683058734450{margin-bottom: 0px !important;}&#8221;]<h3 class=\"vcex-heading vcex-heading-plain vcex-module wpex-text-2xl wpex-font-normal vc_custom_1685345701132\"><span class=\"vcex-heading-inner wpex-inline-block\">Kontaktaufnahme<\/span><\/h3>[vc_raw_html el_class=&#8221;form form&#8211;hubspot form&#8211;contact contact-us__form&#8221;]JTNDc2NyaXB0JTIwY2hhcnNldCUzRCUyMnV0Zi04JTIyJTIwdHlwZSUzRCUyMnRleHQlMkZqYXZhc2NyaXB0JTIyJTIwc3JjJTNEJTIyJTJGJTJGanMuaHNmb3Jtcy5uZXQlMkZmb3JtcyUyRmVtYmVkJTJGdjIuanMlMjIlM0UlM0MlMkZzY3JpcHQlM0UlMEElM0NzY3JpcHQlM0UlMEElMjAlMjBoYnNwdC5mb3Jtcy5jcmVhdGUlMjglN0IlMEElMjAlMjAlMjAlMjByZWdpb24lM0ElMjAlMjJuYTElMjIlMkMlMEElMjAlMjAlMjAlMjBwb3J0YWxJZCUzQSUyMCUyMjc1MjgzNjclMjIlMkMlMEElMjAlMjAlMjAlMjBmb3JtSWQlM0ElMjAlMjJhYmY5MDk5Zi03M2U4LTQ5ZTYtYjA0My0wM2JmYTdiNTYwOWUlMjIlMEElMjAlMjAlN0QlMjklM0IlMEElM0MlMkZzY3JpcHQlM0U=[\/vc_raw_html][\/vc_column][\/vc_row][\/vc_section][vc_row full_width=&#8221;stretch_row&#8221; typography_style=&#8221;white&#8221; css=&#8221;.vc_custom_1683059239058{background-color: #001F60 !important;}&#8221; el_class=&#8221;contact-us-mobile-spacing&#8221;][vc_column width=&#8221;1\/2&#8243;]<h2 class=\"vcex-heading vcex-heading-plain vcex-module wpex-text-2xl wpex-font-normal\"><span class=\"vcex-heading-inner wpex-inline-block\">Unsere Standorte<\/span><\/h2>[vc_row_inner css=&#8221;.vc_custom_1683059145134{padding-top: 30px !important;}&#8221;][vc_column_inner width=&#8221;1\/2&#8243;]<style>.vcex-heading.vcex_69f30ba4737a0{font-weight:700;}<\/style><div class=\"vcex-heading vcex-heading-plain vcex-module wpex-text-2xl wpex-font-normal vc_custom_1683057798743 text-xl vcex_69f30ba4737a0\"><span class=\"vcex-heading-inner wpex-inline-block\">Nordamerika<\/span><\/div>[vc_column_text css=&#8221;.vc_custom_1746642355798{margin-bottom: 25px !important;}&#8221;]<strong>Sunnyvale, Kalifornien<\/strong><br \/>\n330 Gibraltar Drive<br \/>\nSunnyvale, CA 94089<br \/>\nTelefon: 650-488-8500<br \/>\nE-Mail: <a href=\"mailto:contact@sonatus.com\">contact@sonatus.com<\/a>[\/vc_column_text][vc_column_text css=&#8221;.vc_custom_1737147419283{margin-bottom: 25px !important;}&#8221;]\n<p class=\"p1\"><strong>Los Angeles, Kalifornien<\/strong><\/p>\n[\/vc_column_text][vc_column_text css=&#8221;.vc_custom_1683058150134{margin-bottom: 25px !important;}&#8221;]<strong>Detroit, Michigan<\/strong>[\/vc_column_text][vc_column_text css=&#8221;.vc_custom_1737147434311{margin-bottom: 25px !important;}&#8221;]\n<p class=\"p1\"><strong>New York, NY<\/strong><\/p>\n[\/vc_column_text][vc_column_text css=&#8221;.vc_custom_1737147447156{margin-bottom: 25px !important;}&#8221;]\n<p class=\"p1\"><strong>Mississauga, Kanada<\/strong><\/p>\n[\/vc_column_text][\/vc_column_inner][vc_column_inner width=&#8221;1\/2&#8243; offset=&#8221;vc_col-md-offset-1 vc_col-md-5&#8243;]<style>.vcex-heading.vcex_69f30ba473b84{font-weight:700;}<\/style><div class=\"vcex-heading vcex-heading-plain vcex-module wpex-text-2xl wpex-font-normal vc_custom_1746642441460 text-xl vcex_69f30ba473b84\"><span class=\"vcex-heading-inner wpex-inline-block\">International<\/span><\/div>[vc_column_text css=&#8221;.vc_custom_1752014325876{margin-bottom: 10px !important;}&#8221;]<b>Dublin, Irland<\/b><br \/>\n<strong>Sonatus Ireland Limited<\/strong><br \/>\n1st Floor<br \/>\nIndigo Building<br \/>\n28\/29 Sir John Rogerson&#8217;s Quay<br \/>\nDublin 2<br \/>\nD02 W529<br \/>\nPhone: +353 1 964 9133[\/vc_column_text][vc_column_text css=&#8221;.vc_custom_1683058188304{margin-bottom: 10px !important;}&#8221;]<strong>Paris, Frankreich<\/strong>[\/vc_column_text][vc_column_text css=&#8221;.vc_custom_1737147495599{margin-bottom: 10px !important;}&#8221;]\n<p class=\"p1\"><strong>Frankfurt, Deutschland<\/strong><\/p>\n[\/vc_column_text][vc_column_text css=&#8221;.vc_custom_1729639915700{margin-bottom: 10px !important;}&#8221;]<strong>Krakau, Polen<\/strong>[\/vc_column_text][vc_column_text css=&#8221;.vc_custom_1729639935071{margin-bottom: 10px !important;}&#8221;]<strong>Breslau, Polen<\/strong>[\/vc_column_text][vc_column_text css=&#8221;.vc_custom_1737147481809{margin-bottom: 10px !important;}&#8221;]\n<p class=\"p1\"><strong>Warschau, Polen<\/strong><\/p>\n[\/vc_column_text]<style>.vcex-heading.vcex_69f30ba473f30{font-weight:700;}<\/style><div class=\"vcex-heading vcex-heading-plain vcex-module wpex-text-2xl wpex-font-normal hidden vc_custom_1746642370430 text-xl vcex_69f30ba473f30\"><span class=\"vcex-heading-inner wpex-inline-block\">Asien-Pazifik<\/span><\/div>[vc_column_text css=&#8221;.vc_custom_1737147512642{margin-bottom: 10px !important;}&#8221;]\n<p class=\"p1\"><strong>Seongnam, South Korea<\/strong><\/p>\n[\/vc_column_text][vc_column_text css=&#8221;.vc_custom_1683058341071{margin-bottom: 10px !important;}&#8221;]<strong>Shanghai, China<\/strong>[\/vc_column_text][vc_column_text css=&#8221;.vc_custom_1683058349879{margin-bottom: 10px !important;}&#8221;]<strong>Tokio, Japan<\/strong>[\/vc_column_text][vc_column_text css=&#8221;.vc_custom_1683058360121{margin-bottom: 10px !important;}&#8221;]<strong>Taipeh, Taiwan<\/strong>[\/vc_column_text][vc_column_text css=&#8221;.vc_custom_1737148125586{margin-bottom: 10px !important;}&#8221;]\n<p class=\"p1\"><strong>Bangalore, Indien<\/strong><\/p>\n[\/vc_column_text][vc_column_text css=&#8221;.vc_custom_1737148138983{margin-bottom: 10px !important;}&#8221;]\n<p class=\"p1\"><strong>Pune, Indien<\/strong><\/p>\n[\/vc_column_text][\/vc_column_inner][\/vc_row_inner][\/vc_column][\/vc_row]\n<\/section>","protected":false},"excerpt":{"rendered":"<p>[vc_section full_width=&#8221;stretch_row&#8221; el_class=&#8221;contact-us u-header-offset&#8221; css=&#8221;.vc_custom_1683058999074{background-image: url(https:\/\/www.sonatus.com\/wp-content\/uploads\/2023\/05\/contact-us-bg.jpg?id=200) !important;background-position: center !important;background-repeat: no-repeat !important;background-size: cover !important;}&#8221; wpex_bg_position=&#8221;center bottom&#8221;][vc_row el_class=&#8221;u-padding-top&#8211;md&#8221; css=&#8221;.vc_custom_1683058507219{padding-bottom: 0px !important;}&#8221;][vc_column width=&#8221;1\/2&#8243;&hellip;<\/p>\n","protected":false},"author":1,"featured_media":0,"parent":0,"menu_order":0,"comment_status":"closed","ping_status":"closed","template":"","meta":{"content-type":"","inline_featured_image":false,"footnotes":""},"class_list":["post-12647","page","type-page","status-publish","hentry","entry","no-media"],"acf":[],"yoast_head":"<!-- This site is optimized with the Yoast SEO Premium plugin v25.8 (Yoast SEO v26.0) - https:\/\/yoast.com\/wordpress\/plugins\/seo\/ -->\n<title>Kontaktieren Sie uns | Sonatus<\/title>\n<meta name=\"description\" content=\"Kontaktieren Sie uns, um mehr \u00fcber Sonatus, unsere Technologie und das gro\u00dfe Partnernetzwerk zu erfahren.\" \/>\n<meta name=\"robots\" content=\"index, follow, max-snippet:-1, max-image-preview:large, max-video-preview:-1\" \/>\n<link rel=\"canonical\" href=\"https:\/\/www.sonatus.com\/de\/kontaktieren-sie-uns\/\" \/>\n<meta property=\"og:locale\" content=\"de_DE\" \/>\n<meta property=\"og:type\" content=\"article\" \/>\n<meta property=\"og:title\" content=\"Kontaktieren Sie uns\" \/>\n<meta property=\"og:description\" content=\"Kontaktieren Sie uns, um mehr \u00fcber Sonatus, unsere Technologie und das gro\u00dfe Partnernetzwerk zu erfahren.\" \/>\n<meta property=\"og:url\" content=\"https:\/\/www.sonatus.com\/de\/kontaktieren-sie-uns\/\" \/>\n<meta property=\"og:site_name\" content=\"Sonatus\" \/>\n<meta property=\"article:modified_time\" content=\"2025-07-08T22:38:50+00:00\" \/>\n<meta property=\"og:image\" content=\"https:\/\/www.sonatus.com\/wp-content\/uploads\/2023\/05\/Sonatus-BlogCard.jpg\" \/>\n\t<meta property=\"og:image:width\" content=\"1200\" \/>\n\t<meta property=\"og:image:height\" content=\"800\" \/>\n\t<meta property=\"og:image:type\" content=\"image\/jpeg\" \/>\n<meta name=\"twitter:card\" content=\"summary_large_image\" \/>\n<meta name=\"twitter:label1\" content=\"Est. reading time\" \/>\n\t<meta name=\"twitter:data1\" content=\"2 minutes\" \/>\n<script type=\"application\/ld+json\" class=\"yoast-schema-graph\">{\"@context\":\"https:\/\/schema.org\",\"@graph\":[{\"@type\":\"WebPage\",\"@id\":\"https:\/\/www.sonatus.com\/de\/kontaktieren-sie-uns\/\",\"url\":\"https:\/\/www.sonatus.com\/de\/kontaktieren-sie-uns\/\",\"name\":\"Kontaktieren Sie uns | Sonatus\",\"isPartOf\":{\"@id\":\"https:\/\/www.sonatus.com\/de\/#website\"},\"datePublished\":\"2023-04-28T17:14:31+00:00\",\"dateModified\":\"2025-07-08T22:38:50+00:00\",\"description\":\"Kontaktieren Sie uns, um mehr \u00fcber Sonatus, unsere Technologie und das gro\u00dfe Partnernetzwerk zu erfahren.\",\"breadcrumb\":{\"@id\":\"https:\/\/www.sonatus.com\/de\/kontaktieren-sie-uns\/#breadcrumb\"},\"inLanguage\":\"de-DE\",\"potentialAction\":[{\"@type\":\"ReadAction\",\"target\":[\"https:\/\/www.sonatus.com\/de\/kontaktieren-sie-uns\/\"]}]},{\"@type\":\"BreadcrumbList\",\"@id\":\"https:\/\/www.sonatus.com\/de\/kontaktieren-sie-uns\/#breadcrumb\",\"itemListElement\":[{\"@type\":\"ListItem\",\"position\":1,\"name\":\"Home\",\"item\":\"https:\/\/www.sonatus.com\/de\/\"},{\"@type\":\"ListItem\",\"position\":2,\"name\":\"Kontaktieren Sie uns\"}]},{\"@type\":\"WebSite\",\"@id\":\"https:\/\/www.sonatus.com\/de\/#website\",\"url\":\"https:\/\/www.sonatus.com\/de\/\",\"name\":\"Sonatus\",\"description\":\"Accelerating Vehicle Software Innovation\",\"publisher\":{\"@id\":\"https:\/\/www.sonatus.com\/de\/#organization\"},\"potentialAction\":[{\"@type\":\"SearchAction\",\"target\":{\"@type\":\"EntryPoint\",\"urlTemplate\":\"https:\/\/www.sonatus.com\/de\/?s={search_term_string}\"},\"query-input\":{\"@type\":\"PropertyValueSpecification\",\"valueRequired\":true,\"valueName\":\"search_term_string\"}}],\"inLanguage\":\"de-DE\"},{\"@type\":\"Organization\",\"@id\":\"https:\/\/www.sonatus.com\/de\/#organization\",\"name\":\"Sonatus\",\"url\":\"https:\/\/www.sonatus.com\/de\/\",\"logo\":{\"@type\":\"ImageObject\",\"inLanguage\":\"de-DE\",\"@id\":\"https:\/\/www.sonatus.com\/de\/#\/schema\/logo\/image\/\",\"url\":\"https:\/\/www.sonatus.com\/wp-content\/uploads\/2023\/05\/sonatus-logo.svg\",\"contentUrl\":\"https:\/\/www.sonatus.com\/wp-content\/uploads\/2023\/05\/sonatus-logo.svg\",\"width\":202,\"height\":32,\"caption\":\"Sonatus\"},\"image\":{\"@id\":\"https:\/\/www.sonatus.com\/de\/#\/schema\/logo\/image\/\"},\"sameAs\":[\"https:\/\/www.linkedin.com\/company\/sonatus\/\"]}]}<\/script>\n<!-- \/ Yoast SEO Premium plugin. -->","yoast_head_json":{"title":"Kontaktieren Sie uns | Sonatus","description":"Kontaktieren Sie uns, um mehr \u00fcber Sonatus, unsere Technologie und das gro\u00dfe Partnernetzwerk zu erfahren.","robots":{"index":"index","follow":"follow","max-snippet":"max-snippet:-1","max-image-preview":"max-image-preview:large","max-video-preview":"max-video-preview:-1"},"canonical":"https:\/\/www.sonatus.com\/de\/kontaktieren-sie-uns\/","og_locale":"de_DE","og_type":"article","og_title":"Kontaktieren Sie uns","og_description":"Kontaktieren Sie uns, um mehr \u00fcber Sonatus, unsere Technologie und das gro\u00dfe Partnernetzwerk zu erfahren.","og_url":"https:\/\/www.sonatus.com\/de\/kontaktieren-sie-uns\/","og_site_name":"Sonatus","article_modified_time":"2025-07-08T22:38:50+00:00","og_image":[{"width":1200,"height":800,"url":"https:\/\/www.sonatus.com\/wp-content\/uploads\/2023\/05\/Sonatus-BlogCard.jpg","type":"image\/jpeg"}],"twitter_card":"summary_large_image","twitter_misc":{"Est. reading time":"2 minutes"},"schema":{"@context":"https:\/\/schema.org","@graph":[{"@type":"WebPage","@id":"https:\/\/www.sonatus.com\/de\/kontaktieren-sie-uns\/","url":"https:\/\/www.sonatus.com\/de\/kontaktieren-sie-uns\/","name":"Kontaktieren Sie uns | Sonatus","isPartOf":{"@id":"https:\/\/www.sonatus.com\/de\/#website"},"datePublished":"2023-04-28T17:14:31+00:00","dateModified":"2025-07-08T22:38:50+00:00","description":"Kontaktieren Sie uns, um mehr \u00fcber Sonatus, unsere Technologie und das gro\u00dfe Partnernetzwerk zu erfahren.","breadcrumb":{"@id":"https:\/\/www.sonatus.com\/de\/kontaktieren-sie-uns\/#breadcrumb"},"inLanguage":"de-DE","potentialAction":[{"@type":"ReadAction","target":["https:\/\/www.sonatus.com\/de\/kontaktieren-sie-uns\/"]}]},{"@type":"BreadcrumbList","@id":"https:\/\/www.sonatus.com\/de\/kontaktieren-sie-uns\/#breadcrumb","itemListElement":[{"@type":"ListItem","position":1,"name":"Home","item":"https:\/\/www.sonatus.com\/de\/"},{"@type":"ListItem","position":2,"name":"Kontaktieren Sie uns"}]},{"@type":"WebSite","@id":"https:\/\/www.sonatus.com\/de\/#website","url":"https:\/\/www.sonatus.com\/de\/","name":"Sonatus","description":"Accelerating Vehicle Software Innovation","publisher":{"@id":"https:\/\/www.sonatus.com\/de\/#organization"},"potentialAction":[{"@type":"SearchAction","target":{"@type":"EntryPoint","urlTemplate":"https:\/\/www.sonatus.com\/de\/?s={search_term_string}"},"query-input":{"@type":"PropertyValueSpecification","valueRequired":true,"valueName":"search_term_string"}}],"inLanguage":"de-DE"},{"@type":"Organization","@id":"https:\/\/www.sonatus.com\/de\/#organization","name":"Sonatus","url":"https:\/\/www.sonatus.com\/de\/","logo":{"@type":"ImageObject","inLanguage":"de-DE","@id":"https:\/\/www.sonatus.com\/de\/#\/schema\/logo\/image\/","url":"https:\/\/www.sonatus.com\/wp-content\/uploads\/2023\/05\/sonatus-logo.svg","contentUrl":"https:\/\/www.sonatus.com\/wp-content\/uploads\/2023\/05\/sonatus-logo.svg","width":202,"height":32,"caption":"Sonatus"},"image":{"@id":"https:\/\/www.sonatus.com\/de\/#\/schema\/logo\/image\/"},"sameAs":["https:\/\/www.linkedin.com\/company\/sonatus\/"]}]}},"_links":{"self":[{"href":"https:\/\/www.sonatus.com\/de\/wp-json\/wp\/v2\/pages\/12647","targetHints":{"allow":["GET"]}}],"collection":[{"href":"https:\/\/www.sonatus.com\/de\/wp-json\/wp\/v2\/pages"}],"about":[{"href":"https:\/\/www.sonatus.com\/de\/wp-json\/wp\/v2\/types\/page"}],"author":[{"embeddable":true,"href":"https:\/\/www.sonatus.com\/de\/wp-json\/wp\/v2\/users\/1"}],"replies":[{"embeddable":true,"href":"https:\/\/www.sonatus.com\/de\/wp-json\/wp\/v2\/comments?post=12647"}],"version-history":[{"count":26,"href":"https:\/\/www.sonatus.com\/de\/wp-json\/wp\/v2\/pages\/12647\/revisions"}],"predecessor-version":[{"id":27214,"href":"https:\/\/www.sonatus.com\/de\/wp-json\/wp\/v2\/pages\/12647\/revisions\/27214"}],"wp:attachment":[{"href":"https:\/\/www.sonatus.com\/de\/wp-json\/wp\/v2\/media?parent=12647"}],"curies":[{"name":"wp","href":"https:\/\/api.w.org\/{rel}","templated":true}]}}